{"id":7012,"date":"2025-07-08T11:23:07","date_gmt":"2025-07-08T11:23:07","guid":{"rendered":"https:\/\/bluebirdtourstravel.com\/product\/willemstad-excursion-a-la-cueva-de-hato-los-flamencos-y-la-playa-de-las-tortugas\/"},"modified":"2026-03-26T14:32:20","modified_gmt":"2026-03-26T14:32:20","slug":"willemstad-excursion-a-la-cueva-de-hato-los-flamencos-y-la-playa-de-las-tortugas","status":"publish","type":"product","link":"https:\/\/bluebirdtourstravel.com\/es\/producto\/willemstad-excursion-a-la-cueva-de-hato-los-flamencos-y-la-playa-de-las-tortugas\/","title":{"rendered":"Willemstad: Excursi\u00f3n a la Cueva de Hato, los Flamencos y la Playa de las Tortugas (Cura\u00e7ao)"},"content":{"rendered":"<section class=\"activity-description\">Vive las maravillas naturales de Curazao en una excursi\u00f3n de un d\u00eda multifac\u00e9tica que re\u00fane cuevas subterr\u00e1neas, experiencias \u00fanicas con la fauna y playas id\u00edlicas. Este tour cuidadosamente seleccionado te llevar\u00e1 por algunos de los paisajes m\u00e1s impresionantes de la isla. Descubrir\u00e1s el mundo m\u00edstico de las cuevas antiguas, conocer\u00e1s animales ic\u00f3nicos en su h\u00e1bitat natural y disfrutar\u00e1s de la relajaci\u00f3n junto a mares cristalinos. Acompa\u00f1ado de un gu\u00eda experto, aprender\u00e1s m\u00e1s sobre la geolog\u00eda, la naturaleza y la historia de Curazao, mientras te dar\u00e1s tiempo suficiente para nadar, hacer esn\u00f3rquel y disfrutar del ambiente isle\u00f1o. Este tour ofrece un equilibrio perfecto entre aventura, experiencia natural y relajaci\u00f3n.    <\/section>\n","protected":false},"excerpt":{"rendered":"<p>Vive las maravillas naturales de Curazao en una excursi\u00f3n de un d\u00eda multifac\u00e9tica que re\u00fane cuevas subterr\u00e1neas, experiencias \u00fanicas con [&hellip;]<\/p>\n","protected":false},"featured_media":7010,"comment_status":"open","ping_status":"closed","template":"","meta":{"_acf_changed":false,"site-sidebar-layout":"default","site-content-layout":"","ast-site-content-layout":"default","site-content-style":"default","site-sidebar-style":"default","ast-global-header-display":"","ast-banner-title-visibility":"","ast-main-header-display":"","ast-hfb-above-header-display":"","ast-hfb-below-header-display":"","ast-hfb-mobile-header-display":"","site-post-title":"","ast-breadcrumbs-content":"","ast-featured-img":"","footer-sml-layout":"","ast-disable-related-posts":"","theme-transparent-header-meta":"default","adv-header-id-meta":"","stick-header-meta":"","header-above-stick-meta":"","header-main-stick-meta":"","header-below-stick-meta":"","astra-migrate-meta-layouts":"default","ast-page-background-enabled":"default","ast-page-background-meta":{"desktop":{"background-color":"var(--ast-global-color-4)","background-image":"","background-repeat":"repeat","background-position":"center center","background-size":"auto","background-attachment":"scroll","background-type":"","background-media":"","overlay-type":"","overlay-color":"","overlay-opacity":"","overlay-gradient":""},"tablet":{"background-color":"","background-image":"","background-repeat":"repeat","background-position":"center center","background-size":"auto","background-attachment":"scroll","background-type":"","background-media":"","overlay-type":"","overlay-color":"","overlay-opacity":"","overlay-gradient":""},"mobile":{"background-color":"","background-image":"","background-repeat":"repeat","background-position":"center center","background-size":"auto","background-attachment":"scroll","background-type":"","background-media":"","overlay-type":"","overlay-color":"","overlay-opacity":"","overlay-gradient":""}},"ast-content-background-meta":{"desktop":{"background-color":"var(--ast-global-color-5)","background-image":"","background-repeat":"repeat","background-position":"center center","background-size":"auto","background-attachment":"scroll","background-type":"","background-media":"","overlay-type":"","overlay-color":"","overlay-opacity":"","overlay-gradient":""},"tablet":{"background-color":"var(--ast-global-color-5)","background-image":"","background-repeat":"repeat","background-position":"center center","background-size":"auto","background-attachment":"scroll","background-type":"","background-media":"","overlay-type":"","overlay-color":"","overlay-opacity":"","overlay-gradient":""},"mobile":{"background-color":"var(--ast-global-color-5)","background-image":"","background-repeat":"repeat","background-position":"center center","background-size":"auto","background-attachment":"scroll","background-type":"","background-media":"","overlay-type":"","overlay-color":"","overlay-opacity":"","overlay-gradient":""}}},"activiteit-bron":[576,578,583],"product_brand":[],"product_cat":[154,170,223,132],"product_tag":[257],"class_list":{"0":"post-7012","1":"product","2":"type-product","3":"status-publish","4":"has-post-thumbnail","6":"activiteit-bron-eigen-netwerk","7":"activiteit-bron-gyg","8":"activiteit-bron-red-propia-curazao","9":"product_cat-buceo-y-snorkel","10":"product_cat-curacao-es","11":"product_cat-gyg-es","12":"product_cat-naturaleza-y-cultura","13":"product_tag-snorkel-en-curacao","14":"desktop-align-left","15":"tablet-align-left","16":"mobile-align-left","18":"first","19":"instock","20":"sale","21":"featured","22":"shipping-taxable","23":"product-type-external"},"acf":[],"_links":{"self":[{"href":"https:\/\/bluebirdtourstravel.com\/es\/wp-json\/wp\/v2\/product\/7012","targetHints":{"allow":["GET"]}}],"collection":[{"href":"https:\/\/bluebirdtourstravel.com\/es\/wp-json\/wp\/v2\/product"}],"about":[{"href":"https:\/\/bluebirdtourstravel.com\/es\/wp-json\/wp\/v2\/types\/product"}],"replies":[{"embeddable":true,"href":"https:\/\/bluebirdtourstravel.com\/es\/wp-json\/wp\/v2\/comments?post=7012"}],"wp:featuredmedia":[{"embeddable":true,"href":"https:\/\/bluebirdtourstravel.com\/es\/wp-json\/wp\/v2\/media\/7010"}],"wp:attachment":[{"href":"https:\/\/bluebirdtourstravel.com\/es\/wp-json\/wp\/v2\/media?parent=7012"}],"wp:term":[{"taxonomy":"activiteit-bron","embeddable":true,"href":"https:\/\/bluebirdtourstravel.com\/es\/wp-json\/wp\/v2\/activiteit-bron?post=7012"},{"taxonomy":"product_brand","embeddable":true,"href":"https:\/\/bluebirdtourstravel.com\/es\/wp-json\/wp\/v2\/product_brand?post=7012"},{"taxonomy":"product_cat","embeddable":true,"href":"https:\/\/bluebirdtourstravel.com\/es\/wp-json\/wp\/v2\/product_cat?post=7012"},{"taxonomy":"product_tag","embeddable":true,"href":"https:\/\/bluebirdtourstravel.com\/es\/wp-json\/wp\/v2\/product_tag?post=7012"}],"curies":[{"name":"wp","href":"https:\/\/api.w.org\/{rel}","templated":true}]}}