{"id":6711,"date":"2024-06-15T02:20:13","date_gmt":"2024-06-15T02:20:13","guid":{"rendered":"https:\/\/bbtt.webdeveloperz.nl\/product\/introduccion-a-la-fotografia-submarina-bonaire\/"},"modified":"2025-09-04T11:44:23","modified_gmt":"2025-09-04T11:44:23","slug":"introduccion-a-la-fotografia-submarina-bonaire","status":"publish","type":"product","link":"https:\/\/bluebirdtourstravel.com\/es\/producto\/introduccion-a-la-fotografia-submarina-bonaire\/","title":{"rendered":"Introducci\u00f3n a la Fotograf\u00eda Submarina (Bonaire)"},"content":{"rendered":"<p>\u00a1Descubre la vida submarina de Bonaire! Se trata de uno de los arrecifes de coral m\u00e1s bellos del mundo, en el que podr\u00e1s disfrutar tanto <a href=\"https:\/\/bluebirdtourstravel.com\/es\/actividad\/buceo-en-bonaire\/\">buceando<\/a> como <a href=\"https:\/\/bluebirdtourstravel.com\/es\/actividad\/esnorquel-en-bonaire\/\">haciendo snorkel<\/a>. El agua es muy clara y hay mucho que ver y descubrir.  <\/p>\n<p>\u00bfNunca has tenido una c\u00e1mara en tus manos? \u00bfNo tienes ni idea de si te gustar\u00eda invertir en un sistema de c\u00e1maras?<br \/>\nIntenta una introducci\u00f3n, nosotros llevamos la c\u00e1mara, t\u00fa s\u00f3lo tr\u00e1ete a ti mismo.<\/p>\n<p><strong>Cu\u00e1ndo:<\/strong> A petici\u00f3n<\/p>\n<p><strong>Horario del curso: <\/strong>Comienza a las 09:00<\/p>\n<p><strong>Idiomas<\/strong> Holand\u00e9s, ingl\u00e9s y alem\u00e1n<\/p>\n<p><strong>Incluye:<\/strong> Breve sesi\u00f3n te\u00f3rica y 1 inmersi\u00f3n<\/p>\n<p><strong>Cancela<\/strong><\/p>\n<p>Si cancelas antes de 48 horas, recibir\u00e1s un reembolso completo.<\/p>\n<p>Si cancelas antes de 48 horas, recibir\u00e1s un reembolso del 75%.<\/p>\n<p>&nbsp;<\/p>\n","protected":false},"excerpt":{"rendered":"<p>\u00a1Descubre la vida submarina de Bonaire! Se trata de uno de los arrecifes de coral m\u00e1s bellos del mundo, en [&hellip;]<\/p>\n","protected":false},"featured_media":4648,"comment_status":"closed","ping_status":"closed","template":"","meta":{"_acf_changed":false,"site-sidebar-layout":"default","site-content-layout":"","ast-site-content-layout":"default","site-content-style":"default","site-sidebar-style":"default","ast-global-header-display":"","ast-banner-title-visibility":"","ast-main-header-display":"","ast-hfb-above-header-display":"","ast-hfb-below-header-display":"","ast-hfb-mobile-header-display":"","site-post-title":"","ast-breadcrumbs-content":"","ast-featured-img":"","footer-sml-layout":"","ast-disable-related-posts":"","theme-transparent-header-meta":"default","adv-header-id-meta":"","stick-header-meta":"","header-above-stick-meta":"","header-main-stick-meta":"","header-below-stick-meta":"","astra-migrate-meta-layouts":"default","ast-page-background-enabled":"default","ast-page-background-meta":{"desktop":{"background-color":"var(--ast-global-color-4)","background-image":"","background-repeat":"repeat","background-position":"center center","background-size":"auto","background-attachment":"scroll","background-type":"","background-media":"","overlay-type":"","overlay-color":"","overlay-opacity":"","overlay-gradient":""},"tablet":{"background-color":"","background-image":"","background-repeat":"repeat","background-position":"center center","background-size":"auto","background-attachment":"scroll","background-type":"","background-media":"","overlay-type":"","overlay-color":"","overlay-opacity":"","overlay-gradient":""},"mobile":{"background-color":"","background-image":"","background-repeat":"repeat","background-position":"center center","background-size":"auto","background-attachment":"scroll","background-type":"","background-media":"","overlay-type":"","overlay-color":"","overlay-opacity":"","overlay-gradient":""}},"ast-content-background-meta":{"desktop":{"background-color":"var(--ast-global-color-5)","background-image":"","background-repeat":"repeat","background-position":"center center","background-size":"auto","background-attachment":"scroll","background-type":"","background-media":"","overlay-type":"","overlay-color":"","overlay-opacity":"","overlay-gradient":""},"tablet":{"background-color":"var(--ast-global-color-5)","background-image":"","background-repeat":"repeat","background-position":"center center","background-size":"auto","background-attachment":"scroll","background-type":"","background-media":"","overlay-type":"","overlay-color":"","overlay-opacity":"","overlay-gradient":""},"mobile":{"background-color":"var(--ast-global-color-5)","background-image":"","background-repeat":"repeat","background-position":"center center","background-size":"auto","background-attachment":"scroll","background-type":"","background-media":"","overlay-type":"","overlay-color":"","overlay-opacity":"","overlay-gradient":""}}},"activiteit-bron":[518],"product_brand":[],"product_cat":[133,154],"product_tag":[135,140,134,152,155,145,197,494,162],"class_list":{"0":"post-6711","1":"product","2":"type-product","3":"status-publish","4":"has-post-thumbnail","6":"activiteit-bron-eigen-netwerk","7":"product_cat-bonaire-es","8":"product_cat-buceo-y-snorkel","9":"product_tag-actividades","10":"product_tag-aventurero","11":"product_tag-bonaire-es","12":"product_tag-buceo","13":"product_tag-cafetera","14":"product_tag-fotografia","15":"product_tag-fotografia-submarina","16":"product_tag-fotografia-submarina-en-bonaire","17":"product_tag-solo-adultos","18":"desktop-align-left","19":"tablet-align-left","20":"mobile-align-left","22":"first","23":"instock","24":"virtual","25":"purchasable","26":"product-type-simple"},"acf":[],"_links":{"self":[{"href":"https:\/\/bluebirdtourstravel.com\/es\/wp-json\/wp\/v2\/product\/6711","targetHints":{"allow":["GET"]}}],"collection":[{"href":"https:\/\/bluebirdtourstravel.com\/es\/wp-json\/wp\/v2\/product"}],"about":[{"href":"https:\/\/bluebirdtourstravel.com\/es\/wp-json\/wp\/v2\/types\/product"}],"replies":[{"embeddable":true,"href":"https:\/\/bluebirdtourstravel.com\/es\/wp-json\/wp\/v2\/comments?post=6711"}],"wp:featuredmedia":[{"embeddable":true,"href":"https:\/\/bluebirdtourstravel.com\/es\/wp-json\/wp\/v2\/media\/4648"}],"wp:attachment":[{"href":"https:\/\/bluebirdtourstravel.com\/es\/wp-json\/wp\/v2\/media?parent=6711"}],"wp:term":[{"taxonomy":"activiteit-bron","embeddable":true,"href":"https:\/\/bluebirdtourstravel.com\/es\/wp-json\/wp\/v2\/activiteit-bron?post=6711"},{"taxonomy":"product_brand","embeddable":true,"href":"https:\/\/bluebirdtourstravel.com\/es\/wp-json\/wp\/v2\/product_brand?post=6711"},{"taxonomy":"product_cat","embeddable":true,"href":"https:\/\/bluebirdtourstravel.com\/es\/wp-json\/wp\/v2\/product_cat?post=6711"},{"taxonomy":"product_tag","embeddable":true,"href":"https:\/\/bluebirdtourstravel.com\/es\/wp-json\/wp\/v2\/product_tag?post=6711"}],"curies":[{"name":"wp","href":"https:\/\/api.w.org\/{rel}","templated":true}]}}