{"id":6690,"date":"2024-08-25T23:55:45","date_gmt":"2024-08-25T23:55:45","guid":{"rendered":"https:\/\/bbtt.webdeveloperz.nl\/product\/safari-en-jeep-por-el-interior-surinam\/"},"modified":"2026-03-26T14:43:49","modified_gmt":"2026-03-26T14:43:49","slug":"safari-en-jeep-por-el-interior-surinam","status":"publish","type":"product","link":"https:\/\/bluebirdtourstravel.com\/es\/producto\/safari-en-jeep-por-el-interior-surinam\/","title":{"rendered":"Safari en jeep por el interior (Surinam)"},"content":{"rendered":"<section class=\"activity-description\">Este tour Safari en Jeep te lleva a lo m\u00e1s profundo de la v\u00edrgene sabana de Surinam y te permite experimentar la naturaleza como pocos viajeros lo hacen. En un potente jeep 4&#215;4 o pick-up conducir\u00e1s por senderos arenosos y por terrenos accidentados, pasando por vastas sabanas, bosques densos y caracter\u00edsticos arroyos de aguas negras. A lo largo del camino, experimenta el silencio y la belleza cruda del paisaje mientras tu gu\u00eda te cuenta m\u00e1s sobre la zona y sus ecosistemas \u00fanicos. La alternancia entre conducir, breves momentos de paseo y tiempo para relajarse convierte este tour en una experiencia completa en la naturaleza. A mitad del d\u00eda, hay espacio para disfrutar de la comida y, para quienes lo deseen, un refrescante chapuz\u00f3n en el oscuro agua del arroyo. Este safari es ideal para viajeros que quieren combinar aventura con naturaleza, confort y conocimiento local.     <\/section>\n","protected":false},"excerpt":{"rendered":"<p>Este tour Safari en Jeep te lleva a lo m\u00e1s profundo de la v\u00edrgene sabana de Surinam y te permite [&hellip;]<\/p>\n","protected":false},"featured_media":5014,"comment_status":"closed","ping_status":"closed","template":"","meta":{"_acf_changed":false,"site-sidebar-layout":"default","site-content-layout":"","ast-site-content-layout":"default","site-content-style":"default","site-sidebar-style":"default","ast-global-header-display":"","ast-banner-title-visibility":"","ast-main-header-display":"","ast-hfb-above-header-display":"","ast-hfb-below-header-display":"","ast-hfb-mobile-header-display":"","site-post-title":"","ast-breadcrumbs-content":"","ast-featured-img":"","footer-sml-layout":"","ast-disable-related-posts":"","theme-transparent-header-meta":"default","adv-header-id-meta":"","stick-header-meta":"","header-above-stick-meta":"","header-main-stick-meta":"","header-below-stick-meta":"","astra-migrate-meta-layouts":"default","ast-page-background-enabled":"default","ast-page-background-meta":{"desktop":{"background-color":"var(--ast-global-color-4)","background-image":"","background-repeat":"repeat","background-position":"center center","background-size":"auto","background-attachment":"scroll","background-type":"","background-media":"","overlay-type":"","overlay-color":"","overlay-opacity":"","overlay-gradient":""},"tablet":{"background-color":"","background-image":"","background-repeat":"repeat","background-position":"center center","background-size":"auto","background-attachment":"scroll","background-type":"","background-media":"","overlay-type":"","overlay-color":"","overlay-opacity":"","overlay-gradient":""},"mobile":{"background-color":"","background-image":"","background-repeat":"repeat","background-position":"center center","background-size":"auto","background-attachment":"scroll","background-type":"","background-media":"","overlay-type":"","overlay-color":"","overlay-opacity":"","overlay-gradient":""}},"ast-content-background-meta":{"desktop":{"background-color":"var(--ast-global-color-5)","background-image":"","background-repeat":"repeat","background-position":"center center","background-size":"auto","background-attachment":"scroll","background-type":"","background-media":"","overlay-type":"","overlay-color":"","overlay-opacity":"","overlay-gradient":""},"tablet":{"background-color":"var(--ast-global-color-5)","background-image":"","background-repeat":"repeat","background-position":"center center","background-size":"auto","background-attachment":"scroll","background-type":"","background-media":"","overlay-type":"","overlay-color":"","overlay-opacity":"","overlay-gradient":""},"mobile":{"background-color":"var(--ast-global-color-5)","background-image":"","background-repeat":"repeat","background-position":"center center","background-size":"auto","background-attachment":"scroll","background-type":"","background-media":"","overlay-type":"","overlay-color":"","overlay-opacity":"","overlay-gradient":""}}},"activiteit-bron":[],"product_brand":[],"product_cat":[132,144],"product_tag":[135,137,136,140,138,466,146],"class_list":{"0":"post-6690","1":"product","2":"type-product","3":"status-publish","4":"has-post-thumbnail","6":"product_cat-naturaleza-y-cultura","7":"product_cat-surinam","8":"product_tag-actividades","9":"product_tag-aire-acondicionado","10":"product_tag-apto-para-ninos","11":"product_tag-aventurero","12":"product_tag-naturaleza","13":"product_tag-naturaleza-en-surinam","14":"product_tag-surinam","15":"desktop-align-left","16":"tablet-align-left","17":"mobile-align-left","19":"first","20":"instock","21":"featured","22":"virtual","23":"purchasable","24":"product-type-simple"},"acf":[],"_links":{"self":[{"href":"https:\/\/bluebirdtourstravel.com\/es\/wp-json\/wp\/v2\/product\/6690","targetHints":{"allow":["GET"]}}],"collection":[{"href":"https:\/\/bluebirdtourstravel.com\/es\/wp-json\/wp\/v2\/product"}],"about":[{"href":"https:\/\/bluebirdtourstravel.com\/es\/wp-json\/wp\/v2\/types\/product"}],"replies":[{"embeddable":true,"href":"https:\/\/bluebirdtourstravel.com\/es\/wp-json\/wp\/v2\/comments?post=6690"}],"wp:featuredmedia":[{"embeddable":true,"href":"https:\/\/bluebirdtourstravel.com\/es\/wp-json\/wp\/v2\/media\/5014"}],"wp:attachment":[{"href":"https:\/\/bluebirdtourstravel.com\/es\/wp-json\/wp\/v2\/media?parent=6690"}],"wp:term":[{"taxonomy":"activiteit-bron","embeddable":true,"href":"https:\/\/bluebirdtourstravel.com\/es\/wp-json\/wp\/v2\/activiteit-bron?post=6690"},{"taxonomy":"product_brand","embeddable":true,"href":"https:\/\/bluebirdtourstravel.com\/es\/wp-json\/wp\/v2\/product_brand?post=6690"},{"taxonomy":"product_cat","embeddable":true,"href":"https:\/\/bluebirdtourstravel.com\/es\/wp-json\/wp\/v2\/product_cat?post=6690"},{"taxonomy":"product_tag","embeddable":true,"href":"https:\/\/bluebirdtourstravel.com\/es\/wp-json\/wp\/v2\/product_tag?post=6690"}],"curies":[{"name":"wp","href":"https:\/\/api.w.org\/{rel}","templated":true}]}}