{"id":6678,"date":"2024-09-06T19:55:41","date_gmt":"2024-09-06T19:55:41","guid":{"rendered":"https:\/\/bbtt.webdeveloperz.nl\/product\/12-piezas-tarjeta-tanque-bonaire\/"},"modified":"2026-03-26T14:27:35","modified_gmt":"2026-03-26T14:27:35","slug":"12-piezas-tarjeta-tanque-bonaire","status":"publish","type":"product","link":"https:\/\/bluebirdtourstravel.com\/es\/producto\/12-piezas-tarjeta-tanque-bonaire\/","title":{"rendered":"12 piezas tarjeta tanque (Bonaire)"},"content":{"rendered":"<section class=\"activity-description\">Bucear y hacer esn\u00f3rquel en Bonaire significa explorar uno de los arrecifes de coral m\u00e1s impresionantes del mundo. Las aguas excepcionalmente claras y la rica biodiversidad hacen que cada buceo o sesi\u00f3n de snorkel sea una experiencia \u00fanica. Tanto si eres un buceador experimentado como si prefieres hacer esn\u00f3rquel en la superficie, el mundo submarino de Bonaire ofrece una colorida exhibici\u00f3n de corales, peces tropicales y otras formas marinas. Para buceadores certificados, hay varias opciones, como inmersiones guiadas y en barco, y puedes ampliar tu experiencia para incluir fotograf\u00eda submarina. Adem\u00e1s, es posible bucear de forma flexible con tarjeta de combustible, para que puedas disfrutar plenamente de esta reserva natural protegida a tu propio ritmo.    <\/section>\n","protected":false},"excerpt":{"rendered":"<p>Bucear y hacer esn\u00f3rquel en Bonaire significa explorar uno de los arrecifes de coral m\u00e1s impresionantes del mundo. Las aguas [&hellip;]<\/p>\n","protected":false},"featured_media":5182,"comment_status":"closed","ping_status":"closed","template":"","meta":{"_acf_changed":false,"site-sidebar-layout":"default","site-content-layout":"","ast-site-content-layout":"default","site-content-style":"default","site-sidebar-style":"default","ast-global-header-display":"","ast-banner-title-visibility":"","ast-main-header-display":"","ast-hfb-above-header-display":"","ast-hfb-below-header-display":"","ast-hfb-mobile-header-display":"","site-post-title":"","ast-breadcrumbs-content":"","ast-featured-img":"","footer-sml-layout":"","ast-disable-related-posts":"","theme-transparent-header-meta":"default","adv-header-id-meta":"","stick-header-meta":"","header-above-stick-meta":"","header-main-stick-meta":"","header-below-stick-meta":"","astra-migrate-meta-layouts":"default","ast-page-background-enabled":"default","ast-page-background-meta":{"desktop":{"background-color":"var(--ast-global-color-4)","background-image":"","background-repeat":"repeat","background-position":"center center","background-size":"auto","background-attachment":"scroll","background-type":"","background-media":"","overlay-type":"","overlay-color":"","overlay-opacity":"","overlay-gradient":""},"tablet":{"background-color":"","background-image":"","background-repeat":"repeat","background-position":"center center","background-size":"auto","background-attachment":"scroll","background-type":"","background-media":"","overlay-type":"","overlay-color":"","overlay-opacity":"","overlay-gradient":""},"mobile":{"background-color":"","background-image":"","background-repeat":"repeat","background-position":"center center","background-size":"auto","background-attachment":"scroll","background-type":"","background-media":"","overlay-type":"","overlay-color":"","overlay-opacity":"","overlay-gradient":""}},"ast-content-background-meta":{"desktop":{"background-color":"var(--ast-global-color-5)","background-image":"","background-repeat":"repeat","background-position":"center center","background-size":"auto","background-attachment":"scroll","background-type":"","background-media":"","overlay-type":"","overlay-color":"","overlay-opacity":"","overlay-gradient":""},"tablet":{"background-color":"var(--ast-global-color-5)","background-image":"","background-repeat":"repeat","background-position":"center center","background-size":"auto","background-attachment":"scroll","background-type":"","background-media":"","overlay-type":"","overlay-color":"","overlay-opacity":"","overlay-gradient":""},"mobile":{"background-color":"var(--ast-global-color-5)","background-image":"","background-repeat":"repeat","background-position":"center center","background-size":"auto","background-attachment":"scroll","background-type":"","background-media":"","overlay-type":"","overlay-color":"","overlay-opacity":"","overlay-gradient":""}}},"activiteit-bron":[],"product_brand":[],"product_cat":[133,154],"product_tag":[135,134,152,155,158,405,153,411,409,421],"class_list":{"0":"post-6678","1":"product","2":"type-product","3":"status-publish","4":"has-post-thumbnail","6":"product_cat-bonaire-es","7":"product_cat-buceo-y-snorkel","8":"product_tag-actividades","9":"product_tag-bonaire-es","10":"product_tag-buceo","11":"product_tag-cafetera","12":"product_tag-deportes-acuaticos","13":"product_tag-deportes-acuaticos-en-bonaire","14":"product_tag-equipo-de-buceo","15":"product_tag-equipo-de-buceo-en-bonaire","16":"product_tag-esnorquel-en-bonaire","17":"product_tag-excursiones-en-bonaire","18":"desktop-align-left","19":"tablet-align-left","20":"mobile-align-left","22":"first","23":"instock","24":"featured","25":"purchasable","26":"product-type-variable","27":"has-default-attributes"},"acf":[],"_links":{"self":[{"href":"https:\/\/bluebirdtourstravel.com\/es\/wp-json\/wp\/v2\/product\/6678","targetHints":{"allow":["GET"]}}],"collection":[{"href":"https:\/\/bluebirdtourstravel.com\/es\/wp-json\/wp\/v2\/product"}],"about":[{"href":"https:\/\/bluebirdtourstravel.com\/es\/wp-json\/wp\/v2\/types\/product"}],"replies":[{"embeddable":true,"href":"https:\/\/bluebirdtourstravel.com\/es\/wp-json\/wp\/v2\/comments?post=6678"}],"wp:featuredmedia":[{"embeddable":true,"href":"https:\/\/bluebirdtourstravel.com\/es\/wp-json\/wp\/v2\/media\/5182"}],"wp:attachment":[{"href":"https:\/\/bluebirdtourstravel.com\/es\/wp-json\/wp\/v2\/media?parent=6678"}],"wp:term":[{"taxonomy":"activiteit-bron","embeddable":true,"href":"https:\/\/bluebirdtourstravel.com\/es\/wp-json\/wp\/v2\/activiteit-bron?post=6678"},{"taxonomy":"product_brand","embeddable":true,"href":"https:\/\/bluebirdtourstravel.com\/es\/wp-json\/wp\/v2\/product_brand?post=6678"},{"taxonomy":"product_cat","embeddable":true,"href":"https:\/\/bluebirdtourstravel.com\/es\/wp-json\/wp\/v2\/product_cat?post=6678"},{"taxonomy":"product_tag","embeddable":true,"href":"https:\/\/bluebirdtourstravel.com\/es\/wp-json\/wp\/v2\/product_tag?post=6678"}],"curies":[{"name":"wp","href":"https:\/\/api.w.org\/{rel}","templated":true}]}}