{"id":6677,"date":"2024-09-15T18:24:29","date_gmt":"2024-09-15T18:24:29","guid":{"rendered":"https:\/\/bbtt.webdeveloperz.nl\/product\/stinapa-nature-tag-bonaire\/"},"modified":"2026-03-26T14:27:44","modified_gmt":"2026-03-26T14:27:44","slug":"stinapa-nature-tag-bonaire","status":"publish","type":"product","link":"https:\/\/bluebirdtourstravel.com\/es\/producto\/stinapa-nature-tag-bonaire\/","title":{"rendered":"STINAPA Nature Tag (Bonaire)"},"content":{"rendered":"<section class=\"activity-description\">La Asignaci\u00f3n Natural <a title=\"stinapa bonaire\" class=\"aalmanual\" href=\"https:\/\/bluebirdtourstravel.com\/en\/product\/stinapa-nature-tag-bonaire\/\">STINAPA Bonaire<\/a> es una contribuci\u00f3n esencial para cualquiera que quiera visitar los parques naturales protegidos de Bonaire. Con este recargo, tendr\u00e1s acceso tanto al Parque Nacional del Mar de Bonaire como al Parque Washington Slagbaai, dos reservas naturales \u00fanicas conocidas mundialmente por su biodiversidad y belleza natural. Fundada en 1962, STINAPA gestiona estos parques en nombre del gobierno de Bonaire y desempe\u00f1a un papel crucial en la preservaci\u00f3n de ecosistemas fr\u00e1giles. Lo que hace especiales a estos parques naturales es que se mantienen en gran medida gracias al apoyo de los visitantes. Al comprar la asignaci\u00f3n natural, contribuyes directamente a la protecci\u00f3n, gesti\u00f3n y supervivencia de estas valiosas reservas naturales.    <\/section>\n","protected":false},"excerpt":{"rendered":"<p>La Asignaci\u00f3n Natural STINAPA Bonaire es una contribuci\u00f3n esencial para cualquiera que quiera visitar los parques naturales protegidos de Bonaire. [&hellip;]<\/p>\n","protected":false},"featured_media":5194,"comment_status":"closed","ping_status":"closed","template":"","meta":{"_acf_changed":false,"site-sidebar-layout":"default","site-content-layout":"","ast-site-content-layout":"default","site-content-style":"default","site-sidebar-style":"default","ast-global-header-display":"","ast-banner-title-visibility":"","ast-main-header-display":"","ast-hfb-above-header-display":"","ast-hfb-below-header-display":"","ast-hfb-mobile-header-display":"","site-post-title":"","ast-breadcrumbs-content":"","ast-featured-img":"","footer-sml-layout":"","ast-disable-related-posts":"","theme-transparent-header-meta":"","adv-header-id-meta":"","stick-header-meta":"","header-above-stick-meta":"","header-main-stick-meta":"","header-below-stick-meta":"","astra-migrate-meta-layouts":"default","ast-page-background-enabled":"default","ast-page-background-meta":{"desktop":{"background-color":"var(--ast-global-color-4)","background-image":"","background-repeat":"repeat","background-position":"center center","background-size":"auto","background-attachment":"scroll","background-type":"","background-media":"","overlay-type":"","overlay-color":"","overlay-opacity":"","overlay-gradient":""},"tablet":{"background-color":"","background-image":"","background-repeat":"repeat","background-position":"center center","background-size":"auto","background-attachment":"scroll","background-type":"","background-media":"","overlay-type":"","overlay-color":"","overlay-opacity":"","overlay-gradient":""},"mobile":{"background-color":"","background-image":"","background-repeat":"repeat","background-position":"center center","background-size":"auto","background-attachment":"scroll","background-type":"","background-media":"","overlay-type":"","overlay-color":"","overlay-opacity":"","overlay-gradient":""}},"ast-content-background-meta":{"desktop":{"background-color":"var(--ast-global-color-5)","background-image":"","background-repeat":"repeat","background-position":"center center","background-size":"auto","background-attachment":"scroll","background-type":"","background-media":"","overlay-type":"","overlay-color":"","overlay-opacity":"","overlay-gradient":""},"tablet":{"background-color":"var(--ast-global-color-5)","background-image":"","background-repeat":"repeat","background-position":"center center","background-size":"auto","background-attachment":"scroll","background-type":"","background-media":"","overlay-type":"","overlay-color":"","overlay-opacity":"","overlay-gradient":""},"mobile":{"background-color":"var(--ast-global-color-5)","background-image":"","background-repeat":"repeat","background-position":"center center","background-size":"auto","background-attachment":"scroll","background-type":"","background-media":"","overlay-type":"","overlay-color":"","overlay-opacity":"","overlay-gradient":""}}},"activiteit-bron":[],"product_brand":[],"product_cat":[133,132],"product_tag":[135,134,411],"class_list":{"0":"post-6677","1":"product","2":"type-product","3":"status-publish","4":"has-post-thumbnail","6":"product_cat-bonaire-es","7":"product_cat-naturaleza-y-cultura","8":"product_tag-actividades","9":"product_tag-bonaire-es","10":"product_tag-equipo-de-buceo-en-bonaire","11":"desktop-align-left","12":"tablet-align-left","13":"mobile-align-left","15":"first","16":"instock","17":"featured","18":"virtual","19":"purchasable","20":"product-type-simple"},"acf":[],"_links":{"self":[{"href":"https:\/\/bluebirdtourstravel.com\/es\/wp-json\/wp\/v2\/product\/6677","targetHints":{"allow":["GET"]}}],"collection":[{"href":"https:\/\/bluebirdtourstravel.com\/es\/wp-json\/wp\/v2\/product"}],"about":[{"href":"https:\/\/bluebirdtourstravel.com\/es\/wp-json\/wp\/v2\/types\/product"}],"replies":[{"embeddable":true,"href":"https:\/\/bluebirdtourstravel.com\/es\/wp-json\/wp\/v2\/comments?post=6677"}],"wp:featuredmedia":[{"embeddable":true,"href":"https:\/\/bluebirdtourstravel.com\/es\/wp-json\/wp\/v2\/media\/5194"}],"wp:attachment":[{"href":"https:\/\/bluebirdtourstravel.com\/es\/wp-json\/wp\/v2\/media?parent=6677"}],"wp:term":[{"taxonomy":"activiteit-bron","embeddable":true,"href":"https:\/\/bluebirdtourstravel.com\/es\/wp-json\/wp\/v2\/activiteit-bron?post=6677"},{"taxonomy":"product_brand","embeddable":true,"href":"https:\/\/bluebirdtourstravel.com\/es\/wp-json\/wp\/v2\/product_brand?post=6677"},{"taxonomy":"product_cat","embeddable":true,"href":"https:\/\/bluebirdtourstravel.com\/es\/wp-json\/wp\/v2\/product_cat?post=6677"},{"taxonomy":"product_tag","embeddable":true,"href":"https:\/\/bluebirdtourstravel.com\/es\/wp-json\/wp\/v2\/product_tag?post=6677"}],"curies":[{"name":"wp","href":"https:\/\/api.w.org\/{rel}","templated":true}]}}