{"id":6650,"date":"2025-03-21T16:51:29","date_gmt":"2025-03-21T16:51:29","guid":{"rendered":"https:\/\/bbtt.webdeveloperz.nl\/product\/excursion-a-pie-por-la-costa-de-bahia-guana-san-martin\/"},"modified":"2026-01-30T13:13:07","modified_gmt":"2026-01-30T13:13:07","slug":"excursion-a-pie-por-la-costa-de-bahia-guana-san-martin","status":"publish","type":"product","link":"https:\/\/bluebirdtourstravel.com\/es\/producto\/excursion-a-pie-por-la-costa-de-bahia-guana-san-martin\/","title":{"rendered":"Excursi\u00f3n a pie por la costa de Bah\u00eda Guana (San Mart\u00edn)"},"content":{"rendered":"<section class=\"activity-description\">Este paseo costero por la bah\u00eda de Guana ofrece una escapada relajante de la multitud y te permite experimentar la naturaleza virgen de la costa este de la isla. Acompa\u00f1ado de un gu\u00eda experto, caminar\u00e1s por senderos naturales a lo largo de una costa escarpada, donde la fuerza del oc\u00e9ano se encuentra con el silencio de la naturaleza. Durante la visita recibir\u00e1 una explicaci\u00f3n sobre formaciones rocosas especiales y conocer\u00e1 la flora y fauna \u00fanicas que se encuentran aqu\u00ed. A lo largo del trayecto, disfrutar\u00e1s de impresionantes vistas al mar y a las islas cercanas, mientras que el sonido de las olas en la playa de guijarros crea una atm\u00f3sfera casi meditativa. Esta caminata combina experiencia natural, esfuerzo ligero y pura relajaci\u00f3n, y termina de forma refrescante de vuelta en Guana Bay.    <\/section>\n","protected":false},"excerpt":{"rendered":"<p>Este paseo costero por la bah\u00eda de Guana ofrece una escapada relajante de la multitud y te permite experimentar la [&hellip;]<\/p>\n","protected":false},"featured_media":5292,"comment_status":"closed","ping_status":"closed","template":"","meta":{"_acf_changed":false,"site-sidebar-layout":"default","site-content-layout":"","ast-site-content-layout":"default","site-content-style":"default","site-sidebar-style":"default","ast-global-header-display":"","ast-banner-title-visibility":"","ast-main-header-display":"","ast-hfb-above-header-display":"","ast-hfb-below-header-display":"","ast-hfb-mobile-header-display":"","site-post-title":"","ast-breadcrumbs-content":"","ast-featured-img":"","footer-sml-layout":"","ast-disable-related-posts":"","theme-transparent-header-meta":"","adv-header-id-meta":"","stick-header-meta":"","header-above-stick-meta":"","header-main-stick-meta":"","header-below-stick-meta":"","astra-migrate-meta-layouts":"default","ast-page-background-enabled":"default","ast-page-background-meta":{"desktop":{"background-color":"var(--ast-global-color-4)","background-image":"","background-repeat":"repeat","background-position":"center center","background-size":"auto","background-attachment":"scroll","background-type":"","background-media":"","overlay-type":"","overlay-color":"","overlay-opacity":"","overlay-gradient":""},"tablet":{"background-color":"","background-image":"","background-repeat":"repeat","background-position":"center center","background-size":"auto","background-attachment":"scroll","background-type":"","background-media":"","overlay-type":"","overlay-color":"","overlay-opacity":"","overlay-gradient":""},"mobile":{"background-color":"","background-image":"","background-repeat":"repeat","background-position":"center center","background-size":"auto","background-attachment":"scroll","background-type":"","background-media":"","overlay-type":"","overlay-color":"","overlay-opacity":"","overlay-gradient":""}},"ast-content-background-meta":{"desktop":{"background-color":"var(--ast-global-color-5)","background-image":"","background-repeat":"repeat","background-position":"center center","background-size":"auto","background-attachment":"scroll","background-type":"","background-media":"","overlay-type":"","overlay-color":"","overlay-opacity":"","overlay-gradient":""},"tablet":{"background-color":"var(--ast-global-color-5)","background-image":"","background-repeat":"repeat","background-position":"center center","background-size":"auto","background-attachment":"scroll","background-type":"","background-media":"","overlay-type":"","overlay-color":"","overlay-opacity":"","overlay-gradient":""},"mobile":{"background-color":"var(--ast-global-color-5)","background-image":"","background-repeat":"repeat","background-position":"center center","background-size":"auto","background-attachment":"scroll","background-type":"","background-media":"","overlay-type":"","overlay-color":"","overlay-opacity":"","overlay-gradient":""}}},"activiteit-bron":[],"product_brand":[],"product_cat":[211,522],"product_tag":[135,485,137,140,138,212,483],"class_list":{"0":"post-6650","1":"product","2":"type-product","3":"status-publish","4":"has-post-thumbnail","6":"product_cat-actividades-al-aire-libre","7":"product_cat-san-martin","8":"product_tag-actividades","9":"product_tag-actividades-al-aire-libre-en-san-martin","10":"product_tag-aire-acondicionado","11":"product_tag-aventurero","12":"product_tag-naturaleza","13":"product_tag-san-martin","14":"product_tag-visitas-en-san-martin","15":"desktop-align-left","16":"tablet-align-left","17":"mobile-align-left","19":"first","20":"instock","21":"featured","22":"virtual","23":"purchasable","24":"product-type-simple"},"acf":[],"_links":{"self":[{"href":"https:\/\/bluebirdtourstravel.com\/es\/wp-json\/wp\/v2\/product\/6650","targetHints":{"allow":["GET"]}}],"collection":[{"href":"https:\/\/bluebirdtourstravel.com\/es\/wp-json\/wp\/v2\/product"}],"about":[{"href":"https:\/\/bluebirdtourstravel.com\/es\/wp-json\/wp\/v2\/types\/product"}],"replies":[{"embeddable":true,"href":"https:\/\/bluebirdtourstravel.com\/es\/wp-json\/wp\/v2\/comments?post=6650"}],"wp:featuredmedia":[{"embeddable":true,"href":"https:\/\/bluebirdtourstravel.com\/es\/wp-json\/wp\/v2\/media\/5292"}],"wp:attachment":[{"href":"https:\/\/bluebirdtourstravel.com\/es\/wp-json\/wp\/v2\/media?parent=6650"}],"wp:term":[{"taxonomy":"activiteit-bron","embeddable":true,"href":"https:\/\/bluebirdtourstravel.com\/es\/wp-json\/wp\/v2\/activiteit-bron?post=6650"},{"taxonomy":"product_brand","embeddable":true,"href":"https:\/\/bluebirdtourstravel.com\/es\/wp-json\/wp\/v2\/product_brand?post=6650"},{"taxonomy":"product_cat","embeddable":true,"href":"https:\/\/bluebirdtourstravel.com\/es\/wp-json\/wp\/v2\/product_cat?post=6650"},{"taxonomy":"product_tag","embeddable":true,"href":"https:\/\/bluebirdtourstravel.com\/es\/wp-json\/wp\/v2\/product_tag?post=6650"}],"curies":[{"name":"wp","href":"https:\/\/api.w.org\/{rel}","templated":true}]}}