{"id":6639,"date":"2025-04-07T22:11:53","date_gmt":"2025-04-07T22:11:53","guid":{"rendered":"https:\/\/bbtt.webdeveloperz.nl\/product\/excursion-privada-de-snorkel-bonaire\/"},"modified":"2026-03-26T14:29:54","modified_gmt":"2026-03-26T14:29:54","slug":"excursion-privada-de-snorkel-bonaire","status":"publish","type":"product","link":"https:\/\/bluebirdtourstravel.com\/es\/producto\/excursion-privada-de-snorkel-bonaire\/","title":{"rendered":"Excursi\u00f3n privada de snorkel (Bonaire)"},"content":{"rendered":"<section class=\"activity-description\">Vive Bonaire de forma exclusiva y relajada con una excursi\u00f3n privada guiada de esn\u00f3rquel, completamente adaptada a tus deseos. Descubrir\u00e1s el mundo submarino m\u00e1gico de la isla en lugares de esn\u00f3rquel cuidadosamente elegidos y tranquilos, donde corales coloridos y peces tropicales forman el tel\u00f3n de fondo. Tanto si haces esn\u00f3rquel por primera vez como si ya tienes experiencia, la gu\u00eda es personalizada y el ritmo se adapta completamente a tu comodidad. Durante esta experiencia despreocupada, el disfrute es central, mientras conoces la impresionante vida marina de Bonaire de forma relajada. Para capturar permanentemente estos momentos especiales, recibir\u00e1s fotos profesionales bajo el agua despu\u00e9s, para que puedas revivir esta experiencia \u00fanica durante mucho tiempo.    <\/section>\n","protected":false},"excerpt":{"rendered":"<p>Vive Bonaire de forma exclusiva y relajada con una excursi\u00f3n privada guiada de esn\u00f3rquel, completamente adaptada a tus deseos. Descubrir\u00e1s [&hellip;]<\/p>\n","protected":false},"featured_media":5346,"comment_status":"closed","ping_status":"closed","template":"","meta":{"_acf_changed":false,"site-sidebar-layout":"default","site-content-layout":"","ast-site-content-layout":"default","site-content-style":"default","site-sidebar-style":"default","ast-global-header-display":"","ast-banner-title-visibility":"","ast-main-header-display":"","ast-hfb-above-header-display":"","ast-hfb-below-header-display":"","ast-hfb-mobile-header-display":"","site-post-title":"","ast-breadcrumbs-content":"","ast-featured-img":"","footer-sml-layout":"","ast-disable-related-posts":"","theme-transparent-header-meta":"default","adv-header-id-meta":"","stick-header-meta":"","header-above-stick-meta":"","header-main-stick-meta":"","header-below-stick-meta":"","astra-migrate-meta-layouts":"default","ast-page-background-enabled":"default","ast-page-background-meta":{"desktop":{"background-color":"var(--ast-global-color-4)","background-image":"","background-repeat":"repeat","background-position":"center center","background-size":"auto","background-attachment":"scroll","background-type":"","background-media":"","overlay-type":"","overlay-color":"","overlay-opacity":"","overlay-gradient":""},"tablet":{"background-color":"","background-image":"","background-repeat":"repeat","background-position":"center center","background-size":"auto","background-attachment":"scroll","background-type":"","background-media":"","overlay-type":"","overlay-color":"","overlay-opacity":"","overlay-gradient":""},"mobile":{"background-color":"","background-image":"","background-repeat":"repeat","background-position":"center center","background-size":"auto","background-attachment":"scroll","background-type":"","background-media":"","overlay-type":"","overlay-color":"","overlay-opacity":"","overlay-gradient":""}},"ast-content-background-meta":{"desktop":{"background-color":"var(--ast-global-color-5)","background-image":"","background-repeat":"repeat","background-position":"center center","background-size":"auto","background-attachment":"scroll","background-type":"","background-media":"","overlay-type":"","overlay-color":"","overlay-opacity":"","overlay-gradient":""},"tablet":{"background-color":"var(--ast-global-color-5)","background-image":"","background-repeat":"repeat","background-position":"center center","background-size":"auto","background-attachment":"scroll","background-type":"","background-media":"","overlay-type":"","overlay-color":"","overlay-opacity":"","overlay-gradient":""},"mobile":{"background-color":"var(--ast-global-color-5)","background-image":"","background-repeat":"repeat","background-position":"center center","background-size":"auto","background-attachment":"scroll","background-type":"","background-media":"","overlay-type":"","overlay-color":"","overlay-opacity":"","overlay-gradient":""}}},"activiteit-bron":[],"product_brand":[],"product_cat":[133,154,131],"product_tag":[135,137,136,134,187,409,421,138],"class_list":{"0":"post-6639","1":"product","2":"type-product","3":"status-publish","4":"has-post-thumbnail","6":"product_cat-bonaire-es","7":"product_cat-buceo-y-snorkel","8":"product_cat-relajacion-y-ocio","9":"product_tag-actividades","10":"product_tag-aire-acondicionado","11":"product_tag-apto-para-ninos","12":"product_tag-bonaire-es","13":"product_tag-esnorquel","14":"product_tag-esnorquel-en-bonaire","15":"product_tag-excursiones-en-bonaire","16":"product_tag-naturaleza","17":"desktop-align-left","18":"tablet-align-left","19":"mobile-align-left","21":"first","22":"instock","23":"featured","24":"purchasable","25":"product-type-variable","26":"has-default-attributes"},"acf":[],"_links":{"self":[{"href":"https:\/\/bluebirdtourstravel.com\/es\/wp-json\/wp\/v2\/product\/6639","targetHints":{"allow":["GET"]}}],"collection":[{"href":"https:\/\/bluebirdtourstravel.com\/es\/wp-json\/wp\/v2\/product"}],"about":[{"href":"https:\/\/bluebirdtourstravel.com\/es\/wp-json\/wp\/v2\/types\/product"}],"replies":[{"embeddable":true,"href":"https:\/\/bluebirdtourstravel.com\/es\/wp-json\/wp\/v2\/comments?post=6639"}],"wp:featuredmedia":[{"embeddable":true,"href":"https:\/\/bluebirdtourstravel.com\/es\/wp-json\/wp\/v2\/media\/5346"}],"wp:attachment":[{"href":"https:\/\/bluebirdtourstravel.com\/es\/wp-json\/wp\/v2\/media?parent=6639"}],"wp:term":[{"taxonomy":"activiteit-bron","embeddable":true,"href":"https:\/\/bluebirdtourstravel.com\/es\/wp-json\/wp\/v2\/activiteit-bron?post=6639"},{"taxonomy":"product_brand","embeddable":true,"href":"https:\/\/bluebirdtourstravel.com\/es\/wp-json\/wp\/v2\/product_brand?post=6639"},{"taxonomy":"product_cat","embeddable":true,"href":"https:\/\/bluebirdtourstravel.com\/es\/wp-json\/wp\/v2\/product_cat?post=6639"},{"taxonomy":"product_tag","embeddable":true,"href":"https:\/\/bluebirdtourstravel.com\/es\/wp-json\/wp\/v2\/product_tag?post=6639"}],"curies":[{"name":"wp","href":"https:\/\/api.w.org\/{rel}","templated":true}]}}