{"id":6539,"date":"2024-06-10T20:59:29","date_gmt":"2024-06-10T20:59:29","guid":{"rendered":"https:\/\/bbtt.webdeveloperz.nl\/product\/sesion-fotografica-de-snorkel-bonaire\/"},"modified":"2025-09-04T11:45:31","modified_gmt":"2025-09-04T11:45:31","slug":"sesion-fotografica-de-snorkel-bonaire","status":"publish","type":"product","link":"https:\/\/bluebirdtourstravel.com\/es\/producto\/sesion-fotografica-de-snorkel-bonaire\/","title":{"rendered":"Sesi\u00f3n fotogr\u00e1fica de snorkel (Bonaire)"},"content":{"rendered":"<p>\u00a1Descubre la vida submarina de Bonaire! \u00c9ste es uno de los arrecifes de coral m\u00e1s bellos del mundo. \u00bfTe gustar\u00eda hacer bonitas fotos con tu familia mientras exploras el coral? Puedes hacerlo mientras <a href=\"https:\/\/bluebirdtourstravel.com\/es\/actividad\/buceo-en-bonaire\/\">buceas<\/a>, <a href=\"https:\/\/bluebirdtourstravel.com\/es\/actividad\/apnea-en-bonaire\/\">haces apnea<\/a> o <a href=\"https:\/\/bluebirdtourstravel.com\/es\/actividad\/esnorquel-en-bonaire\/\">snorkel<\/a> en el mar, as\u00ed como en una piscina. \u00a1Captura tu propia experiencia \u00fanica!    <\/p>\n<p>Si no eres buceador, no hay problema. Te ofrecemos un servicio de fotos de snorkel.<br \/>\nEnviaremos a un fot\u00f3grafo a buscarte al lugar que elijas.<br \/>\nDespu\u00e9s de 1 hora en el agua, tendr\u00e1s un \u00e1lbum con unas 75 fotos. <\/p>\n<p><strong>Cu\u00e1ndo:<\/strong> A petici\u00f3n<\/p>\n<p><strong>Tiempo:<\/strong> Seg\u00fan tus necesidades<\/p>\n<p><strong>Idiomas: <\/strong>Holand\u00e9s, alem\u00e1n e ingl\u00e9s<\/p>\n<p><strong>\u00bfHas comprado ya tu Suplemento Natural STINAPA?<\/strong><\/p>\n<p>En Bonaire, es obligatorio haber comprado este suplemento antes de utilizar el Parque Marino de Bonaire. Este suplemento es v\u00e1lido durante un a\u00f1o natural y te da acceso gratuito al Washington Slagbaaipark. Si a\u00fan no lo has hecho, visita <a href=\"https:\/\/bluebirdtourstravel.com\/es\/producto\/stinapa-nature-tag-bonaire\/\">esta p\u00e1gina<\/a>.  <\/p>\n<p><strong>Cancela<\/strong><\/p>\n<p>Si cancelas antes de 48 horas, recibir\u00e1s un reembolso completo.<\/p>\n<p>Si cancelas antes de 48 horas, recibir\u00e1s un reembolso del 75%.<\/p>\n<p>&nbsp;<\/p>\n","protected":false},"excerpt":{"rendered":"<p>\u00a1Descubre la vida submarina de Bonaire! \u00c9ste es uno de los arrecifes de coral m\u00e1s bellos del mundo. \u00bfTe gustar\u00eda [&hellip;]<\/p>\n","protected":false},"featured_media":4530,"comment_status":"closed","ping_status":"closed","template":"","meta":{"_acf_changed":false,"site-sidebar-layout":"default","site-content-layout":"","ast-site-content-layout":"default","site-content-style":"default","site-sidebar-style":"default","ast-global-header-display":"","ast-banner-title-visibility":"","ast-main-header-display":"","ast-hfb-above-header-display":"","ast-hfb-below-header-display":"","ast-hfb-mobile-header-display":"","site-post-title":"","ast-breadcrumbs-content":"","ast-featured-img":"","footer-sml-layout":"","ast-disable-related-posts":"","theme-transparent-header-meta":"default","adv-header-id-meta":"","stick-header-meta":"","header-above-stick-meta":"","header-main-stick-meta":"","header-below-stick-meta":"","astra-migrate-meta-layouts":"default","ast-page-background-enabled":"default","ast-page-background-meta":{"desktop":{"background-color":"var(--ast-global-color-4)","background-image":"","background-repeat":"repeat","background-position":"center center","background-size":"auto","background-attachment":"scroll","background-type":"","background-media":"","overlay-type":"","overlay-color":"","overlay-opacity":"","overlay-gradient":""},"tablet":{"background-color":"","background-image":"","background-repeat":"repeat","background-position":"center center","background-size":"auto","background-attachment":"scroll","background-type":"","background-media":"","overlay-type":"","overlay-color":"","overlay-opacity":"","overlay-gradient":""},"mobile":{"background-color":"","background-image":"","background-repeat":"repeat","background-position":"center center","background-size":"auto","background-attachment":"scroll","background-type":"","background-media":"","overlay-type":"","overlay-color":"","overlay-opacity":"","overlay-gradient":""}},"ast-content-background-meta":{"desktop":{"background-color":"var(--ast-global-color-5)","background-image":"","background-repeat":"repeat","background-position":"center center","background-size":"auto","background-attachment":"scroll","background-type":"","background-media":"","overlay-type":"","overlay-color":"","overlay-opacity":"","overlay-gradient":""},"tablet":{"background-color":"var(--ast-global-color-5)","background-image":"","background-repeat":"repeat","background-position":"center center","background-size":"auto","background-attachment":"scroll","background-type":"","background-media":"","overlay-type":"","overlay-color":"","overlay-opacity":"","overlay-gradient":""},"mobile":{"background-color":"var(--ast-global-color-5)","background-image":"","background-repeat":"repeat","background-position":"center center","background-size":"auto","background-attachment":"scroll","background-type":"","background-media":"","overlay-type":"","overlay-color":"","overlay-opacity":"","overlay-gradient":""}}},"activiteit-bron":[518],"product_brand":[],"product_cat":[133,131],"product_tag":[135,136,140,134,409,145,197,494,162],"class_list":{"0":"post-6539","1":"product","2":"type-product","3":"status-publish","4":"has-post-thumbnail","6":"activiteit-bron-eigen-netwerk","7":"product_cat-bonaire-es","8":"product_cat-relajacion-y-ocio","9":"product_tag-actividades","10":"product_tag-apto-para-ninos","11":"product_tag-aventurero","12":"product_tag-bonaire-es","13":"product_tag-esnorquel-en-bonaire","14":"product_tag-fotografia","15":"product_tag-fotografia-submarina","16":"product_tag-fotografia-submarina-en-bonaire","17":"product_tag-solo-adultos","18":"desktop-align-left","19":"tablet-align-left","20":"mobile-align-left","22":"first","23":"instock","24":"virtual","25":"purchasable","26":"product-type-simple"},"acf":[],"_links":{"self":[{"href":"https:\/\/bluebirdtourstravel.com\/es\/wp-json\/wp\/v2\/product\/6539","targetHints":{"allow":["GET"]}}],"collection":[{"href":"https:\/\/bluebirdtourstravel.com\/es\/wp-json\/wp\/v2\/product"}],"about":[{"href":"https:\/\/bluebirdtourstravel.com\/es\/wp-json\/wp\/v2\/types\/product"}],"replies":[{"embeddable":true,"href":"https:\/\/bluebirdtourstravel.com\/es\/wp-json\/wp\/v2\/comments?post=6539"}],"wp:featuredmedia":[{"embeddable":true,"href":"https:\/\/bluebirdtourstravel.com\/es\/wp-json\/wp\/v2\/media\/4530"}],"wp:attachment":[{"href":"https:\/\/bluebirdtourstravel.com\/es\/wp-json\/wp\/v2\/media?parent=6539"}],"wp:term":[{"taxonomy":"activiteit-bron","embeddable":true,"href":"https:\/\/bluebirdtourstravel.com\/es\/wp-json\/wp\/v2\/activiteit-bron?post=6539"},{"taxonomy":"product_brand","embeddable":true,"href":"https:\/\/bluebirdtourstravel.com\/es\/wp-json\/wp\/v2\/product_brand?post=6539"},{"taxonomy":"product_cat","embeddable":true,"href":"https:\/\/bluebirdtourstravel.com\/es\/wp-json\/wp\/v2\/product_cat?post=6539"},{"taxonomy":"product_tag","embeddable":true,"href":"https:\/\/bluebirdtourstravel.com\/es\/wp-json\/wp\/v2\/product_tag?post=6539"}],"curies":[{"name":"wp","href":"https:\/\/api.w.org\/{rel}","templated":true}]}}