{"id":6505,"date":"2024-06-15T02:26:59","date_gmt":"2024-06-15T02:26:59","guid":{"rendered":"https:\/\/bbtt.webdeveloperz.nl\/product\/curso-de-fotografia-con-dispositivos-moviles-bonaire\/"},"modified":"2025-09-04T11:44:28","modified_gmt":"2025-09-04T11:44:28","slug":"curso-de-fotografia-con-dispositivos-moviles-bonaire","status":"publish","type":"product","link":"https:\/\/bluebirdtourstravel.com\/es\/producto\/curso-de-fotografia-con-dispositivos-moviles-bonaire\/","title":{"rendered":"Curso de fotograf\u00eda con dispositivos m\u00f3viles (Bonaire)"},"content":{"rendered":"<p><span>\u00a1Descubre la vida submarina de Bonaire! \u00c9ste es uno de los arrecifes de coral m\u00e1s bellos del mundo. \u00bfQuieres hacer bonitas fotos con tu familia mientras exploras el coral? Puedes hacerlo si vas     <\/span>buceo<span>, <\/span>apnea<span>, snorkel en el mar, as\u00ed como en una piscina. \u00a1Vive una experiencia \u00fanica! <\/span><span><\/span><\/p>\n<p>\u00a1Convierte tu smartphone en un dispositivo de fotograf\u00eda y v\u00eddeo subacu\u00e1tico de alta calidad!<br \/>Cursos completos de fotograf\u00eda para smartphones y dispositivos m\u00f3viles.<\/p>\n<\/p>\n<p><strong>Cu\u00e1ndo:<\/strong> A petici\u00f3n<\/p>\n<p><strong>Hora del curso: <\/strong>S<\/span>tarta a las 09:00  <\/p>\n<p><strong>Idiomas<\/strong> Holand\u00e9s, ingl\u00e9s y alem\u00e1n<\/p>\n<p><strong>M\u00ednimo <\/strong>14 a\u00f1os  <\/p>\n<p><strong>Incluye:<\/strong> El curso consta de una sesi\u00f3n te\u00f3rica y una secci\u00f3n de buceo<\/p>\n<\/p>\n<p><strong>\u00bfHas comprado ya tu Suplemento Natural STINAPA?<\/strong><\/p>\n<p>En Bonaire, es obligatorio haber comprado este suplemento antes de utilizar el Parque Marino de Bonaire. Este suplemento es v\u00e1lido durante un a\u00f1o natural y te da acceso gratuito al Washington Slagbaaipark. Si a\u00fan no lo has hecho, visita <span style=\"color: rgb(43, 0, 255);\"><a style=\"color: rgb(43, 0, 255); text-decoration: underline;\" rel=\"noopener\" title=\"Etiqueta Stinapa\" href=\"\/products\/stinapa-nature-tag\" target=\"_blank\">esta p\u00e1gina<\/a>. <\/span>   <\/p>\n<\/p>\n<p><strong>Cancela<\/span><\/strong><\/p>\n<p>Si cancelas antes de 48 horas, recibir\u00e1s un reembolso completo.  <\/p>\n<p>Si cancelas antes de 48 horas, recibir\u00e1s un reembolso del 75%.<\/p>\n<p><!----><\/p>\n","protected":false},"excerpt":{"rendered":"<p>\u00a1Descubre la vida submarina de Bonaire! \u00c9ste es uno de los arrecifes de coral m\u00e1s bellos del mundo. \u00bfQuieres hacer [&hellip;]<\/p>\n","protected":false},"featured_media":4658,"comment_status":"closed","ping_status":"closed","template":"","meta":{"_acf_changed":false,"site-sidebar-layout":"default","site-content-layout":"","ast-site-content-layout":"default","site-content-style":"default","site-sidebar-style":"default","ast-global-header-display":"","ast-banner-title-visibility":"","ast-main-header-display":"","ast-hfb-above-header-display":"","ast-hfb-below-header-display":"","ast-hfb-mobile-header-display":"","site-post-title":"","ast-breadcrumbs-content":"","ast-featured-img":"","footer-sml-layout":"","ast-disable-related-posts":"","theme-transparent-header-meta":"","adv-header-id-meta":"","stick-header-meta":"","header-above-stick-meta":"","header-main-stick-meta":"","header-below-stick-meta":"","astra-migrate-meta-layouts":"default","ast-page-background-enabled":"default","ast-page-background-meta":{"desktop":{"background-color":"var(--ast-global-color-4)","background-image":"","background-repeat":"repeat","background-position":"center center","background-size":"auto","background-attachment":"scroll","background-type":"","background-media":"","overlay-type":"","overlay-color":"","overlay-opacity":"","overlay-gradient":""},"tablet":{"background-color":"","background-image":"","background-repeat":"repeat","background-position":"center center","background-size":"auto","background-attachment":"scroll","background-type":"","background-media":"","overlay-type":"","overlay-color":"","overlay-opacity":"","overlay-gradient":""},"mobile":{"background-color":"","background-image":"","background-repeat":"repeat","background-position":"center center","background-size":"auto","background-attachment":"scroll","background-type":"","background-media":"","overlay-type":"","overlay-color":"","overlay-opacity":"","overlay-gradient":""}},"ast-content-background-meta":{"desktop":{"background-color":"var(--ast-global-color-5)","background-image":"","background-repeat":"repeat","background-position":"center center","background-size":"auto","background-attachment":"scroll","background-type":"","background-media":"","overlay-type":"","overlay-color":"","overlay-opacity":"","overlay-gradient":""},"tablet":{"background-color":"var(--ast-global-color-5)","background-image":"","background-repeat":"repeat","background-position":"center center","background-size":"auto","background-attachment":"scroll","background-type":"","background-media":"","overlay-type":"","overlay-color":"","overlay-opacity":"","overlay-gradient":""},"mobile":{"background-color":"var(--ast-global-color-5)","background-image":"","background-repeat":"repeat","background-position":"center center","background-size":"auto","background-attachment":"scroll","background-type":"","background-media":"","overlay-type":"","overlay-color":"","overlay-opacity":"","overlay-gradient":""}}},"activiteit-bron":[518],"product_brand":[],"product_cat":[133,154],"product_tag":[135,140,134,152,155,145,197,494],"class_list":{"0":"post-6505","1":"product","2":"type-product","3":"status-publish","4":"has-post-thumbnail","6":"activiteit-bron-eigen-netwerk","7":"product_cat-bonaire-es","8":"product_cat-buceo-y-snorkel","9":"product_tag-actividades","10":"product_tag-aventurero","11":"product_tag-bonaire-es","12":"product_tag-buceo","13":"product_tag-cafetera","14":"product_tag-fotografia","15":"product_tag-fotografia-submarina","16":"product_tag-fotografia-submarina-en-bonaire","17":"desktop-align-left","18":"tablet-align-left","19":"mobile-align-left","21":"first","22":"instock","23":"virtual","24":"purchasable","25":"product-type-simple"},"acf":[],"_links":{"self":[{"href":"https:\/\/bluebirdtourstravel.com\/es\/wp-json\/wp\/v2\/product\/6505","targetHints":{"allow":["GET"]}}],"collection":[{"href":"https:\/\/bluebirdtourstravel.com\/es\/wp-json\/wp\/v2\/product"}],"about":[{"href":"https:\/\/bluebirdtourstravel.com\/es\/wp-json\/wp\/v2\/types\/product"}],"replies":[{"embeddable":true,"href":"https:\/\/bluebirdtourstravel.com\/es\/wp-json\/wp\/v2\/comments?post=6505"}],"wp:featuredmedia":[{"embeddable":true,"href":"https:\/\/bluebirdtourstravel.com\/es\/wp-json\/wp\/v2\/media\/4658"}],"wp:attachment":[{"href":"https:\/\/bluebirdtourstravel.com\/es\/wp-json\/wp\/v2\/media?parent=6505"}],"wp:term":[{"taxonomy":"activiteit-bron","embeddable":true,"href":"https:\/\/bluebirdtourstravel.com\/es\/wp-json\/wp\/v2\/activiteit-bron?post=6505"},{"taxonomy":"product_brand","embeddable":true,"href":"https:\/\/bluebirdtourstravel.com\/es\/wp-json\/wp\/v2\/product_brand?post=6505"},{"taxonomy":"product_cat","embeddable":true,"href":"https:\/\/bluebirdtourstravel.com\/es\/wp-json\/wp\/v2\/product_cat?post=6505"},{"taxonomy":"product_tag","embeddable":true,"href":"https:\/\/bluebirdtourstravel.com\/es\/wp-json\/wp\/v2\/product_tag?post=6505"}],"curies":[{"name":"wp","href":"https:\/\/api.w.org\/{rel}","templated":true}]}}