{"id":6417,"date":"2024-08-20T23:30:11","date_gmt":"2024-08-20T23:30:11","guid":{"rendered":"https:\/\/bbtt.webdeveloperz.nl\/product\/paseo-nocturno-por-el-parque-natural-de-peperpot-surinam\/"},"modified":"2026-03-26T14:44:26","modified_gmt":"2026-03-26T14:44:26","slug":"paseo-nocturno-por-el-parque-natural-de-peperpot-surinam","status":"publish","type":"product","link":"https:\/\/bluebirdtourstravel.com\/es\/producto\/paseo-nocturno-por-el-parque-natural-de-peperpot-surinam\/","title":{"rendered":"Paseo nocturno por el Parque Natural de Peperpot (Surinam)"},"content":{"rendered":"<section class=\"activity-description\">Vive una velada especial en el Parque Natural de Peperpot durante un paseo nocturno guiado por la naturaleza tropical. Junto con un gu\u00eda de vida silvestre experimentado y especializado, entrar\u00e1s en el parque cuando el sol se haya puesto y la vida en el bosque realmente despegue. En la oscuridad, descubrir\u00e1s un lado completamente diferente del parque, donde los animales nocturnos se activan y los sonidos, olores y movimientos ofrecen una experiencia intensa en la naturaleza. Este aventurero tour vespertino se siente como un viaje por la selva amaz\u00f3nica y ofrece una oportunidad poco com\u00fan de observar animales que permanecen ocultos durante el d\u00eda, mientras se aprende m\u00e1s sobre el ecosistema y la vida nocturna de Surinam.   <\/section>\n","protected":false},"excerpt":{"rendered":"<p>Vive una velada especial en el Parque Natural de Peperpot durante un paseo nocturno guiado por la naturaleza tropical. Junto [&hellip;]<\/p>\n","protected":false},"featured_media":4876,"comment_status":"closed","ping_status":"closed","template":"","meta":{"_acf_changed":false,"site-sidebar-layout":"default","site-content-layout":"","ast-site-content-layout":"default","site-content-style":"default","site-sidebar-style":"default","ast-global-header-display":"","ast-banner-title-visibility":"","ast-main-header-display":"","ast-hfb-above-header-display":"","ast-hfb-below-header-display":"","ast-hfb-mobile-header-display":"","site-post-title":"","ast-breadcrumbs-content":"","ast-featured-img":"","footer-sml-layout":"","ast-disable-related-posts":"","theme-transparent-header-meta":"default","adv-header-id-meta":"","stick-header-meta":"","header-above-stick-meta":"","header-main-stick-meta":"","header-below-stick-meta":"","astra-migrate-meta-layouts":"default","ast-page-background-enabled":"default","ast-page-background-meta":{"desktop":{"background-color":"var(--ast-global-color-4)","background-image":"","background-repeat":"repeat","background-position":"center center","background-size":"auto","background-attachment":"scroll","background-type":"","background-media":"","overlay-type":"","overlay-color":"","overlay-opacity":"","overlay-gradient":""},"tablet":{"background-color":"","background-image":"","background-repeat":"repeat","background-position":"center center","background-size":"auto","background-attachment":"scroll","background-type":"","background-media":"","overlay-type":"","overlay-color":"","overlay-opacity":"","overlay-gradient":""},"mobile":{"background-color":"","background-image":"","background-repeat":"repeat","background-position":"center center","background-size":"auto","background-attachment":"scroll","background-type":"","background-media":"","overlay-type":"","overlay-color":"","overlay-opacity":"","overlay-gradient":""}},"ast-content-background-meta":{"desktop":{"background-color":"var(--ast-global-color-5)","background-image":"","background-repeat":"repeat","background-position":"center center","background-size":"auto","background-attachment":"scroll","background-type":"","background-media":"","overlay-type":"","overlay-color":"","overlay-opacity":"","overlay-gradient":""},"tablet":{"background-color":"var(--ast-global-color-5)","background-image":"","background-repeat":"repeat","background-position":"center center","background-size":"auto","background-attachment":"scroll","background-type":"","background-media":"","overlay-type":"","overlay-color":"","overlay-opacity":"","overlay-gradient":""},"mobile":{"background-color":"var(--ast-global-color-5)","background-image":"","background-repeat":"repeat","background-position":"center center","background-size":"auto","background-attachment":"scroll","background-type":"","background-media":"","overlay-type":"","overlay-color":"","overlay-opacity":"","overlay-gradient":""}}},"activiteit-bron":[],"product_brand":[],"product_cat":[132,144],"product_tag":[135,137,140,145,138,146],"class_list":{"0":"post-6417","1":"product","2":"type-product","3":"status-publish","4":"has-post-thumbnail","6":"product_cat-naturaleza-y-cultura","7":"product_cat-surinam","8":"product_tag-actividades","9":"product_tag-aire-acondicionado","10":"product_tag-aventurero","11":"product_tag-fotografia","12":"product_tag-naturaleza","13":"product_tag-surinam","14":"desktop-align-left","15":"tablet-align-left","16":"mobile-align-left","18":"first","19":"instock","20":"featured","21":"purchasable","22":"product-type-variable","23":"has-default-attributes"},"acf":[],"_links":{"self":[{"href":"https:\/\/bluebirdtourstravel.com\/es\/wp-json\/wp\/v2\/product\/6417","targetHints":{"allow":["GET"]}}],"collection":[{"href":"https:\/\/bluebirdtourstravel.com\/es\/wp-json\/wp\/v2\/product"}],"about":[{"href":"https:\/\/bluebirdtourstravel.com\/es\/wp-json\/wp\/v2\/types\/product"}],"replies":[{"embeddable":true,"href":"https:\/\/bluebirdtourstravel.com\/es\/wp-json\/wp\/v2\/comments?post=6417"}],"wp:featuredmedia":[{"embeddable":true,"href":"https:\/\/bluebirdtourstravel.com\/es\/wp-json\/wp\/v2\/media\/4876"}],"wp:attachment":[{"href":"https:\/\/bluebirdtourstravel.com\/es\/wp-json\/wp\/v2\/media?parent=6417"}],"wp:term":[{"taxonomy":"activiteit-bron","embeddable":true,"href":"https:\/\/bluebirdtourstravel.com\/es\/wp-json\/wp\/v2\/activiteit-bron?post=6417"},{"taxonomy":"product_brand","embeddable":true,"href":"https:\/\/bluebirdtourstravel.com\/es\/wp-json\/wp\/v2\/product_brand?post=6417"},{"taxonomy":"product_cat","embeddable":true,"href":"https:\/\/bluebirdtourstravel.com\/es\/wp-json\/wp\/v2\/product_cat?post=6417"},{"taxonomy":"product_tag","embeddable":true,"href":"https:\/\/bluebirdtourstravel.com\/es\/wp-json\/wp\/v2\/product_tag?post=6417"}],"curies":[{"name":"wp","href":"https:\/\/api.w.org\/{rel}","templated":true}]}}