{"id":6416,"date":"2024-08-20T22:58:52","date_gmt":"2024-08-20T22:58:52","guid":{"rendered":"https:\/\/bbtt.webdeveloperz.nl\/product\/alquiler-de-equipo-completo-de-buceo-incluido-el-ordenador-de-buceo-bonaire\/"},"modified":"2026-03-26T14:26:32","modified_gmt":"2026-03-26T14:26:32","slug":"alquiler-de-equipo-completo-de-buceo-incluido-el-ordenador-de-buceo-bonaire","status":"publish","type":"product","link":"https:\/\/bluebirdtourstravel.com\/es\/producto\/alquiler-de-equipo-completo-de-buceo-incluido-el-ordenador-de-buceo-bonaire\/","title":{"rendered":"Alquiler de equipo completo de buceo, incluido el ordenador de buceo (Bonaire)"},"content":{"rendered":"<section class=\"activity-description\">Descubre la impresionante vida marina de Bonaire, conocida mundialmente por sus aguas cristalinas y sus arrecifes de coral excepcionalmente saludables. Tanto buceadores como practicantes de esn\u00f3rquel pueden disfrutar de un colorido mundo submarino lleno de peces tropicales, corales vibrantes y una excelente visibilidad. Para los buceadores certificados, hay innumerables opciones, desde inmersiones guiadas de forma relajada hasta aventuras en barco, mientras que los practicantes experimentan una naturaleza \u00fanica directamente desde la orilla. Adem\u00e1s, es posible capturar tu experiencia de buceo con fotograf\u00eda submarina profesional. Ya tengas experiencia o simplemente quieras empezar a bucear, Bonaire ofrece un entorno ideal para aprovechar al m\u00e1ximo tu tiempo bajo el agua.    <\/section>\n","protected":false},"excerpt":{"rendered":"<p>Descubre la impresionante vida marina de Bonaire, conocida mundialmente por sus aguas cristalinas y sus arrecifes de coral excepcionalmente saludables. [&hellip;]<\/p>\n","protected":false},"featured_media":4862,"comment_status":"closed","ping_status":"closed","template":"","meta":{"_acf_changed":false,"site-sidebar-layout":"default","site-content-layout":"","ast-site-content-layout":"default","site-content-style":"default","site-sidebar-style":"default","ast-global-header-display":"","ast-banner-title-visibility":"","ast-main-header-display":"","ast-hfb-above-header-display":"","ast-hfb-below-header-display":"","ast-hfb-mobile-header-display":"","site-post-title":"","ast-breadcrumbs-content":"","ast-featured-img":"","footer-sml-layout":"","ast-disable-related-posts":"","theme-transparent-header-meta":"default","adv-header-id-meta":"","stick-header-meta":"","header-above-stick-meta":"","header-main-stick-meta":"","header-below-stick-meta":"","astra-migrate-meta-layouts":"default","ast-page-background-enabled":"default","ast-page-background-meta":{"desktop":{"background-color":"var(--ast-global-color-4)","background-image":"","background-repeat":"repeat","background-position":"center center","background-size":"auto","background-attachment":"scroll","background-type":"","background-media":"","overlay-type":"","overlay-color":"","overlay-opacity":"","overlay-gradient":""},"tablet":{"background-color":"","background-image":"","background-repeat":"repeat","background-position":"center center","background-size":"auto","background-attachment":"scroll","background-type":"","background-media":"","overlay-type":"","overlay-color":"","overlay-opacity":"","overlay-gradient":""},"mobile":{"background-color":"","background-image":"","background-repeat":"repeat","background-position":"center center","background-size":"auto","background-attachment":"scroll","background-type":"","background-media":"","overlay-type":"","overlay-color":"","overlay-opacity":"","overlay-gradient":""}},"ast-content-background-meta":{"desktop":{"background-color":"var(--ast-global-color-5)","background-image":"","background-repeat":"repeat","background-position":"center center","background-size":"auto","background-attachment":"scroll","background-type":"","background-media":"","overlay-type":"","overlay-color":"","overlay-opacity":"","overlay-gradient":""},"tablet":{"background-color":"var(--ast-global-color-5)","background-image":"","background-repeat":"repeat","background-position":"center center","background-size":"auto","background-attachment":"scroll","background-type":"","background-media":"","overlay-type":"","overlay-color":"","overlay-opacity":"","overlay-gradient":""},"mobile":{"background-color":"var(--ast-global-color-5)","background-image":"","background-repeat":"repeat","background-position":"center center","background-size":"auto","background-attachment":"scroll","background-type":"","background-media":"","overlay-type":"","overlay-color":"","overlay-opacity":"","overlay-gradient":""}}},"activiteit-bron":[],"product_brand":[],"product_cat":[133,154],"product_tag":[135,134,152,155,158,405,153,411,409,421],"class_list":{"0":"post-6416","1":"product","2":"type-product","3":"status-publish","4":"has-post-thumbnail","6":"product_cat-bonaire-es","7":"product_cat-buceo-y-snorkel","8":"product_tag-actividades","9":"product_tag-bonaire-es","10":"product_tag-buceo","11":"product_tag-cafetera","12":"product_tag-deportes-acuaticos","13":"product_tag-deportes-acuaticos-en-bonaire","14":"product_tag-equipo-de-buceo","15":"product_tag-equipo-de-buceo-en-bonaire","16":"product_tag-esnorquel-en-bonaire","17":"product_tag-excursiones-en-bonaire","18":"desktop-align-left","19":"tablet-align-left","20":"mobile-align-left","22":"first","23":"instock","24":"featured","25":"virtual","26":"purchasable","27":"product-type-simple"},"acf":[],"_links":{"self":[{"href":"https:\/\/bluebirdtourstravel.com\/es\/wp-json\/wp\/v2\/product\/6416","targetHints":{"allow":["GET"]}}],"collection":[{"href":"https:\/\/bluebirdtourstravel.com\/es\/wp-json\/wp\/v2\/product"}],"about":[{"href":"https:\/\/bluebirdtourstravel.com\/es\/wp-json\/wp\/v2\/types\/product"}],"replies":[{"embeddable":true,"href":"https:\/\/bluebirdtourstravel.com\/es\/wp-json\/wp\/v2\/comments?post=6416"}],"wp:featuredmedia":[{"embeddable":true,"href":"https:\/\/bluebirdtourstravel.com\/es\/wp-json\/wp\/v2\/media\/4862"}],"wp:attachment":[{"href":"https:\/\/bluebirdtourstravel.com\/es\/wp-json\/wp\/v2\/media?parent=6416"}],"wp:term":[{"taxonomy":"activiteit-bron","embeddable":true,"href":"https:\/\/bluebirdtourstravel.com\/es\/wp-json\/wp\/v2\/activiteit-bron?post=6416"},{"taxonomy":"product_brand","embeddable":true,"href":"https:\/\/bluebirdtourstravel.com\/es\/wp-json\/wp\/v2\/product_brand?post=6416"},{"taxonomy":"product_cat","embeddable":true,"href":"https:\/\/bluebirdtourstravel.com\/es\/wp-json\/wp\/v2\/product_cat?post=6416"},{"taxonomy":"product_tag","embeddable":true,"href":"https:\/\/bluebirdtourstravel.com\/es\/wp-json\/wp\/v2\/product_tag?post=6416"}],"curies":[{"name":"wp","href":"https:\/\/api.w.org\/{rel}","templated":true}]}}