{"id":6375,"date":"2024-09-06T19:52:21","date_gmt":"2024-09-06T19:52:21","guid":{"rendered":"https:\/\/bbtt.webdeveloperz.nl\/product\/1-dia-2-repostajes-bonaire\/"},"modified":"2026-03-26T14:27:08","modified_gmt":"2026-03-26T14:27:08","slug":"1-dia-2-repostajes-bonaire","status":"publish","type":"product","link":"https:\/\/bluebirdtourstravel.com\/es\/producto\/1-dia-2-repostajes-bonaire\/","title":{"rendered":"1 d\u00eda, 2 repostajes (Bonaire)"},"content":{"rendered":"<section class=\"activity-description\">El buceo y el esn\u00f3rquel en Bonaire garantiza una introducci\u00f3n impresionante a uno de los arrecifes de coral m\u00e1s bellos del mundo. Las aguas cristalinas y la excelente visibilidad permiten admirar de cerca una enorme diversidad de peces, corales y otras especies marinas de colores. Tanto buceadores experimentados como snorkelistas pueden divertirse aqu\u00ed, ya sea que elijas inmersiones guiadas, en barco o explores el arrecife de forma independiente. Adem\u00e1s, Bonaire ofrece muchas oportunidades para enriquecer tu experiencia submarina con fotograf\u00eda profesional o para crear un d\u00eda personal de buceo con equipo alquilado. El ambiente relajado y el fuerte enfoque en la conservaci\u00f3n hacen que cada buceo o excursi\u00f3n de esn\u00f3rquel sea un descubrimiento especial y respetuoso del mundo submarino.    <\/section>\n","protected":false},"excerpt":{"rendered":"<p>El buceo y el esn\u00f3rquel en Bonaire garantiza una introducci\u00f3n impresionante a uno de los arrecifes de coral m\u00e1s bellos [&hellip;]<\/p>\n","protected":false},"featured_media":5176,"comment_status":"closed","ping_status":"closed","template":"","meta":{"_acf_changed":false,"site-sidebar-layout":"default","site-content-layout":"","ast-site-content-layout":"default","site-content-style":"default","site-sidebar-style":"default","ast-global-header-display":"","ast-banner-title-visibility":"","ast-main-header-display":"","ast-hfb-above-header-display":"","ast-hfb-below-header-display":"","ast-hfb-mobile-header-display":"","site-post-title":"","ast-breadcrumbs-content":"","ast-featured-img":"","footer-sml-layout":"","ast-disable-related-posts":"","theme-transparent-header-meta":"default","adv-header-id-meta":"","stick-header-meta":"","header-above-stick-meta":"","header-main-stick-meta":"","header-below-stick-meta":"","astra-migrate-meta-layouts":"default","ast-page-background-enabled":"default","ast-page-background-meta":{"desktop":{"background-color":"var(--ast-global-color-4)","background-image":"","background-repeat":"repeat","background-position":"center center","background-size":"auto","background-attachment":"scroll","background-type":"","background-media":"","overlay-type":"","overlay-color":"","overlay-opacity":"","overlay-gradient":""},"tablet":{"background-color":"","background-image":"","background-repeat":"repeat","background-position":"center center","background-size":"auto","background-attachment":"scroll","background-type":"","background-media":"","overlay-type":"","overlay-color":"","overlay-opacity":"","overlay-gradient":""},"mobile":{"background-color":"","background-image":"","background-repeat":"repeat","background-position":"center center","background-size":"auto","background-attachment":"scroll","background-type":"","background-media":"","overlay-type":"","overlay-color":"","overlay-opacity":"","overlay-gradient":""}},"ast-content-background-meta":{"desktop":{"background-color":"var(--ast-global-color-5)","background-image":"","background-repeat":"repeat","background-position":"center center","background-size":"auto","background-attachment":"scroll","background-type":"","background-media":"","overlay-type":"","overlay-color":"","overlay-opacity":"","overlay-gradient":""},"tablet":{"background-color":"var(--ast-global-color-5)","background-image":"","background-repeat":"repeat","background-position":"center center","background-size":"auto","background-attachment":"scroll","background-type":"","background-media":"","overlay-type":"","overlay-color":"","overlay-opacity":"","overlay-gradient":""},"mobile":{"background-color":"var(--ast-global-color-5)","background-image":"","background-repeat":"repeat","background-position":"center center","background-size":"auto","background-attachment":"scroll","background-type":"","background-media":"","overlay-type":"","overlay-color":"","overlay-opacity":"","overlay-gradient":""}}},"activiteit-bron":[],"product_brand":[],"product_cat":[133,154,151],"product_tag":[135,134,152,407,155,158,405,153,411,409,421],"class_list":{"0":"post-6375","1":"product","2":"type-product","3":"status-publish","4":"has-post-thumbnail","6":"product_cat-bonaire-es","7":"product_cat-buceo-y-snorkel","8":"product_cat-equipo-de-buceo-y-snorkel","9":"product_tag-actividades","10":"product_tag-bonaire-es","11":"product_tag-buceo","12":"product_tag-buceo-en-bonaire","13":"product_tag-cafetera","14":"product_tag-deportes-acuaticos","15":"product_tag-deportes-acuaticos-en-bonaire","16":"product_tag-equipo-de-buceo","17":"product_tag-equipo-de-buceo-en-bonaire","18":"product_tag-esnorquel-en-bonaire","19":"product_tag-excursiones-en-bonaire","20":"desktop-align-left","21":"tablet-align-left","22":"mobile-align-left","24":"first","25":"instock","26":"featured","27":"purchasable","28":"product-type-variable","29":"has-default-attributes"},"acf":[],"_links":{"self":[{"href":"https:\/\/bluebirdtourstravel.com\/es\/wp-json\/wp\/v2\/product\/6375","targetHints":{"allow":["GET"]}}],"collection":[{"href":"https:\/\/bluebirdtourstravel.com\/es\/wp-json\/wp\/v2\/product"}],"about":[{"href":"https:\/\/bluebirdtourstravel.com\/es\/wp-json\/wp\/v2\/types\/product"}],"replies":[{"embeddable":true,"href":"https:\/\/bluebirdtourstravel.com\/es\/wp-json\/wp\/v2\/comments?post=6375"}],"wp:featuredmedia":[{"embeddable":true,"href":"https:\/\/bluebirdtourstravel.com\/es\/wp-json\/wp\/v2\/media\/5176"}],"wp:attachment":[{"href":"https:\/\/bluebirdtourstravel.com\/es\/wp-json\/wp\/v2\/media?parent=6375"}],"wp:term":[{"taxonomy":"activiteit-bron","embeddable":true,"href":"https:\/\/bluebirdtourstravel.com\/es\/wp-json\/wp\/v2\/activiteit-bron?post=6375"},{"taxonomy":"product_brand","embeddable":true,"href":"https:\/\/bluebirdtourstravel.com\/es\/wp-json\/wp\/v2\/product_brand?post=6375"},{"taxonomy":"product_cat","embeddable":true,"href":"https:\/\/bluebirdtourstravel.com\/es\/wp-json\/wp\/v2\/product_cat?post=6375"},{"taxonomy":"product_tag","embeddable":true,"href":"https:\/\/bluebirdtourstravel.com\/es\/wp-json\/wp\/v2\/product_tag?post=6375"}],"curies":[{"name":"wp","href":"https:\/\/api.w.org\/{rel}","templated":true}]}}