{"id":6369,"date":"2024-09-06T21:16:40","date_gmt":"2024-09-06T21:16:40","guid":{"rendered":"https:\/\/bbtt.webdeveloperz.nl\/product\/bcd-alquileres-bonaire\/"},"modified":"2026-03-26T14:27:52","modified_gmt":"2026-03-26T14:27:52","slug":"bcd-alquileres-bonaire","status":"publish","type":"product","link":"https:\/\/bluebirdtourstravel.com\/es\/producto\/bcd-alquileres-bonaire\/","title":{"rendered":"BCD Alquileres (Bonaire)"},"content":{"rendered":"<section class=\"activity-description\">Bucear y hacer esn\u00f3rquel en Bonaire significa conocer uno de los arrecifes de coral m\u00e1s impresionantes del mundo. Gracias a las aguas cristalinas y la excelente visibilidad, se despliega un colorido mundo submarino lleno de peces tropicales, corales y otra vida marina. Tanto buceadores experimentados como buceadores pueden disfrutar de la rica biodiversidad a su manera. Para los buceadores certificados, hay varias opciones, como inmersiones guiadas y inmersiones en barco, y quienes deseen pueden capturar la experiencia con fotograf\u00eda submarina profesional. Adem\u00e1s, es posible alquilar equipo de buceo, como un BCD, por d\u00eda, para que puedas explorar el Bonaire Zeepark de forma flexible y c\u00f3moda.    <\/section>\n","protected":false},"excerpt":{"rendered":"<p>Bucear y hacer esn\u00f3rquel en Bonaire significa conocer uno de los arrecifes de coral m\u00e1s impresionantes del mundo. Gracias a [&hellip;]<\/p>\n","protected":false},"featured_media":5188,"comment_status":"closed","ping_status":"closed","template":"","meta":{"_acf_changed":false,"site-sidebar-layout":"default","site-content-layout":"","ast-site-content-layout":"default","site-content-style":"default","site-sidebar-style":"default","ast-global-header-display":"","ast-banner-title-visibility":"","ast-main-header-display":"","ast-hfb-above-header-display":"","ast-hfb-below-header-display":"","ast-hfb-mobile-header-display":"","site-post-title":"","ast-breadcrumbs-content":"","ast-featured-img":"","footer-sml-layout":"","ast-disable-related-posts":"","theme-transparent-header-meta":"default","adv-header-id-meta":"","stick-header-meta":"","header-above-stick-meta":"","header-main-stick-meta":"","header-below-stick-meta":"","astra-migrate-meta-layouts":"default","ast-page-background-enabled":"default","ast-page-background-meta":{"desktop":{"background-color":"var(--ast-global-color-4)","background-image":"","background-repeat":"repeat","background-position":"center center","background-size":"auto","background-attachment":"scroll","background-type":"","background-media":"","overlay-type":"","overlay-color":"","overlay-opacity":"","overlay-gradient":""},"tablet":{"background-color":"","background-image":"","background-repeat":"repeat","background-position":"center center","background-size":"auto","background-attachment":"scroll","background-type":"","background-media":"","overlay-type":"","overlay-color":"","overlay-opacity":"","overlay-gradient":""},"mobile":{"background-color":"","background-image":"","background-repeat":"repeat","background-position":"center center","background-size":"auto","background-attachment":"scroll","background-type":"","background-media":"","overlay-type":"","overlay-color":"","overlay-opacity":"","overlay-gradient":""}},"ast-content-background-meta":{"desktop":{"background-color":"var(--ast-global-color-5)","background-image":"","background-repeat":"repeat","background-position":"center center","background-size":"auto","background-attachment":"scroll","background-type":"","background-media":"","overlay-type":"","overlay-color":"","overlay-opacity":"","overlay-gradient":""},"tablet":{"background-color":"var(--ast-global-color-5)","background-image":"","background-repeat":"repeat","background-position":"center center","background-size":"auto","background-attachment":"scroll","background-type":"","background-media":"","overlay-type":"","overlay-color":"","overlay-opacity":"","overlay-gradient":""},"mobile":{"background-color":"var(--ast-global-color-5)","background-image":"","background-repeat":"repeat","background-position":"center center","background-size":"auto","background-attachment":"scroll","background-type":"","background-media":"","overlay-type":"","overlay-color":"","overlay-opacity":"","overlay-gradient":""}}},"activiteit-bron":[],"product_brand":[],"product_cat":[133,154,151],"product_tag":[135,152,155,158,405,153,411,409,421],"class_list":{"0":"post-6369","1":"product","2":"type-product","3":"status-publish","4":"has-post-thumbnail","6":"product_cat-bonaire-es","7":"product_cat-buceo-y-snorkel","8":"product_cat-equipo-de-buceo-y-snorkel","9":"product_tag-actividades","10":"product_tag-buceo","11":"product_tag-cafetera","12":"product_tag-deportes-acuaticos","13":"product_tag-deportes-acuaticos-en-bonaire","14":"product_tag-equipo-de-buceo","15":"product_tag-equipo-de-buceo-en-bonaire","16":"product_tag-esnorquel-en-bonaire","17":"product_tag-excursiones-en-bonaire","18":"desktop-align-left","19":"tablet-align-left","20":"mobile-align-left","22":"first","23":"instock","24":"featured","25":"purchasable","26":"product-type-variable","27":"has-default-attributes"},"acf":[],"_links":{"self":[{"href":"https:\/\/bluebirdtourstravel.com\/es\/wp-json\/wp\/v2\/product\/6369","targetHints":{"allow":["GET"]}}],"collection":[{"href":"https:\/\/bluebirdtourstravel.com\/es\/wp-json\/wp\/v2\/product"}],"about":[{"href":"https:\/\/bluebirdtourstravel.com\/es\/wp-json\/wp\/v2\/types\/product"}],"replies":[{"embeddable":true,"href":"https:\/\/bluebirdtourstravel.com\/es\/wp-json\/wp\/v2\/comments?post=6369"}],"wp:featuredmedia":[{"embeddable":true,"href":"https:\/\/bluebirdtourstravel.com\/es\/wp-json\/wp\/v2\/media\/5188"}],"wp:attachment":[{"href":"https:\/\/bluebirdtourstravel.com\/es\/wp-json\/wp\/v2\/media?parent=6369"}],"wp:term":[{"taxonomy":"activiteit-bron","embeddable":true,"href":"https:\/\/bluebirdtourstravel.com\/es\/wp-json\/wp\/v2\/activiteit-bron?post=6369"},{"taxonomy":"product_brand","embeddable":true,"href":"https:\/\/bluebirdtourstravel.com\/es\/wp-json\/wp\/v2\/product_brand?post=6369"},{"taxonomy":"product_cat","embeddable":true,"href":"https:\/\/bluebirdtourstravel.com\/es\/wp-json\/wp\/v2\/product_cat?post=6369"},{"taxonomy":"product_tag","embeddable":true,"href":"https:\/\/bluebirdtourstravel.com\/es\/wp-json\/wp\/v2\/product_tag?post=6369"}],"curies":[{"name":"wp","href":"https:\/\/api.w.org\/{rel}","templated":true}]}}