{"id":6360,"date":"2024-09-06T19:40:24","date_gmt":"2024-09-06T19:40:24","guid":{"rendered":"https:\/\/bbtt.webdeveloperz.nl\/product\/1-tanque-bonaire\/"},"modified":"2026-03-26T14:26:53","modified_gmt":"2026-03-26T14:26:53","slug":"1-tanque-bonaire","status":"publish","type":"product","link":"https:\/\/bluebirdtourstravel.com\/es\/producto\/1-tanque-bonaire\/","title":{"rendered":"1 Tanque (Bonaire)"},"content":{"rendered":"<section class=\"activity-description\">Bucear y hacer esn\u00f3rquel en Bonaire significa una introducci\u00f3n directa a uno de los arrecifes de coral m\u00e1s bellos y mejor protegidos del mundo. Las aguas cristalinas, la excelente visibilidad y la enorme variedad de peces, corales y otra vida marina coloridos hacen que cada experiencia submarina aqu\u00ed sea especial. Tanto los buceadores novatos como los experimentados pueden explorar el arrecife mediante inmersiones guiadas o en barco, mientras que los practicantes del esn\u00f3rquel descubren una biodiversidad impresionante justo frente a la costa. Adem\u00e1s, hay espacio para experiencias personales, como la fotograf\u00eda submarina o organizar tu propio d\u00eda de buceo con equipo alquilado. Bonaire es conocida por su tranquilo y puro mundo submarino, en el que la conservaci\u00f3n de la naturaleza es central y donde cada buceo o excursi\u00f3n de snorkel se siente como un viaje de descubrimiento.    <\/section>\n","protected":false},"excerpt":{"rendered":"<p>Bucear y hacer esn\u00f3rquel en Bonaire significa una introducci\u00f3n directa a uno de los arrecifes de coral m\u00e1s bellos y [&hellip;]<\/p>\n","protected":false},"featured_media":5170,"comment_status":"closed","ping_status":"closed","template":"","meta":{"_acf_changed":false,"site-sidebar-layout":"default","site-content-layout":"","ast-site-content-layout":"default","site-content-style":"default","site-sidebar-style":"default","ast-global-header-display":"","ast-banner-title-visibility":"","ast-main-header-display":"","ast-hfb-above-header-display":"","ast-hfb-below-header-display":"","ast-hfb-mobile-header-display":"","site-post-title":"","ast-breadcrumbs-content":"","ast-featured-img":"","footer-sml-layout":"","ast-disable-related-posts":"","theme-transparent-header-meta":"default","adv-header-id-meta":"","stick-header-meta":"","header-above-stick-meta":"","header-main-stick-meta":"","header-below-stick-meta":"","astra-migrate-meta-layouts":"default","ast-page-background-enabled":"default","ast-page-background-meta":{"desktop":{"background-color":"var(--ast-global-color-4)","background-image":"","background-repeat":"repeat","background-position":"center center","background-size":"auto","background-attachment":"scroll","background-type":"","background-media":"","overlay-type":"","overlay-color":"","overlay-opacity":"","overlay-gradient":""},"tablet":{"background-color":"","background-image":"","background-repeat":"repeat","background-position":"center center","background-size":"auto","background-attachment":"scroll","background-type":"","background-media":"","overlay-type":"","overlay-color":"","overlay-opacity":"","overlay-gradient":""},"mobile":{"background-color":"","background-image":"","background-repeat":"repeat","background-position":"center center","background-size":"auto","background-attachment":"scroll","background-type":"","background-media":"","overlay-type":"","overlay-color":"","overlay-opacity":"","overlay-gradient":""}},"ast-content-background-meta":{"desktop":{"background-color":"var(--ast-global-color-5)","background-image":"","background-repeat":"repeat","background-position":"center center","background-size":"auto","background-attachment":"scroll","background-type":"","background-media":"","overlay-type":"","overlay-color":"","overlay-opacity":"","overlay-gradient":""},"tablet":{"background-color":"var(--ast-global-color-5)","background-image":"","background-repeat":"repeat","background-position":"center center","background-size":"auto","background-attachment":"scroll","background-type":"","background-media":"","overlay-type":"","overlay-color":"","overlay-opacity":"","overlay-gradient":""},"mobile":{"background-color":"var(--ast-global-color-5)","background-image":"","background-repeat":"repeat","background-position":"center center","background-size":"auto","background-attachment":"scroll","background-type":"","background-media":"","overlay-type":"","overlay-color":"","overlay-opacity":"","overlay-gradient":""}}},"activiteit-bron":[],"product_brand":[],"product_cat":[133,154],"product_tag":[135,134,152,407,155,158,405,153,411,409,421],"class_list":{"0":"post-6360","1":"product","2":"type-product","3":"status-publish","4":"has-post-thumbnail","6":"product_cat-bonaire-es","7":"product_cat-buceo-y-snorkel","8":"product_tag-actividades","9":"product_tag-bonaire-es","10":"product_tag-buceo","11":"product_tag-buceo-en-bonaire","12":"product_tag-cafetera","13":"product_tag-deportes-acuaticos","14":"product_tag-deportes-acuaticos-en-bonaire","15":"product_tag-equipo-de-buceo","16":"product_tag-equipo-de-buceo-en-bonaire","17":"product_tag-esnorquel-en-bonaire","18":"product_tag-excursiones-en-bonaire","19":"desktop-align-left","20":"tablet-align-left","21":"mobile-align-left","23":"first","24":"instock","25":"featured","26":"purchasable","27":"product-type-variable","28":"has-default-attributes"},"acf":[],"_links":{"self":[{"href":"https:\/\/bluebirdtourstravel.com\/es\/wp-json\/wp\/v2\/product\/6360","targetHints":{"allow":["GET"]}}],"collection":[{"href":"https:\/\/bluebirdtourstravel.com\/es\/wp-json\/wp\/v2\/product"}],"about":[{"href":"https:\/\/bluebirdtourstravel.com\/es\/wp-json\/wp\/v2\/types\/product"}],"replies":[{"embeddable":true,"href":"https:\/\/bluebirdtourstravel.com\/es\/wp-json\/wp\/v2\/comments?post=6360"}],"wp:featuredmedia":[{"embeddable":true,"href":"https:\/\/bluebirdtourstravel.com\/es\/wp-json\/wp\/v2\/media\/5170"}],"wp:attachment":[{"href":"https:\/\/bluebirdtourstravel.com\/es\/wp-json\/wp\/v2\/media?parent=6360"}],"wp:term":[{"taxonomy":"activiteit-bron","embeddable":true,"href":"https:\/\/bluebirdtourstravel.com\/es\/wp-json\/wp\/v2\/activiteit-bron?post=6360"},{"taxonomy":"product_brand","embeddable":true,"href":"https:\/\/bluebirdtourstravel.com\/es\/wp-json\/wp\/v2\/product_brand?post=6360"},{"taxonomy":"product_cat","embeddable":true,"href":"https:\/\/bluebirdtourstravel.com\/es\/wp-json\/wp\/v2\/product_cat?post=6360"},{"taxonomy":"product_tag","embeddable":true,"href":"https:\/\/bluebirdtourstravel.com\/es\/wp-json\/wp\/v2\/product_tag?post=6360"}],"curies":[{"name":"wp","href":"https:\/\/api.w.org\/{rel}","templated":true}]}}