{"id":6359,"date":"2024-09-06T21:21:57","date_gmt":"2024-09-06T21:21:57","guid":{"rendered":"https:\/\/bbtt.webdeveloperz.nl\/product\/6-dias-de-tanques-de-buceo-ilimitados-bonaire\/"},"modified":"2026-03-26T14:27:56","modified_gmt":"2026-03-26T14:27:56","slug":"6-dias-de-tanques-de-buceo-ilimitados-bonaire","status":"publish","type":"product","link":"https:\/\/bluebirdtourstravel.com\/es\/producto\/6-dias-de-tanques-de-buceo-ilimitados-bonaire\/","title":{"rendered":"6 d\u00edas de tanques de buceo ilimitados (Bonaire)"},"content":{"rendered":"<section class=\"activity-description\">El buceo y el esn\u00f3rquel en Bonaire son sin\u00f3nimos de una experiencia submarina sin igual. La isla est\u00e1 rodeada por uno de los arrecifes de coral m\u00e1s bellos del mundo, donde las aguas cristalinas ofrecen una excelente visibilidad y una gran variedad de vida marina. Tanto los buceadores novatos como los experimentados pueden darse un capricho aqu\u00ed, mientras que los practicantes del esn\u00f3rquel descubren un colorido mundo submarino cerca de la costa. Con amplias opciones como inmersiones guiadas, inmersiones en barco y fotograf\u00eda submarina, Bonaire ofrece todo para quienes quieren experimentar el mar intensamente. Para m\u00e1xima libertad, es posible usar tanques de buceo ilimitados durante varios d\u00edas, lo que te permite explorar el Parque Marino de Bonaire a tu propio ritmo.    <\/section>\n","protected":false},"excerpt":{"rendered":"<p>El buceo y el esn\u00f3rquel en Bonaire son sin\u00f3nimos de una experiencia submarina sin igual. La isla est\u00e1 rodeada por [&hellip;]<\/p>\n","protected":false},"featured_media":5190,"comment_status":"closed","ping_status":"closed","template":"","meta":{"_acf_changed":false,"site-sidebar-layout":"default","site-content-layout":"","ast-site-content-layout":"default","site-content-style":"default","site-sidebar-style":"default","ast-global-header-display":"","ast-banner-title-visibility":"","ast-main-header-display":"","ast-hfb-above-header-display":"","ast-hfb-below-header-display":"","ast-hfb-mobile-header-display":"","site-post-title":"","ast-breadcrumbs-content":"","ast-featured-img":"","footer-sml-layout":"","ast-disable-related-posts":"","theme-transparent-header-meta":"default","adv-header-id-meta":"","stick-header-meta":"","header-above-stick-meta":"","header-main-stick-meta":"","header-below-stick-meta":"","astra-migrate-meta-layouts":"default","ast-page-background-enabled":"default","ast-page-background-meta":{"desktop":{"background-color":"var(--ast-global-color-4)","background-image":"","background-repeat":"repeat","background-position":"center center","background-size":"auto","background-attachment":"scroll","background-type":"","background-media":"","overlay-type":"","overlay-color":"","overlay-opacity":"","overlay-gradient":""},"tablet":{"background-color":"","background-image":"","background-repeat":"repeat","background-position":"center center","background-size":"auto","background-attachment":"scroll","background-type":"","background-media":"","overlay-type":"","overlay-color":"","overlay-opacity":"","overlay-gradient":""},"mobile":{"background-color":"","background-image":"","background-repeat":"repeat","background-position":"center center","background-size":"auto","background-attachment":"scroll","background-type":"","background-media":"","overlay-type":"","overlay-color":"","overlay-opacity":"","overlay-gradient":""}},"ast-content-background-meta":{"desktop":{"background-color":"var(--ast-global-color-5)","background-image":"","background-repeat":"repeat","background-position":"center center","background-size":"auto","background-attachment":"scroll","background-type":"","background-media":"","overlay-type":"","overlay-color":"","overlay-opacity":"","overlay-gradient":""},"tablet":{"background-color":"var(--ast-global-color-5)","background-image":"","background-repeat":"repeat","background-position":"center center","background-size":"auto","background-attachment":"scroll","background-type":"","background-media":"","overlay-type":"","overlay-color":"","overlay-opacity":"","overlay-gradient":""},"mobile":{"background-color":"var(--ast-global-color-5)","background-image":"","background-repeat":"repeat","background-position":"center center","background-size":"auto","background-attachment":"scroll","background-type":"","background-media":"","overlay-type":"","overlay-color":"","overlay-opacity":"","overlay-gradient":""}}},"activiteit-bron":[],"product_brand":[],"product_cat":[133,154,151],"product_tag":[135,134,152,407,158,405,153,411,409,421],"class_list":{"0":"post-6359","1":"product","2":"type-product","3":"status-publish","4":"has-post-thumbnail","6":"product_cat-bonaire-es","7":"product_cat-buceo-y-snorkel","8":"product_cat-equipo-de-buceo-y-snorkel","9":"product_tag-actividades","10":"product_tag-bonaire-es","11":"product_tag-buceo","12":"product_tag-buceo-en-bonaire","13":"product_tag-deportes-acuaticos","14":"product_tag-deportes-acuaticos-en-bonaire","15":"product_tag-equipo-de-buceo","16":"product_tag-equipo-de-buceo-en-bonaire","17":"product_tag-esnorquel-en-bonaire","18":"product_tag-excursiones-en-bonaire","19":"desktop-align-left","20":"tablet-align-left","21":"mobile-align-left","23":"first","24":"instock","25":"featured","26":"purchasable","27":"product-type-variable","28":"has-default-attributes"},"acf":[],"_links":{"self":[{"href":"https:\/\/bluebirdtourstravel.com\/es\/wp-json\/wp\/v2\/product\/6359","targetHints":{"allow":["GET"]}}],"collection":[{"href":"https:\/\/bluebirdtourstravel.com\/es\/wp-json\/wp\/v2\/product"}],"about":[{"href":"https:\/\/bluebirdtourstravel.com\/es\/wp-json\/wp\/v2\/types\/product"}],"replies":[{"embeddable":true,"href":"https:\/\/bluebirdtourstravel.com\/es\/wp-json\/wp\/v2\/comments?post=6359"}],"wp:featuredmedia":[{"embeddable":true,"href":"https:\/\/bluebirdtourstravel.com\/es\/wp-json\/wp\/v2\/media\/5190"}],"wp:attachment":[{"href":"https:\/\/bluebirdtourstravel.com\/es\/wp-json\/wp\/v2\/media?parent=6359"}],"wp:term":[{"taxonomy":"activiteit-bron","embeddable":true,"href":"https:\/\/bluebirdtourstravel.com\/es\/wp-json\/wp\/v2\/activiteit-bron?post=6359"},{"taxonomy":"product_brand","embeddable":true,"href":"https:\/\/bluebirdtourstravel.com\/es\/wp-json\/wp\/v2\/product_brand?post=6359"},{"taxonomy":"product_cat","embeddable":true,"href":"https:\/\/bluebirdtourstravel.com\/es\/wp-json\/wp\/v2\/product_cat?post=6359"},{"taxonomy":"product_tag","embeddable":true,"href":"https:\/\/bluebirdtourstravel.com\/es\/wp-json\/wp\/v2\/product_tag?post=6359"}],"curies":[{"name":"wp","href":"https:\/\/api.w.org\/{rel}","templated":true}]}}