{"id":29434,"date":"2026-01-14T09:45:33","date_gmt":"2026-01-14T09:45:33","guid":{"rendered":"https:\/\/bluebirdtourstravel.com\/product\/expedite-en-kayak-del-rio-saramacca-surinam\/"},"modified":"2026-04-08T12:02:22","modified_gmt":"2026-04-08T12:02:22","slug":"expedite-en-kayak-del-rio-saramacca-surinam","status":"publish","type":"product","link":"https:\/\/bluebirdtourstravel.com\/es\/producto\/expedite-en-kayak-del-rio-saramacca-surinam\/","title":{"rendered":"Expedite en kayak del r\u00edo Saramacca (Surinam)"},"content":{"rendered":"<section class=\"activity-description\">\u00danete a una inolvidable expedici\u00f3n en kayak de varios d\u00edas por el r\u00edo Saramacca, una de las rutas fluviales m\u00e1s espectaculares de Surinam a trav\u00e9s de selva virgen y diversos paisajes acu\u00e1ticos. Esta experiencia activa en la naturaleza te lleva desde Pusugrunu hacia Makaja Pingo, remando largos tramos diarios en r\u00edos tranquilos y r\u00e1pidos desafiantes. Acompa\u00f1ado por gu\u00edas profesionales, experimentar\u00e1s una conexi\u00f3n profunda con la naturaleza, disfrutar\u00e1s de las tardes de campamento junto al fuego y tendr\u00e1s muchas oportunidades para observar fauna especial como capibaras, anacondas gigantes y nutrias de r\u00edo en su h\u00e1bitat natural. Esta es una forma \u00fanica de experimentar intensamente la naturaleza salvaje de Surinam y vivir un inolvidable tour en kayak.   <\/section>\n","protected":false},"excerpt":{"rendered":"<p>\u00danete a una inolvidable expedici\u00f3n en kayak de varios d\u00edas por el r\u00edo Saramacca, una de las rutas fluviales m\u00e1s [&hellip;]<\/p>\n","protected":false},"featured_media":29605,"comment_status":"closed","ping_status":"closed","template":"","meta":{"_acf_changed":false,"site-sidebar-layout":"default","site-content-layout":"","ast-site-content-layout":"default","site-content-style":"default","site-sidebar-style":"default","ast-global-header-display":"","ast-banner-title-visibility":"","ast-main-header-display":"","ast-hfb-above-header-display":"","ast-hfb-below-header-display":"","ast-hfb-mobile-header-display":"","site-post-title":"","ast-breadcrumbs-content":"","ast-featured-img":"","footer-sml-layout":"","ast-disable-related-posts":"","theme-transparent-header-meta":"default","adv-header-id-meta":"","stick-header-meta":"","header-above-stick-meta":"","header-main-stick-meta":"","header-below-stick-meta":"","astra-migrate-meta-layouts":"default","ast-page-background-enabled":"default","ast-page-background-meta":{"desktop":{"background-color":"var(--ast-global-color-4)","background-image":"","background-repeat":"repeat","background-position":"center center","background-size":"auto","background-attachment":"scroll","background-type":"","background-media":"","overlay-type":"","overlay-color":"","overlay-opacity":"","overlay-gradient":""},"tablet":{"background-color":"","background-image":"","background-repeat":"repeat","background-position":"center center","background-size":"auto","background-attachment":"scroll","background-type":"","background-media":"","overlay-type":"","overlay-color":"","overlay-opacity":"","overlay-gradient":""},"mobile":{"background-color":"","background-image":"","background-repeat":"repeat","background-position":"center center","background-size":"auto","background-attachment":"scroll","background-type":"","background-media":"","overlay-type":"","overlay-color":"","overlay-opacity":"","overlay-gradient":""}},"ast-content-background-meta":{"desktop":{"background-color":"var(--ast-global-color-5)","background-image":"","background-repeat":"repeat","background-position":"center center","background-size":"auto","background-attachment":"scroll","background-type":"","background-media":"","overlay-type":"","overlay-color":"","overlay-opacity":"","overlay-gradient":""},"tablet":{"background-color":"var(--ast-global-color-5)","background-image":"","background-repeat":"repeat","background-position":"center center","background-size":"auto","background-attachment":"scroll","background-type":"","background-media":"","overlay-type":"","overlay-color":"","overlay-opacity":"","overlay-gradient":""},"mobile":{"background-color":"var(--ast-global-color-5)","background-image":"","background-repeat":"repeat","background-position":"center center","background-size":"auto","background-attachment":"scroll","background-type":"","background-media":"","overlay-type":"","overlay-color":"","overlay-opacity":"","overlay-gradient":""}}},"activiteit-bron":[576,580],"product_brand":[],"product_cat":[211,132,144],"product_tag":[],"class_list":{"0":"post-29434","1":"product","2":"type-product","3":"status-publish","4":"has-post-thumbnail","6":"activiteit-bron-eigen-netwerk","7":"activiteit-bron-propia-red-surinam","8":"product_cat-actividades-al-aire-libre","9":"product_cat-naturaleza-y-cultura","10":"product_cat-surinam","11":"desktop-align-left","12":"tablet-align-left","13":"mobile-align-left","15":"first","16":"instock","17":"featured","18":"purchasable","19":"product-type-simple"},"acf":[],"_links":{"self":[{"href":"https:\/\/bluebirdtourstravel.com\/es\/wp-json\/wp\/v2\/product\/29434","targetHints":{"allow":["GET"]}}],"collection":[{"href":"https:\/\/bluebirdtourstravel.com\/es\/wp-json\/wp\/v2\/product"}],"about":[{"href":"https:\/\/bluebirdtourstravel.com\/es\/wp-json\/wp\/v2\/types\/product"}],"replies":[{"embeddable":true,"href":"https:\/\/bluebirdtourstravel.com\/es\/wp-json\/wp\/v2\/comments?post=29434"}],"wp:featuredmedia":[{"embeddable":true,"href":"https:\/\/bluebirdtourstravel.com\/es\/wp-json\/wp\/v2\/media\/29605"}],"wp:attachment":[{"href":"https:\/\/bluebirdtourstravel.com\/es\/wp-json\/wp\/v2\/media?parent=29434"}],"wp:term":[{"taxonomy":"activiteit-bron","embeddable":true,"href":"https:\/\/bluebirdtourstravel.com\/es\/wp-json\/wp\/v2\/activiteit-bron?post=29434"},{"taxonomy":"product_brand","embeddable":true,"href":"https:\/\/bluebirdtourstravel.com\/es\/wp-json\/wp\/v2\/product_brand?post=29434"},{"taxonomy":"product_cat","embeddable":true,"href":"https:\/\/bluebirdtourstravel.com\/es\/wp-json\/wp\/v2\/product_cat?post=29434"},{"taxonomy":"product_tag","embeddable":true,"href":"https:\/\/bluebirdtourstravel.com\/es\/wp-json\/wp\/v2\/product_tag?post=29434"}],"curies":[{"name":"wp","href":"https:\/\/api.w.org\/{rel}","templated":true}]}}