{"id":29432,"date":"2026-01-14T09:45:33","date_gmt":"2026-01-14T09:45:33","guid":{"rendered":"https:\/\/bluebirdtourstravel.com\/product\/expedicion-de-trekking-por-la-selva-de-la-montana-de-la-mesa-surinam\/"},"modified":"2026-04-08T11:55:07","modified_gmt":"2026-04-08T11:55:07","slug":"expedicion-de-trekking-por-la-selva-de-la-montana-de-la-mesa-surinam","status":"publish","type":"product","link":"https:\/\/bluebirdtourstravel.com\/es\/producto\/expedicion-de-trekking-por-la-selva-de-la-montana-de-la-mesa-surinam\/","title":{"rendered":"Expedici\u00f3n de Trekking por la Selva de la Monta\u00f1a de la Mesa (Surinam)"},"content":{"rendered":"<section class=\"activity-description\">Vive una expedici\u00f3n \u00fanica de varios d\u00edas a la espectacular Monta\u00f1a de la Mesa, uno de los puntos naturales m\u00e1s especiales de Surinam. Este viaje cuidadosamente guiado comienza con un aterrizaje en Atjoni y un breve vuelo en helic\u00f3ptero a la meseta de la Monta\u00f1a de la Mesa, en el coraz\u00f3n de la Reserva Natural de Surinam Central. Desde el campamento base, explorar\u00e1s impresionantes cascadas, vastas sabanas y valles ocultos junto con gu\u00edas experimentados, mientras disfrutas de la selva pr\u00edstina, vistas impresionantes y flora y fauna especiales. Esta expedici\u00f3n combina aventura, experiencia natural y exploraci\u00f3n en un viaje inolvidable de descubrimiento a trav\u00e9s de uno de los paisajes m\u00e1s remotos y hermosos de Surinam.   <\/section>\n","protected":false},"excerpt":{"rendered":"<p>Vive una expedici\u00f3n \u00fanica de varios d\u00edas a la espectacular Monta\u00f1a de la Mesa, uno de los puntos naturales m\u00e1s [&hellip;]<\/p>\n","protected":false},"featured_media":29578,"comment_status":"closed","ping_status":"closed","template":"","meta":{"_acf_changed":false,"site-sidebar-layout":"default","site-content-layout":"","ast-site-content-layout":"default","site-content-style":"default","site-sidebar-style":"default","ast-global-header-display":"","ast-banner-title-visibility":"","ast-main-header-display":"","ast-hfb-above-header-display":"","ast-hfb-below-header-display":"","ast-hfb-mobile-header-display":"","site-post-title":"","ast-breadcrumbs-content":"","ast-featured-img":"","footer-sml-layout":"","ast-disable-related-posts":"","theme-transparent-header-meta":"default","adv-header-id-meta":"","stick-header-meta":"","header-above-stick-meta":"","header-main-stick-meta":"","header-below-stick-meta":"","astra-migrate-meta-layouts":"default","ast-page-background-enabled":"default","ast-page-background-meta":{"desktop":{"background-color":"var(--ast-global-color-4)","background-image":"","background-repeat":"repeat","background-position":"center center","background-size":"auto","background-attachment":"scroll","background-type":"","background-media":"","overlay-type":"","overlay-color":"","overlay-opacity":"","overlay-gradient":""},"tablet":{"background-color":"","background-image":"","background-repeat":"repeat","background-position":"center center","background-size":"auto","background-attachment":"scroll","background-type":"","background-media":"","overlay-type":"","overlay-color":"","overlay-opacity":"","overlay-gradient":""},"mobile":{"background-color":"","background-image":"","background-repeat":"repeat","background-position":"center center","background-size":"auto","background-attachment":"scroll","background-type":"","background-media":"","overlay-type":"","overlay-color":"","overlay-opacity":"","overlay-gradient":""}},"ast-content-background-meta":{"desktop":{"background-color":"var(--ast-global-color-5)","background-image":"","background-repeat":"repeat","background-position":"center center","background-size":"auto","background-attachment":"scroll","background-type":"","background-media":"","overlay-type":"","overlay-color":"","overlay-opacity":"","overlay-gradient":""},"tablet":{"background-color":"var(--ast-global-color-5)","background-image":"","background-repeat":"repeat","background-position":"center center","background-size":"auto","background-attachment":"scroll","background-type":"","background-media":"","overlay-type":"","overlay-color":"","overlay-opacity":"","overlay-gradient":""},"mobile":{"background-color":"var(--ast-global-color-5)","background-image":"","background-repeat":"repeat","background-position":"center center","background-size":"auto","background-attachment":"scroll","background-type":"","background-media":"","overlay-type":"","overlay-color":"","overlay-opacity":"","overlay-gradient":""}}},"activiteit-bron":[576,580],"product_brand":[],"product_cat":[211,132,144],"product_tag":[],"class_list":{"0":"post-29432","1":"product","2":"type-product","3":"status-publish","4":"has-post-thumbnail","6":"activiteit-bron-eigen-netwerk","7":"activiteit-bron-propia-red-surinam","8":"product_cat-actividades-al-aire-libre","9":"product_cat-naturaleza-y-cultura","10":"product_cat-surinam","11":"desktop-align-left","12":"tablet-align-left","13":"mobile-align-left","15":"first","16":"instock","17":"featured","18":"purchasable","19":"product-type-simple"},"acf":[],"_links":{"self":[{"href":"https:\/\/bluebirdtourstravel.com\/es\/wp-json\/wp\/v2\/product\/29432","targetHints":{"allow":["GET"]}}],"collection":[{"href":"https:\/\/bluebirdtourstravel.com\/es\/wp-json\/wp\/v2\/product"}],"about":[{"href":"https:\/\/bluebirdtourstravel.com\/es\/wp-json\/wp\/v2\/types\/product"}],"replies":[{"embeddable":true,"href":"https:\/\/bluebirdtourstravel.com\/es\/wp-json\/wp\/v2\/comments?post=29432"}],"wp:featuredmedia":[{"embeddable":true,"href":"https:\/\/bluebirdtourstravel.com\/es\/wp-json\/wp\/v2\/media\/29578"}],"wp:attachment":[{"href":"https:\/\/bluebirdtourstravel.com\/es\/wp-json\/wp\/v2\/media?parent=29432"}],"wp:term":[{"taxonomy":"activiteit-bron","embeddable":true,"href":"https:\/\/bluebirdtourstravel.com\/es\/wp-json\/wp\/v2\/activiteit-bron?post=29432"},{"taxonomy":"product_brand","embeddable":true,"href":"https:\/\/bluebirdtourstravel.com\/es\/wp-json\/wp\/v2\/product_brand?post=29432"},{"taxonomy":"product_cat","embeddable":true,"href":"https:\/\/bluebirdtourstravel.com\/es\/wp-json\/wp\/v2\/product_cat?post=29432"},{"taxonomy":"product_tag","embeddable":true,"href":"https:\/\/bluebirdtourstravel.com\/es\/wp-json\/wp\/v2\/product_tag?post=29432"}],"curies":[{"name":"wp","href":"https:\/\/api.w.org\/{rel}","templated":true}]}}