{"id":29146,"date":"2026-01-13T16:00:44","date_gmt":"2026-01-13T16:00:44","guid":{"rendered":"https:\/\/bluebirdtourstravel.com\/product\/expedicion-a-la-selva-de-sintiadam-surinam\/"},"modified":"2026-03-26T14:04:39","modified_gmt":"2026-03-26T14:04:39","slug":"expedicion-a-la-selva-de-sintiadam-surinam","status":"publish","type":"product","link":"https:\/\/bluebirdtourstravel.com\/es\/producto\/expedicion-a-la-selva-de-sintiadam-surinam\/","title":{"rendered":"Expedici\u00f3n de 7 d\u00edas a la selva de Sintiadam (Surinam)"},"content":{"rendered":"<section class=\"activity-description\">\n<p data-start=\"0\" data-end=\"676\">Descubre la expedici\u00f3n en la naturaleza en lo profundo de la selva amaz\u00f3nica del Gran R\u00edo, incluyendo visitas tradicionales a aldeas, r\u00e1pidos, excursiones por la selva y pernoctaciones en hamacas en la naturaleza virgen. La ruta te lleva r\u00edo arriba, pasando por aldeas de Saamaka e impresionantes r\u00e1pidos hasta la espectacular zona de Sintiadam, donde experimentar\u00e1s la tranquilidad, la biodiversidad y las vistas impresionantes que hacen \u00fanica esta regi\u00f3n de Surinam. Acompa\u00f1ado por un gu\u00eda local, no solo dar\u00e1s paseos por el agua, sino que tambi\u00e9n ir\u00e1s a pie por la selva tropical para descubrir la flora y la fauna y disfrutar de la vida en el campamento en medio de la selva.  <\/p>\n<p data-start=\"678\" data-end=\"1605\">El <strong data-start=\"678\" data-end=\"687\">primer<\/strong> d\u00eda partir\u00e1s de Paramaribo o Atjoni en barco por el r\u00edo Surinam y Gran R\u00edo, pasando por aut\u00e9nticos pueblos cimarrones y r\u00e1pidos desafiantes, y pasar\u00e1s la primera noche en un alojamiento en un pueblo.<br \/>\nEl <strong data-start=\"900\" data-end=\"909\">segundo d\u00eda<\/strong> te adentrar\u00e1s m\u00e1s en la selva hasta el campamento base de Sintiadam, donde podr\u00e1s hacer senderismo, explorar la zona y relajarte junto a la hoguera.<br \/>\nEl <strong data-start=\"1047\" data-end=\"1056\">tercer d\u00eda<\/strong> consiste en una caminata en\u00e9rgica hacia miradores como la monta\u00f1a de la Tortuga y descubrir\u00e1s la naturaleza exuberante a lo largo del camino.<br \/>\nEl <strong data-start=\"1185\" data-end=\"1194\" data-is-only-node=\"\">d\u00eda 4<\/strong> se dedica a actividades relajantes como la observaci\u00f3n de aves y fauna, nataci\u00f3n en el agua y paseos cortos con explicaciones sobre los ecosistemas especiales alrededor del campamento.<br \/>\nEl <strong data-start=\"1368\" data-end=\"1377\">d\u00eda 5<\/strong> comenzar\u00e1s el viaje de regreso, con paradas en aldeas para fomentar la cultura y las interacciones locales, y<br \/>\nEl <strong data-start=\"1471\" data-end=\"1480\">d\u00eda 6<\/strong> concluir\u00e9is la expedici\u00f3n con el viaje en barco de regreso a Atjoni y el trayecto hasta Paramaribo.<\/p>\n<p data-start=\"1607\" data-end=\"2204\">Sintiadam est\u00e1 situada en el centro de la v\u00edrgene regi\u00f3n amaz\u00f3nica a lo largo del Gran R\u00edo (Surinam).<\/p>\n<p data-start=\"1607\" data-end=\"2204\"><strong>Desde 775 \u20ac por persona<\/strong> (seg\u00fan el tama\u00f1o del grupo) m\u00ednimo 2, m\u00e1ximo 8 personas; Incluye transporte, alojamiento, gu\u00eda local, desayuno, comida y cena; Excluyendo el primer desayuno, la \u00faltima cena, bebidas alcoh\u00f3licas, gastos personales y seguros. <\/p>\n<\/section>\n","protected":false},"excerpt":{"rendered":"<p>Descubre la expedici\u00f3n en la naturaleza en lo profundo de la selva amaz\u00f3nica del Gran R\u00edo, incluyendo visitas tradicionales a [&hellip;]<\/p>\n","protected":false},"featured_media":29564,"comment_status":"closed","ping_status":"closed","template":"","meta":{"_acf_changed":false,"site-sidebar-layout":"default","site-content-layout":"","ast-site-content-layout":"default","site-content-style":"default","site-sidebar-style":"default","ast-global-header-display":"","ast-banner-title-visibility":"","ast-main-header-display":"","ast-hfb-above-header-display":"","ast-hfb-below-header-display":"","ast-hfb-mobile-header-display":"","site-post-title":"","ast-breadcrumbs-content":"","ast-featured-img":"","footer-sml-layout":"","ast-disable-related-posts":"","theme-transparent-header-meta":"default","adv-header-id-meta":"","stick-header-meta":"","header-above-stick-meta":"","header-main-stick-meta":"","header-below-stick-meta":"","astra-migrate-meta-layouts":"default","ast-page-background-enabled":"default","ast-page-background-meta":{"desktop":{"background-color":"var(--ast-global-color-4)","background-image":"","background-repeat":"repeat","background-position":"center center","background-size":"auto","background-attachment":"scroll","background-type":"","background-media":"","overlay-type":"","overlay-color":"","overlay-opacity":"","overlay-gradient":""},"tablet":{"background-color":"","background-image":"","background-repeat":"repeat","background-position":"center center","background-size":"auto","background-attachment":"scroll","background-type":"","background-media":"","overlay-type":"","overlay-color":"","overlay-opacity":"","overlay-gradient":""},"mobile":{"background-color":"","background-image":"","background-repeat":"repeat","background-position":"center center","background-size":"auto","background-attachment":"scroll","background-type":"","background-media":"","overlay-type":"","overlay-color":"","overlay-opacity":"","overlay-gradient":""}},"ast-content-background-meta":{"desktop":{"background-color":"var(--ast-global-color-5)","background-image":"","background-repeat":"repeat","background-position":"center center","background-size":"auto","background-attachment":"scroll","background-type":"","background-media":"","overlay-type":"","overlay-color":"","overlay-opacity":"","overlay-gradient":""},"tablet":{"background-color":"var(--ast-global-color-5)","background-image":"","background-repeat":"repeat","background-position":"center center","background-size":"auto","background-attachment":"scroll","background-type":"","background-media":"","overlay-type":"","overlay-color":"","overlay-opacity":"","overlay-gradient":""},"mobile":{"background-color":"var(--ast-global-color-5)","background-image":"","background-repeat":"repeat","background-position":"center center","background-size":"auto","background-attachment":"scroll","background-type":"","background-media":"","overlay-type":"","overlay-color":"","overlay-opacity":"","overlay-gradient":""}}},"activiteit-bron":[576,580],"product_brand":[],"product_cat":[211,132,144],"product_tag":[558,146],"class_list":{"0":"post-29146","1":"product","2":"type-product","3":"status-publish","4":"has-post-thumbnail","6":"activiteit-bron-eigen-netwerk","7":"activiteit-bron-propia-red-surinam","8":"product_cat-actividades-al-aire-libre","9":"product_cat-naturaleza-y-cultura","10":"product_cat-surinam","11":"product_tag-sintiadam","12":"product_tag-surinam","13":"desktop-align-left","14":"tablet-align-left","15":"mobile-align-left","17":"first","18":"instock","19":"featured","20":"purchasable","21":"product-type-simple"},"acf":[],"_links":{"self":[{"href":"https:\/\/bluebirdtourstravel.com\/es\/wp-json\/wp\/v2\/product\/29146","targetHints":{"allow":["GET"]}}],"collection":[{"href":"https:\/\/bluebirdtourstravel.com\/es\/wp-json\/wp\/v2\/product"}],"about":[{"href":"https:\/\/bluebirdtourstravel.com\/es\/wp-json\/wp\/v2\/types\/product"}],"replies":[{"embeddable":true,"href":"https:\/\/bluebirdtourstravel.com\/es\/wp-json\/wp\/v2\/comments?post=29146"}],"wp:featuredmedia":[{"embeddable":true,"href":"https:\/\/bluebirdtourstravel.com\/es\/wp-json\/wp\/v2\/media\/29564"}],"wp:attachment":[{"href":"https:\/\/bluebirdtourstravel.com\/es\/wp-json\/wp\/v2\/media?parent=29146"}],"wp:term":[{"taxonomy":"activiteit-bron","embeddable":true,"href":"https:\/\/bluebirdtourstravel.com\/es\/wp-json\/wp\/v2\/activiteit-bron?post=29146"},{"taxonomy":"product_brand","embeddable":true,"href":"https:\/\/bluebirdtourstravel.com\/es\/wp-json\/wp\/v2\/product_brand?post=29146"},{"taxonomy":"product_cat","embeddable":true,"href":"https:\/\/bluebirdtourstravel.com\/es\/wp-json\/wp\/v2\/product_cat?post=29146"},{"taxonomy":"product_tag","embeddable":true,"href":"https:\/\/bluebirdtourstravel.com\/es\/wp-json\/wp\/v2\/product_tag?post=29146"}],"curies":[{"name":"wp","href":"https:\/\/api.w.org\/{rel}","templated":true}]}}