{"id":29132,"date":"2026-01-13T16:00:44","date_gmt":"2026-01-13T16:00:44","guid":{"rendered":"https:\/\/bluebirdtourstravel.com\/product\/expedicion-de-vida-silvestre-maratakka-de-varios-dias-surinam\/"},"modified":"2026-04-08T12:04:01","modified_gmt":"2026-04-08T12:04:01","slug":"expedicion-de-vida-silvestre-maratakka-de-varios-dias-surinam","status":"publish","type":"product","link":"https:\/\/bluebirdtourstravel.com\/es\/producto\/expedicion-de-vida-silvestre-maratakka-de-varios-dias-surinam\/","title":{"rendered":"Expedici\u00f3n Maratakka de 4 d\u00edas para la vida silvestre (Surinam)"},"content":{"rendered":"<section class=\"activity-description\">D\u00e9jate llevar por la belleza natural oculta del r\u00edo Maratakka, en el distrito de Nickerie, donde te espera una experiencia \u00fanica de vida salvaje de varios d\u00edas en medio de la selva pr\u00edstina. Durante este viaje explorar\u00e1s orillas serpenteantes, escuchar\u00e1s los sonidos de la selva al despertar y tendr\u00e1s muchas oportunidades para avistar animales especiales como guacamayos azules y amarillos, nutrias gigantes y quiz\u00e1s incluso manat\u00edes. Pasar\u00e1s la noche en un campamento en hamaca junto al agua o optar\u00e1s por una cama en un pueblo local, mientras gu\u00edas profesionales te acompa\u00f1an en paseos en barco, senderismo y descubrimientos nocturnos bajo las estrellas. Esta expedici\u00f3n combina la exploraci\u00f3n activa de la naturaleza con tranquilidad y una conexi\u00f3n pura con la naturaleza surinamesa.   <\/section>\n","protected":false},"excerpt":{"rendered":"<p>D\u00e9jate llevar por la belleza natural oculta del r\u00edo Maratakka, en el distrito de Nickerie, donde te espera una experiencia [&hellip;]<\/p>\n","protected":false},"featured_media":29431,"comment_status":"closed","ping_status":"closed","template":"","meta":{"_acf_changed":false,"site-sidebar-layout":"default","site-content-layout":"","ast-site-content-layout":"default","site-content-style":"default","site-sidebar-style":"default","ast-global-header-display":"","ast-banner-title-visibility":"","ast-main-header-display":"","ast-hfb-above-header-display":"","ast-hfb-below-header-display":"","ast-hfb-mobile-header-display":"","site-post-title":"","ast-breadcrumbs-content":"","ast-featured-img":"","footer-sml-layout":"","ast-disable-related-posts":"","theme-transparent-header-meta":"default","adv-header-id-meta":"","stick-header-meta":"","header-above-stick-meta":"","header-main-stick-meta":"","header-below-stick-meta":"","astra-migrate-meta-layouts":"default","ast-page-background-enabled":"default","ast-page-background-meta":{"desktop":{"background-color":"var(--ast-global-color-4)","background-image":"","background-repeat":"repeat","background-position":"center center","background-size":"auto","background-attachment":"scroll","background-type":"","background-media":"","overlay-type":"","overlay-color":"","overlay-opacity":"","overlay-gradient":""},"tablet":{"background-color":"","background-image":"","background-repeat":"repeat","background-position":"center center","background-size":"auto","background-attachment":"scroll","background-type":"","background-media":"","overlay-type":"","overlay-color":"","overlay-opacity":"","overlay-gradient":""},"mobile":{"background-color":"","background-image":"","background-repeat":"repeat","background-position":"center center","background-size":"auto","background-attachment":"scroll","background-type":"","background-media":"","overlay-type":"","overlay-color":"","overlay-opacity":"","overlay-gradient":""}},"ast-content-background-meta":{"desktop":{"background-color":"var(--ast-global-color-5)","background-image":"","background-repeat":"repeat","background-position":"center center","background-size":"auto","background-attachment":"scroll","background-type":"","background-media":"","overlay-type":"","overlay-color":"","overlay-opacity":"","overlay-gradient":""},"tablet":{"background-color":"var(--ast-global-color-5)","background-image":"","background-repeat":"repeat","background-position":"center center","background-size":"auto","background-attachment":"scroll","background-type":"","background-media":"","overlay-type":"","overlay-color":"","overlay-opacity":"","overlay-gradient":""},"mobile":{"background-color":"var(--ast-global-color-5)","background-image":"","background-repeat":"repeat","background-position":"center center","background-size":"auto","background-attachment":"scroll","background-type":"","background-media":"","overlay-type":"","overlay-color":"","overlay-opacity":"","overlay-gradient":""}}},"activiteit-bron":[576,580],"product_brand":[],"product_cat":[144],"product_tag":[146],"class_list":{"0":"post-29132","1":"product","2":"type-product","3":"status-publish","4":"has-post-thumbnail","6":"activiteit-bron-eigen-netwerk","7":"activiteit-bron-propia-red-surinam","8":"product_cat-surinam","9":"product_tag-surinam","10":"desktop-align-left","11":"tablet-align-left","12":"mobile-align-left","14":"first","15":"instock","16":"featured","17":"purchasable","18":"product-type-simple"},"acf":[],"_links":{"self":[{"href":"https:\/\/bluebirdtourstravel.com\/es\/wp-json\/wp\/v2\/product\/29132","targetHints":{"allow":["GET"]}}],"collection":[{"href":"https:\/\/bluebirdtourstravel.com\/es\/wp-json\/wp\/v2\/product"}],"about":[{"href":"https:\/\/bluebirdtourstravel.com\/es\/wp-json\/wp\/v2\/types\/product"}],"replies":[{"embeddable":true,"href":"https:\/\/bluebirdtourstravel.com\/es\/wp-json\/wp\/v2\/comments?post=29132"}],"wp:featuredmedia":[{"embeddable":true,"href":"https:\/\/bluebirdtourstravel.com\/es\/wp-json\/wp\/v2\/media\/29431"}],"wp:attachment":[{"href":"https:\/\/bluebirdtourstravel.com\/es\/wp-json\/wp\/v2\/media?parent=29132"}],"wp:term":[{"taxonomy":"activiteit-bron","embeddable":true,"href":"https:\/\/bluebirdtourstravel.com\/es\/wp-json\/wp\/v2\/activiteit-bron?post=29132"},{"taxonomy":"product_brand","embeddable":true,"href":"https:\/\/bluebirdtourstravel.com\/es\/wp-json\/wp\/v2\/product_brand?post=29132"},{"taxonomy":"product_cat","embeddable":true,"href":"https:\/\/bluebirdtourstravel.com\/es\/wp-json\/wp\/v2\/product_cat?post=29132"},{"taxonomy":"product_tag","embeddable":true,"href":"https:\/\/bluebirdtourstravel.com\/es\/wp-json\/wp\/v2\/product_tag?post=29132"}],"curies":[{"name":"wp","href":"https:\/\/api.w.org\/{rel}","templated":true}]}}