{"id":28536,"date":"2025-11-27T15:35:55","date_gmt":"2025-11-27T15:35:55","guid":{"rendered":"https:\/\/bluebirdtourstravel.com\/product\/ruta-en-bicicleta-por-la-plantacion-kroonenburg-incluyendo-guia-y-bicicleta\/"},"modified":"2026-03-26T14:03:12","modified_gmt":"2026-03-26T14:03:12","slug":"ruta-en-bicicleta-por-la-plantacion-kroonenburg-incluyendo-guia-y-bicicleta","status":"publish","type":"product","link":"https:\/\/bluebirdtourstravel.com\/es\/producto\/ruta-en-bicicleta-por-la-plantacion-kroonenburg-incluyendo-guia-y-bicicleta\/","title":{"rendered":"Ruta en bicicleta por la plantaci\u00f3n Kroonenburg \u2013 Incluyendo gu\u00eda y ciclismo (Surinam)"},"content":{"rendered":"<section class=\"activity-description\">Durante este recorrido guiado en bicicleta, conocer\u00e1s la rica historia y la vida contempor\u00e1nea de Plantage Kroonenburg, una de las plantaciones m\u00e1s antiguas de la zona de Commewijne. Mientras pedaleas desde Frederiksdorp a trav\u00e9s de un paisaje verde y tranquilo, un gu\u00eda experimentado te contar\u00e1 sobre los or\u00edgenes de la plantaci\u00f3n, el significado del nombre Domini y el papel que Kroonenburg ha desempe\u00f1ado a lo largo de los siglos. A lo largo del camino, descubrir\u00e1s c\u00f3mo la zona ha evolucionado de una plantaci\u00f3n de caf\u00e9 a un lugar donde la agricultura, la actividad local y la cultura se unen. La ruta te lleva junto a caracter\u00edsticos puentes, esclusas y canales, y ofrece una fascinante combinaci\u00f3n de naturaleza, patrimonio e historias de la vida cotidiana de los pueblos circundantes.   <\/section>\n","protected":false},"excerpt":{"rendered":"<p>Durante este recorrido guiado en bicicleta, conocer\u00e1s la rica historia y la vida contempor\u00e1nea de Plantage Kroonenburg, una de las [&hellip;]<\/p>\n","protected":false},"featured_media":28388,"comment_status":"open","ping_status":"closed","template":"","meta":{"_acf_changed":false,"site-sidebar-layout":"default","site-content-layout":"","ast-site-content-layout":"default","site-content-style":"default","site-sidebar-style":"default","ast-global-header-display":"","ast-banner-title-visibility":"","ast-main-header-display":"","ast-hfb-above-header-display":"","ast-hfb-below-header-display":"","ast-hfb-mobile-header-display":"","site-post-title":"","ast-breadcrumbs-content":"","ast-featured-img":"","footer-sml-layout":"","ast-disable-related-posts":"","theme-transparent-header-meta":"default","adv-header-id-meta":"","stick-header-meta":"","header-above-stick-meta":"","header-main-stick-meta":"","header-below-stick-meta":"","astra-migrate-meta-layouts":"default","ast-page-background-enabled":"default","ast-page-background-meta":{"desktop":{"background-color":"var(--ast-global-color-4)","background-image":"","background-repeat":"repeat","background-position":"center center","background-size":"auto","background-attachment":"scroll","background-type":"","background-media":"","overlay-type":"","overlay-color":"","overlay-opacity":"","overlay-gradient":""},"tablet":{"background-color":"","background-image":"","background-repeat":"repeat","background-position":"center center","background-size":"auto","background-attachment":"scroll","background-type":"","background-media":"","overlay-type":"","overlay-color":"","overlay-opacity":"","overlay-gradient":""},"mobile":{"background-color":"","background-image":"","background-repeat":"repeat","background-position":"center center","background-size":"auto","background-attachment":"scroll","background-type":"","background-media":"","overlay-type":"","overlay-color":"","overlay-opacity":"","overlay-gradient":""}},"ast-content-background-meta":{"desktop":{"background-color":"var(--ast-global-color-5)","background-image":"","background-repeat":"repeat","background-position":"center center","background-size":"auto","background-attachment":"scroll","background-type":"","background-media":"","overlay-type":"","overlay-color":"","overlay-opacity":"","overlay-gradient":""},"tablet":{"background-color":"var(--ast-global-color-5)","background-image":"","background-repeat":"repeat","background-position":"center center","background-size":"auto","background-attachment":"scroll","background-type":"","background-media":"","overlay-type":"","overlay-color":"","overlay-opacity":"","overlay-gradient":""},"mobile":{"background-color":"var(--ast-global-color-5)","background-image":"","background-repeat":"repeat","background-position":"center center","background-size":"auto","background-attachment":"scroll","background-type":"","background-media":"","overlay-type":"","overlay-color":"","overlay-opacity":"","overlay-gradient":""}}},"activiteit-bron":[576,580],"product_brand":[],"product_cat":[211,132,144],"product_tag":[],"class_list":{"0":"post-28536","1":"product","2":"type-product","3":"status-publish","4":"has-post-thumbnail","6":"activiteit-bron-eigen-netwerk","7":"activiteit-bron-propia-red-surinam","8":"product_cat-actividades-al-aire-libre","9":"product_cat-naturaleza-y-cultura","10":"product_cat-surinam","11":"desktop-align-left","12":"tablet-align-left","13":"mobile-align-left","15":"first","16":"instock","17":"featured","18":"shipping-taxable","19":"purchasable","20":"product-type-simple"},"acf":[],"_links":{"self":[{"href":"https:\/\/bluebirdtourstravel.com\/es\/wp-json\/wp\/v2\/product\/28536","targetHints":{"allow":["GET"]}}],"collection":[{"href":"https:\/\/bluebirdtourstravel.com\/es\/wp-json\/wp\/v2\/product"}],"about":[{"href":"https:\/\/bluebirdtourstravel.com\/es\/wp-json\/wp\/v2\/types\/product"}],"replies":[{"embeddable":true,"href":"https:\/\/bluebirdtourstravel.com\/es\/wp-json\/wp\/v2\/comments?post=28536"}],"wp:featuredmedia":[{"embeddable":true,"href":"https:\/\/bluebirdtourstravel.com\/es\/wp-json\/wp\/v2\/media\/28388"}],"wp:attachment":[{"href":"https:\/\/bluebirdtourstravel.com\/es\/wp-json\/wp\/v2\/media?parent=28536"}],"wp:term":[{"taxonomy":"activiteit-bron","embeddable":true,"href":"https:\/\/bluebirdtourstravel.com\/es\/wp-json\/wp\/v2\/activiteit-bron?post=28536"},{"taxonomy":"product_brand","embeddable":true,"href":"https:\/\/bluebirdtourstravel.com\/es\/wp-json\/wp\/v2\/product_brand?post=28536"},{"taxonomy":"product_cat","embeddable":true,"href":"https:\/\/bluebirdtourstravel.com\/es\/wp-json\/wp\/v2\/product_cat?post=28536"},{"taxonomy":"product_tag","embeddable":true,"href":"https:\/\/bluebirdtourstravel.com\/es\/wp-json\/wp\/v2\/product_tag?post=28536"}],"curies":[{"name":"wp","href":"https:\/\/api.w.org\/{rel}","templated":true}]}}