{"id":28512,"date":"2025-11-27T15:27:17","date_gmt":"2025-11-27T15:27:17","guid":{"rendered":"https:\/\/bluebirdtourstravel.com\/product\/rita-maasdamme-diorama-viviendo-y-trabajando-en-la-falta-de-libertad\/"},"modified":"2026-03-26T14:05:02","modified_gmt":"2026-03-26T14:05:02","slug":"rita-maasdamme-diorama-viviendo-y-trabajando-en-la-falta-de-libertad","status":"publish","type":"product","link":"https:\/\/bluebirdtourstravel.com\/es\/producto\/rita-maasdamme-diorama-viviendo-y-trabajando-en-la-falta-de-libertad\/","title":{"rendered":"Diorama Rita Maasdamme \u2013 Viviendo y trabajando en la falta de libertad (Surinam)"},"content":{"rendered":"<section class=\"activity-description\">Durante esta experiencia muse\u00edstica inmersiva, literalmente adentrar\u00e1s en la historia y obtendr\u00e1s una visi\u00f3n profunda de la vida en la plantaci\u00f3n durante la \u00e9poca de la esclavitud. Acompa\u00f1ado por un gu\u00eda experto, se te presentar\u00e1 el impresionante diorama Rita Maasdamme, una obra monumental que retrata la vida cotidiana de las personas esclavizadas de manera humana y respetuosa. La exposici\u00f3n destaca no solo el trabajo y la opresi\u00f3n, sino tambi\u00e9n las relaciones familiares, las estructuras sociales y la lucha continua por preservar la identidad y la dignidad. A trav\u00e9s del arte, las historias y el contexto hist\u00f3rico, se crea una perspectiva personal y con capas sobre el pasado colonial de Surinam. Despu\u00e9s de la visita, hay espacio para seguir mirando por su cuenta y dejar que los detalles e historias se asienten en paz.    <\/section>\n","protected":false},"excerpt":{"rendered":"<p>Durante esta experiencia muse\u00edstica inmersiva, literalmente adentrar\u00e1s en la historia y obtendr\u00e1s una visi\u00f3n profunda de la vida en la [&hellip;]<\/p>\n","protected":false},"featured_media":28513,"comment_status":"open","ping_status":"closed","template":"","meta":{"_acf_changed":false,"site-sidebar-layout":"default","site-content-layout":"","ast-site-content-layout":"default","site-content-style":"default","site-sidebar-style":"default","ast-global-header-display":"","ast-banner-title-visibility":"","ast-main-header-display":"","ast-hfb-above-header-display":"","ast-hfb-below-header-display":"","ast-hfb-mobile-header-display":"","site-post-title":"","ast-breadcrumbs-content":"","ast-featured-img":"","footer-sml-layout":"","ast-disable-related-posts":"","theme-transparent-header-meta":"default","adv-header-id-meta":"","stick-header-meta":"","header-above-stick-meta":"","header-main-stick-meta":"","header-below-stick-meta":"","astra-migrate-meta-layouts":"default","ast-page-background-enabled":"default","ast-page-background-meta":{"desktop":{"background-color":"var(--ast-global-color-4)","background-image":"","background-repeat":"repeat","background-position":"center center","background-size":"auto","background-attachment":"scroll","background-type":"","background-media":"","overlay-type":"","overlay-color":"","overlay-opacity":"","overlay-gradient":""},"tablet":{"background-color":"","background-image":"","background-repeat":"repeat","background-position":"center center","background-size":"auto","background-attachment":"scroll","background-type":"","background-media":"","overlay-type":"","overlay-color":"","overlay-opacity":"","overlay-gradient":""},"mobile":{"background-color":"","background-image":"","background-repeat":"repeat","background-position":"center center","background-size":"auto","background-attachment":"scroll","background-type":"","background-media":"","overlay-type":"","overlay-color":"","overlay-opacity":"","overlay-gradient":""}},"ast-content-background-meta":{"desktop":{"background-color":"var(--ast-global-color-5)","background-image":"","background-repeat":"repeat","background-position":"center center","background-size":"auto","background-attachment":"scroll","background-type":"","background-media":"","overlay-type":"","overlay-color":"","overlay-opacity":"","overlay-gradient":""},"tablet":{"background-color":"var(--ast-global-color-5)","background-image":"","background-repeat":"repeat","background-position":"center center","background-size":"auto","background-attachment":"scroll","background-type":"","background-media":"","overlay-type":"","overlay-color":"","overlay-opacity":"","overlay-gradient":""},"mobile":{"background-color":"var(--ast-global-color-5)","background-image":"","background-repeat":"repeat","background-position":"center center","background-size":"auto","background-attachment":"scroll","background-type":"","background-media":"","overlay-type":"","overlay-color":"","overlay-opacity":"","overlay-gradient":""}}},"activiteit-bron":[576,580],"product_brand":[],"product_cat":[132,144],"product_tag":[],"class_list":{"0":"post-28512","1":"product","2":"type-product","3":"status-publish","4":"has-post-thumbnail","6":"activiteit-bron-eigen-netwerk","7":"activiteit-bron-propia-red-surinam","8":"product_cat-naturaleza-y-cultura","9":"product_cat-surinam","10":"desktop-align-left","11":"tablet-align-left","12":"mobile-align-left","14":"first","15":"instock","16":"featured","17":"shipping-taxable","18":"purchasable","19":"product-type-variable"},"acf":[],"_links":{"self":[{"href":"https:\/\/bluebirdtourstravel.com\/es\/wp-json\/wp\/v2\/product\/28512","targetHints":{"allow":["GET"]}}],"collection":[{"href":"https:\/\/bluebirdtourstravel.com\/es\/wp-json\/wp\/v2\/product"}],"about":[{"href":"https:\/\/bluebirdtourstravel.com\/es\/wp-json\/wp\/v2\/types\/product"}],"replies":[{"embeddable":true,"href":"https:\/\/bluebirdtourstravel.com\/es\/wp-json\/wp\/v2\/comments?post=28512"}],"wp:featuredmedia":[{"embeddable":true,"href":"https:\/\/bluebirdtourstravel.com\/es\/wp-json\/wp\/v2\/media\/28513"}],"wp:attachment":[{"href":"https:\/\/bluebirdtourstravel.com\/es\/wp-json\/wp\/v2\/media?parent=28512"}],"wp:term":[{"taxonomy":"activiteit-bron","embeddable":true,"href":"https:\/\/bluebirdtourstravel.com\/es\/wp-json\/wp\/v2\/activiteit-bron?post=28512"},{"taxonomy":"product_brand","embeddable":true,"href":"https:\/\/bluebirdtourstravel.com\/es\/wp-json\/wp\/v2\/product_brand?post=28512"},{"taxonomy":"product_cat","embeddable":true,"href":"https:\/\/bluebirdtourstravel.com\/es\/wp-json\/wp\/v2\/product_cat?post=28512"},{"taxonomy":"product_tag","embeddable":true,"href":"https:\/\/bluebirdtourstravel.com\/es\/wp-json\/wp\/v2\/product_tag?post=28512"}],"curies":[{"name":"wp","href":"https:\/\/api.w.org\/{rel}","templated":true}]}}