{"id":28433,"date":"2025-11-27T14:44:00","date_gmt":"2025-11-27T14:44:00","guid":{"rendered":"https:\/\/bluebirdtourstravel.com\/product\/el-museo-de-la-historia-historias-de-noord-commewijne\/"},"modified":"2026-03-26T14:04:49","modified_gmt":"2026-03-26T14:04:49","slug":"el-museo-de-la-historia-historias-de-noord-commewijne","status":"publish","type":"product","link":"https:\/\/bluebirdtourstravel.com\/es\/producto\/el-museo-de-la-historia-historias-de-noord-commewijne\/","title":{"rendered":"Museo de Historias \u2013 Historias de Noord-Commewijne (Surinam)"},"content":{"rendered":"<section class=\"activity-description\">Bienvenidos al Museo Story de North Commewijne, situado en la hist\u00f3rica casa de la plantaci\u00f3n de Plantation Frederiksdorp de 1760. En este museo especial, descubrir\u00e1 una rica colecci\u00f3n de historias hasta ahora no documentadas de residentes mayores y j\u00f3venes de la orilla derecha del Commewijne. Durante tu visita, recorrer\u00e1s el pasado y el presente y te familiarizar\u00e1s con diversas culturas, tradiciones y recuerdos personales que conectan a generaciones. M\u00e1s de cien historias personales ofrecen una visi\u00f3n profunda y humana de las vidas, sue\u00f1os e historia de la gente de esta regi\u00f3n. La presentaci\u00f3n moderna y visualmente estimulante hace que el patrimonio sea accesible y vivo. La monumental casa, con varias plantas y distintos espacios, crea un entorno inspirador donde cultura, historia e historias humanas se unen.     <\/section>\n","protected":false},"excerpt":{"rendered":"<p>Bienvenidos al Museo Story de North Commewijne, situado en la hist\u00f3rica casa de la plantaci\u00f3n de Plantation Frederiksdorp de 1760. [&hellip;]<\/p>\n","protected":false},"featured_media":28434,"comment_status":"open","ping_status":"closed","template":"","meta":{"_acf_changed":false,"site-sidebar-layout":"default","site-content-layout":"","ast-site-content-layout":"default","site-content-style":"default","site-sidebar-style":"default","ast-global-header-display":"","ast-banner-title-visibility":"","ast-main-header-display":"","ast-hfb-above-header-display":"","ast-hfb-below-header-display":"","ast-hfb-mobile-header-display":"","site-post-title":"","ast-breadcrumbs-content":"","ast-featured-img":"","footer-sml-layout":"","ast-disable-related-posts":"","theme-transparent-header-meta":"default","adv-header-id-meta":"","stick-header-meta":"","header-above-stick-meta":"","header-main-stick-meta":"","header-below-stick-meta":"","astra-migrate-meta-layouts":"default","ast-page-background-enabled":"default","ast-page-background-meta":{"desktop":{"background-color":"var(--ast-global-color-4)","background-image":"","background-repeat":"repeat","background-position":"center center","background-size":"auto","background-attachment":"scroll","background-type":"","background-media":"","overlay-type":"","overlay-color":"","overlay-opacity":"","overlay-gradient":""},"tablet":{"background-color":"","background-image":"","background-repeat":"repeat","background-position":"center center","background-size":"auto","background-attachment":"scroll","background-type":"","background-media":"","overlay-type":"","overlay-color":"","overlay-opacity":"","overlay-gradient":""},"mobile":{"background-color":"","background-image":"","background-repeat":"repeat","background-position":"center center","background-size":"auto","background-attachment":"scroll","background-type":"","background-media":"","overlay-type":"","overlay-color":"","overlay-opacity":"","overlay-gradient":""}},"ast-content-background-meta":{"desktop":{"background-color":"var(--ast-global-color-5)","background-image":"","background-repeat":"repeat","background-position":"center center","background-size":"auto","background-attachment":"scroll","background-type":"","background-media":"","overlay-type":"","overlay-color":"","overlay-opacity":"","overlay-gradient":""},"tablet":{"background-color":"var(--ast-global-color-5)","background-image":"","background-repeat":"repeat","background-position":"center center","background-size":"auto","background-attachment":"scroll","background-type":"","background-media":"","overlay-type":"","overlay-color":"","overlay-opacity":"","overlay-gradient":""},"mobile":{"background-color":"var(--ast-global-color-5)","background-image":"","background-repeat":"repeat","background-position":"center center","background-size":"auto","background-attachment":"scroll","background-type":"","background-media":"","overlay-type":"","overlay-color":"","overlay-opacity":"","overlay-gradient":""}}},"activiteit-bron":[576,580],"product_brand":[],"product_cat":[132,144],"product_tag":[],"class_list":{"0":"post-28433","1":"product","2":"type-product","3":"status-publish","4":"has-post-thumbnail","6":"activiteit-bron-eigen-netwerk","7":"activiteit-bron-propia-red-surinam","8":"product_cat-naturaleza-y-cultura","9":"product_cat-surinam","10":"desktop-align-left","11":"tablet-align-left","12":"mobile-align-left","14":"first","15":"instock","16":"featured","17":"shipping-taxable","18":"purchasable","19":"product-type-variable"},"acf":[],"_links":{"self":[{"href":"https:\/\/bluebirdtourstravel.com\/es\/wp-json\/wp\/v2\/product\/28433","targetHints":{"allow":["GET"]}}],"collection":[{"href":"https:\/\/bluebirdtourstravel.com\/es\/wp-json\/wp\/v2\/product"}],"about":[{"href":"https:\/\/bluebirdtourstravel.com\/es\/wp-json\/wp\/v2\/types\/product"}],"replies":[{"embeddable":true,"href":"https:\/\/bluebirdtourstravel.com\/es\/wp-json\/wp\/v2\/comments?post=28433"}],"wp:featuredmedia":[{"embeddable":true,"href":"https:\/\/bluebirdtourstravel.com\/es\/wp-json\/wp\/v2\/media\/28434"}],"wp:attachment":[{"href":"https:\/\/bluebirdtourstravel.com\/es\/wp-json\/wp\/v2\/media?parent=28433"}],"wp:term":[{"taxonomy":"activiteit-bron","embeddable":true,"href":"https:\/\/bluebirdtourstravel.com\/es\/wp-json\/wp\/v2\/activiteit-bron?post=28433"},{"taxonomy":"product_brand","embeddable":true,"href":"https:\/\/bluebirdtourstravel.com\/es\/wp-json\/wp\/v2\/product_brand?post=28433"},{"taxonomy":"product_cat","embeddable":true,"href":"https:\/\/bluebirdtourstravel.com\/es\/wp-json\/wp\/v2\/product_cat?post=28433"},{"taxonomy":"product_tag","embeddable":true,"href":"https:\/\/bluebirdtourstravel.com\/es\/wp-json\/wp\/v2\/product_tag?post=28433"}],"curies":[{"name":"wp","href":"https:\/\/api.w.org\/{rel}","templated":true}]}}