{"id":28386,"date":"2025-11-27T13:30:43","date_gmt":"2025-11-27T13:30:43","guid":{"rendered":"https:\/\/bluebirdtourstravel.com\/product\/alquiler-de-bicicletas-plantage-kroonenburg-descubre-la-historia-en-bicicleta\/"},"modified":"2026-03-26T14:07:48","modified_gmt":"2026-03-26T14:07:48","slug":"alquiler-de-bicicletas-plantage-kroonenburg-descubre-la-historia-en-bicicleta","status":"publish","type":"product","link":"https:\/\/bluebirdtourstravel.com\/es\/producto\/alquiler-de-bicicletas-plantage-kroonenburg-descubre-la-historia-en-bicicleta\/","title":{"rendered":"Alquiler de bicicletas Plantage Kroonenburg \u2013 Descubre la historia en bicicleta (Surinam)"},"content":{"rendered":"<section class=\"activity-description\">La plantaci\u00f3n Kroonenburg es una hist\u00f3rica plantaci\u00f3n de caf\u00e9 fundada alrededor de 1745 por el reverendo Johannes van der Gaegh y que anteriormente se conoc\u00eda como Domini. Aunque la producci\u00f3n de caf\u00e9 ya es cosa del pasado, hoy la plantaci\u00f3n es una vibrante combinaci\u00f3n de herencia, agricultura y actividad local. Durante este recorrido en bicicleta desde Frederiksdorp descubrir\u00e1s la verde zona de Commewijne y experimentar\u00e1s c\u00f3mo aqu\u00ed se unen la historia y la vida contempor\u00e1nea. Pasar\u00e1s en bicicleta por antiguos puentes, esclusas, canales y vestigios visibles del pasado de las plantaciones, mientras un gu\u00eda experimentado comparte historias sobre la historia colonial, el papel de Surplant N.V. y las diferentes culturas que han dado forma a esta zona. La ruta tranquila y el entorno natural ofrecen una experiencia aut\u00e9ntica y relajante.    <\/section>\n","protected":false},"excerpt":{"rendered":"<p>La plantaci\u00f3n Kroonenburg es una hist\u00f3rica plantaci\u00f3n de caf\u00e9 fundada alrededor de 1745 por el reverendo Johannes van der Gaegh [&hellip;]<\/p>\n","protected":false},"featured_media":28387,"comment_status":"open","ping_status":"closed","template":"","meta":{"_acf_changed":false,"site-sidebar-layout":"default","site-content-layout":"","ast-site-content-layout":"default","site-content-style":"default","site-sidebar-style":"default","ast-global-header-display":"","ast-banner-title-visibility":"","ast-main-header-display":"","ast-hfb-above-header-display":"","ast-hfb-below-header-display":"","ast-hfb-mobile-header-display":"","site-post-title":"","ast-breadcrumbs-content":"","ast-featured-img":"","footer-sml-layout":"","ast-disable-related-posts":"","theme-transparent-header-meta":"default","adv-header-id-meta":"","stick-header-meta":"","header-above-stick-meta":"","header-main-stick-meta":"","header-below-stick-meta":"","astra-migrate-meta-layouts":"default","ast-page-background-enabled":"default","ast-page-background-meta":{"desktop":{"background-color":"var(--ast-global-color-4)","background-image":"","background-repeat":"repeat","background-position":"center center","background-size":"auto","background-attachment":"scroll","background-type":"","background-media":"","overlay-type":"","overlay-color":"","overlay-opacity":"","overlay-gradient":""},"tablet":{"background-color":"","background-image":"","background-repeat":"repeat","background-position":"center center","background-size":"auto","background-attachment":"scroll","background-type":"","background-media":"","overlay-type":"","overlay-color":"","overlay-opacity":"","overlay-gradient":""},"mobile":{"background-color":"","background-image":"","background-repeat":"repeat","background-position":"center center","background-size":"auto","background-attachment":"scroll","background-type":"","background-media":"","overlay-type":"","overlay-color":"","overlay-opacity":"","overlay-gradient":""}},"ast-content-background-meta":{"desktop":{"background-color":"var(--ast-global-color-5)","background-image":"","background-repeat":"repeat","background-position":"center center","background-size":"auto","background-attachment":"scroll","background-type":"","background-media":"","overlay-type":"","overlay-color":"","overlay-opacity":"","overlay-gradient":""},"tablet":{"background-color":"var(--ast-global-color-5)","background-image":"","background-repeat":"repeat","background-position":"center center","background-size":"auto","background-attachment":"scroll","background-type":"","background-media":"","overlay-type":"","overlay-color":"","overlay-opacity":"","overlay-gradient":""},"mobile":{"background-color":"var(--ast-global-color-5)","background-image":"","background-repeat":"repeat","background-position":"center center","background-size":"auto","background-attachment":"scroll","background-type":"","background-media":"","overlay-type":"","overlay-color":"","overlay-opacity":"","overlay-gradient":""}}},"activiteit-bron":[576,580],"product_brand":[],"product_cat":[211,132,144],"product_tag":[],"class_list":{"0":"post-28386","1":"product","2":"type-product","3":"status-publish","4":"has-post-thumbnail","6":"activiteit-bron-eigen-netwerk","7":"activiteit-bron-propia-red-surinam","8":"product_cat-actividades-al-aire-libre","9":"product_cat-naturaleza-y-cultura","10":"product_cat-surinam","11":"desktop-align-left","12":"tablet-align-left","13":"mobile-align-left","15":"first","16":"instock","17":"featured","18":"shipping-taxable","19":"purchasable","20":"product-type-variable"},"acf":[],"_links":{"self":[{"href":"https:\/\/bluebirdtourstravel.com\/es\/wp-json\/wp\/v2\/product\/28386","targetHints":{"allow":["GET"]}}],"collection":[{"href":"https:\/\/bluebirdtourstravel.com\/es\/wp-json\/wp\/v2\/product"}],"about":[{"href":"https:\/\/bluebirdtourstravel.com\/es\/wp-json\/wp\/v2\/types\/product"}],"replies":[{"embeddable":true,"href":"https:\/\/bluebirdtourstravel.com\/es\/wp-json\/wp\/v2\/comments?post=28386"}],"wp:featuredmedia":[{"embeddable":true,"href":"https:\/\/bluebirdtourstravel.com\/es\/wp-json\/wp\/v2\/media\/28387"}],"wp:attachment":[{"href":"https:\/\/bluebirdtourstravel.com\/es\/wp-json\/wp\/v2\/media?parent=28386"}],"wp:term":[{"taxonomy":"activiteit-bron","embeddable":true,"href":"https:\/\/bluebirdtourstravel.com\/es\/wp-json\/wp\/v2\/activiteit-bron?post=28386"},{"taxonomy":"product_brand","embeddable":true,"href":"https:\/\/bluebirdtourstravel.com\/es\/wp-json\/wp\/v2\/product_brand?post=28386"},{"taxonomy":"product_cat","embeddable":true,"href":"https:\/\/bluebirdtourstravel.com\/es\/wp-json\/wp\/v2\/product_cat?post=28386"},{"taxonomy":"product_tag","embeddable":true,"href":"https:\/\/bluebirdtourstravel.com\/es\/wp-json\/wp\/v2\/product_tag?post=28386"}],"curies":[{"name":"wp","href":"https:\/\/api.w.org\/{rel}","templated":true}]}}