{"id":28360,"date":"2025-11-27T13:02:20","date_gmt":"2025-11-27T13:02:20","guid":{"rendered":"https:\/\/bluebirdtourstravel.com\/product\/braamspunt-y-pomona-descubre-la-costa-salvaje-de-commewijne\/"},"modified":"2026-03-26T14:07:51","modified_gmt":"2026-03-26T14:07:51","slug":"braamspunt-y-pomona-descubre-la-costa-salvaje-de-commewijne","status":"publish","type":"product","link":"https:\/\/bluebirdtourstravel.com\/es\/producto\/braamspunt-y-pomona-descubre-la-costa-salvaje-de-commewijne\/","title":{"rendered":"Braamspunt y Pomona \u2013 Descubre la costa salvaje de Commewijne (Surinam)"},"content":{"rendered":"<section class=\"activity-description\">Descubre una de las zonas costeras m\u00e1s especiales de Surinam en un relajante viaje a Braamspunt, una impresionante playa donde se encuentran r\u00edos y oc\u00e9anos. Esta experiencia comienza con un paseo en barco hacia el punto m\u00e1s occidental de la zona de Commewijne, donde se encuentran el r\u00edo Commewijne, el r\u00edo Surinam y el oc\u00e9ano Atl\u00e1ntico. Una vez llegadas, se despliega una vasta y tranquila playa que te invita a pasear, nadar o simplemente disfrutar del entorno virgen. Los troncos de manglar varados otorgan a la zona un car\u00e1cter agreste y subrayan por qu\u00e9 esta costa es conocida como la Costa Salvaje. Braamspunt tambi\u00e9n se ha convertido en un importante lugar de cr\u00eda para tortugas marinas, lo que hace que este destino sea especialmente especial. Gracias a la atm\u00f3sfera tranquila y a la alternancia entre la naturaleza y el relajaci\u00f3n, este tour es adecuado tanto para familias como para amantes de la naturaleza que desean experimentar Surinam desde otro lado.     <\/section>\n","protected":false},"excerpt":{"rendered":"<p>Descubre una de las zonas costeras m\u00e1s especiales de Surinam en un relajante viaje a Braamspunt, una impresionante playa donde [&hellip;]<\/p>\n","protected":false},"featured_media":28361,"comment_status":"open","ping_status":"closed","template":"","meta":{"_acf_changed":false,"site-sidebar-layout":"default","site-content-layout":"","ast-site-content-layout":"default","site-content-style":"default","site-sidebar-style":"default","ast-global-header-display":"","ast-banner-title-visibility":"","ast-main-header-display":"","ast-hfb-above-header-display":"","ast-hfb-below-header-display":"","ast-hfb-mobile-header-display":"","site-post-title":"","ast-breadcrumbs-content":"","ast-featured-img":"","footer-sml-layout":"","ast-disable-related-posts":"","theme-transparent-header-meta":"default","adv-header-id-meta":"","stick-header-meta":"","header-above-stick-meta":"","header-main-stick-meta":"","header-below-stick-meta":"","astra-migrate-meta-layouts":"default","ast-page-background-enabled":"default","ast-page-background-meta":{"desktop":{"background-color":"var(--ast-global-color-4)","background-image":"","background-repeat":"repeat","background-position":"center center","background-size":"auto","background-attachment":"scroll","background-type":"","background-media":"","overlay-type":"","overlay-color":"","overlay-opacity":"","overlay-gradient":""},"tablet":{"background-color":"","background-image":"","background-repeat":"repeat","background-position":"center center","background-size":"auto","background-attachment":"scroll","background-type":"","background-media":"","overlay-type":"","overlay-color":"","overlay-opacity":"","overlay-gradient":""},"mobile":{"background-color":"","background-image":"","background-repeat":"repeat","background-position":"center center","background-size":"auto","background-attachment":"scroll","background-type":"","background-media":"","overlay-type":"","overlay-color":"","overlay-opacity":"","overlay-gradient":""}},"ast-content-background-meta":{"desktop":{"background-color":"var(--ast-global-color-5)","background-image":"","background-repeat":"repeat","background-position":"center center","background-size":"auto","background-attachment":"scroll","background-type":"","background-media":"","overlay-type":"","overlay-color":"","overlay-opacity":"","overlay-gradient":""},"tablet":{"background-color":"var(--ast-global-color-5)","background-image":"","background-repeat":"repeat","background-position":"center center","background-size":"auto","background-attachment":"scroll","background-type":"","background-media":"","overlay-type":"","overlay-color":"","overlay-opacity":"","overlay-gradient":""},"mobile":{"background-color":"var(--ast-global-color-5)","background-image":"","background-repeat":"repeat","background-position":"center center","background-size":"auto","background-attachment":"scroll","background-type":"","background-media":"","overlay-type":"","overlay-color":"","overlay-opacity":"","overlay-gradient":""}}},"activiteit-bron":[576,580],"product_brand":[],"product_cat":[211,156,132,144],"product_tag":[],"class_list":{"0":"post-28360","1":"product","2":"type-product","3":"status-publish","4":"has-post-thumbnail","6":"activiteit-bron-eigen-netwerk","7":"activiteit-bron-propia-red-surinam","8":"product_cat-actividades-al-aire-libre","9":"product_cat-barcos-y-rafting","10":"product_cat-naturaleza-y-cultura","11":"product_cat-surinam","12":"desktop-align-left","13":"tablet-align-left","14":"mobile-align-left","16":"first","17":"instock","18":"featured","19":"shipping-taxable","20":"purchasable","21":"product-type-simple"},"acf":[],"_links":{"self":[{"href":"https:\/\/bluebirdtourstravel.com\/es\/wp-json\/wp\/v2\/product\/28360","targetHints":{"allow":["GET"]}}],"collection":[{"href":"https:\/\/bluebirdtourstravel.com\/es\/wp-json\/wp\/v2\/product"}],"about":[{"href":"https:\/\/bluebirdtourstravel.com\/es\/wp-json\/wp\/v2\/types\/product"}],"replies":[{"embeddable":true,"href":"https:\/\/bluebirdtourstravel.com\/es\/wp-json\/wp\/v2\/comments?post=28360"}],"wp:featuredmedia":[{"embeddable":true,"href":"https:\/\/bluebirdtourstravel.com\/es\/wp-json\/wp\/v2\/media\/28361"}],"wp:attachment":[{"href":"https:\/\/bluebirdtourstravel.com\/es\/wp-json\/wp\/v2\/media?parent=28360"}],"wp:term":[{"taxonomy":"activiteit-bron","embeddable":true,"href":"https:\/\/bluebirdtourstravel.com\/es\/wp-json\/wp\/v2\/activiteit-bron?post=28360"},{"taxonomy":"product_brand","embeddable":true,"href":"https:\/\/bluebirdtourstravel.com\/es\/wp-json\/wp\/v2\/product_brand?post=28360"},{"taxonomy":"product_cat","embeddable":true,"href":"https:\/\/bluebirdtourstravel.com\/es\/wp-json\/wp\/v2\/product_cat?post=28360"},{"taxonomy":"product_tag","embeddable":true,"href":"https:\/\/bluebirdtourstravel.com\/es\/wp-json\/wp\/v2\/product_tag?post=28360"}],"curies":[{"name":"wp","href":"https:\/\/api.w.org\/{rel}","templated":true}]}}