{"id":28344,"date":"2025-11-27T12:56:54","date_gmt":"2025-11-27T12:56:54","guid":{"rendered":"https:\/\/bluebirdtourstravel.com\/product\/crucero-en-barco-bakkie-museum-alliance-tour-de-cultura-historica-en-el-commewijne\/"},"modified":"2026-03-26T14:07:47","modified_gmt":"2026-03-26T14:07:47","slug":"crucero-en-barco-bakkie-museum-alliance-tour-de-cultura-historica-en-el-commewijne","status":"publish","type":"product","link":"https:\/\/bluebirdtourstravel.com\/es\/producto\/crucero-en-barco-bakkie-museum-alliance-tour-de-cultura-historica-en-el-commewijne\/","title":{"rendered":"Excursi\u00f3n en barco Bakkie &amp; Museum Alliance \u2013 Tour de cultura hist\u00f3rica en la Commewijne (Surinam)"},"content":{"rendered":"<section class=\"activity-description\">Descubre la fascinante historia del Museo Bakkie durante un paseo en barco atmosf\u00e9rico por el r\u00edo Commewijne. Esta experiencia especial combina un relajante crucero con una introducci\u00f3n en profundidad a uno de los sitios patrimoniales m\u00e1s singulares de Surinam. Situado en la \u00faltima plantaci\u00f3n habitada en la orilla derecha del r\u00edo, el Museo Bakkie cuenta la historia de generaciones, unidas por la historia, la cultura y el descubrimiento personal. Los or\u00edgenes del museo se encuentran en la investigaci\u00f3n de historia familiar realizada por la cofundadora Marsha Mormon, que se convirti\u00f3 en un impresionante proyecto patrimonial. Durante la visita, se te presentar\u00e1 una excepcional colecci\u00f3n privada formada por hallazgos arqueol\u00f3gicos e investigaciones hist\u00f3ricas. Documentos originales, mapas y artefactos dan vida al pasado y ofrecen una rara visi\u00f3n de la historia colonial y cultural de Surinam, en medio de un paisaje fluvial relajante.     <\/section>\n","protected":false},"excerpt":{"rendered":"<p>Descubre la fascinante historia del Museo Bakkie durante un paseo en barco atmosf\u00e9rico por el r\u00edo Commewijne. Esta experiencia especial [&hellip;]<\/p>\n","protected":false},"featured_media":28345,"comment_status":"open","ping_status":"closed","template":"","meta":{"_acf_changed":false,"site-sidebar-layout":"default","site-content-layout":"","ast-site-content-layout":"default","site-content-style":"default","site-sidebar-style":"default","ast-global-header-display":"","ast-banner-title-visibility":"","ast-main-header-display":"","ast-hfb-above-header-display":"","ast-hfb-below-header-display":"","ast-hfb-mobile-header-display":"","site-post-title":"","ast-breadcrumbs-content":"","ast-featured-img":"","footer-sml-layout":"","ast-disable-related-posts":"","theme-transparent-header-meta":"default","adv-header-id-meta":"","stick-header-meta":"","header-above-stick-meta":"","header-main-stick-meta":"","header-below-stick-meta":"","astra-migrate-meta-layouts":"default","ast-page-background-enabled":"default","ast-page-background-meta":{"desktop":{"background-color":"var(--ast-global-color-4)","background-image":"","background-repeat":"repeat","background-position":"center center","background-size":"auto","background-attachment":"scroll","background-type":"","background-media":"","overlay-type":"","overlay-color":"","overlay-opacity":"","overlay-gradient":""},"tablet":{"background-color":"","background-image":"","background-repeat":"repeat","background-position":"center center","background-size":"auto","background-attachment":"scroll","background-type":"","background-media":"","overlay-type":"","overlay-color":"","overlay-opacity":"","overlay-gradient":""},"mobile":{"background-color":"","background-image":"","background-repeat":"repeat","background-position":"center center","background-size":"auto","background-attachment":"scroll","background-type":"","background-media":"","overlay-type":"","overlay-color":"","overlay-opacity":"","overlay-gradient":""}},"ast-content-background-meta":{"desktop":{"background-color":"var(--ast-global-color-5)","background-image":"","background-repeat":"repeat","background-position":"center center","background-size":"auto","background-attachment":"scroll","background-type":"","background-media":"","overlay-type":"","overlay-color":"","overlay-opacity":"","overlay-gradient":""},"tablet":{"background-color":"var(--ast-global-color-5)","background-image":"","background-repeat":"repeat","background-position":"center center","background-size":"auto","background-attachment":"scroll","background-type":"","background-media":"","overlay-type":"","overlay-color":"","overlay-opacity":"","overlay-gradient":""},"mobile":{"background-color":"var(--ast-global-color-5)","background-image":"","background-repeat":"repeat","background-position":"center center","background-size":"auto","background-attachment":"scroll","background-type":"","background-media":"","overlay-type":"","overlay-color":"","overlay-opacity":"","overlay-gradient":""}}},"activiteit-bron":[],"product_brand":[],"product_cat":[211,156,132,144],"product_tag":[],"class_list":{"0":"post-28344","1":"product","2":"type-product","3":"status-publish","4":"has-post-thumbnail","6":"product_cat-actividades-al-aire-libre","7":"product_cat-barcos-y-rafting","8":"product_cat-naturaleza-y-cultura","9":"product_cat-surinam","10":"desktop-align-left","11":"tablet-align-left","12":"mobile-align-left","14":"first","15":"instock","16":"featured","17":"shipping-taxable","18":"purchasable","19":"product-type-simple"},"acf":[],"_links":{"self":[{"href":"https:\/\/bluebirdtourstravel.com\/es\/wp-json\/wp\/v2\/product\/28344","targetHints":{"allow":["GET"]}}],"collection":[{"href":"https:\/\/bluebirdtourstravel.com\/es\/wp-json\/wp\/v2\/product"}],"about":[{"href":"https:\/\/bluebirdtourstravel.com\/es\/wp-json\/wp\/v2\/types\/product"}],"replies":[{"embeddable":true,"href":"https:\/\/bluebirdtourstravel.com\/es\/wp-json\/wp\/v2\/comments?post=28344"}],"wp:featuredmedia":[{"embeddable":true,"href":"https:\/\/bluebirdtourstravel.com\/es\/wp-json\/wp\/v2\/media\/28345"}],"wp:attachment":[{"href":"https:\/\/bluebirdtourstravel.com\/es\/wp-json\/wp\/v2\/media?parent=28344"}],"wp:term":[{"taxonomy":"activiteit-bron","embeddable":true,"href":"https:\/\/bluebirdtourstravel.com\/es\/wp-json\/wp\/v2\/activiteit-bron?post=28344"},{"taxonomy":"product_brand","embeddable":true,"href":"https:\/\/bluebirdtourstravel.com\/es\/wp-json\/wp\/v2\/product_brand?post=28344"},{"taxonomy":"product_cat","embeddable":true,"href":"https:\/\/bluebirdtourstravel.com\/es\/wp-json\/wp\/v2\/product_cat?post=28344"},{"taxonomy":"product_tag","embeddable":true,"href":"https:\/\/bluebirdtourstravel.com\/es\/wp-json\/wp\/v2\/product_tag?post=28344"}],"curies":[{"name":"wp","href":"https:\/\/api.w.org\/{rel}","templated":true}]}}