{"id":28296,"date":"2025-11-27T12:32:54","date_gmt":"2025-11-27T12:32:54","guid":{"rendered":"https:\/\/bluebirdtourstravel.com\/product\/ruta-de-humedales-manglares-y-playa-de-matapica-ruta-larga\/"},"modified":"2026-03-26T14:07:29","modified_gmt":"2026-03-26T14:07:29","slug":"ruta-de-humedales-manglares-y-playa-de-matapica-ruta-larga","status":"publish","type":"product","link":"https:\/\/bluebirdtourstravel.com\/es\/producto\/ruta-de-humedales-manglares-y-playa-de-matapica-ruta-larga\/","title":{"rendered":"Ruta de humedales \u2013 Manglares y playa de Matapica (Ruta Larga) (Surinam)"},"content":{"rendered":"<section class=\"activity-description\">Descubre el impresionante pantano costero durante el Wetland Long Route Mangrove Tour, una experiencia natural completa en una de las zonas m\u00e1s biodiversas de Surinam. Desde Johan y Margaretha, subir\u00e1s a peque\u00f1os barcos de pesca y navegar\u00e1s por aguas abiertas, arroyos estrechos y una compleja red de manglares con sus caracter\u00edsticas ra\u00edces sobre pilotes. Acompa\u00f1ado por un gu\u00eda local, aprender\u00e1s todo sobre este ecosistema \u00fanico, donde flora y fauna se re\u00fanen en perfecto equilibrio. El tour ofrece una variedad constante de paisajes y sonidos, de modo que cada curva trae nuevas sorpresas. El punto culminante absoluto es la visita a la apartada playa de Matapica, donde la extensa playa y el oc\u00e9ano Atl\u00e1ntico crean un ambiente casi intacto. Para quienes busquen aventura extra, la experiencia puede ampliarse con un tour nocturno de caimanes, donde se desliza silenciosamente por el pantano crepuscular y se experimenta la zona de una manera totalmente diferente.     <\/section>\n","protected":false},"excerpt":{"rendered":"<p>Descubre el impresionante pantano costero durante el Wetland Long Route Mangrove Tour, una experiencia natural completa en una de las [&hellip;]<\/p>\n","protected":false},"featured_media":28297,"comment_status":"open","ping_status":"closed","template":"","meta":{"_acf_changed":false,"site-sidebar-layout":"default","site-content-layout":"","ast-site-content-layout":"default","site-content-style":"default","site-sidebar-style":"default","ast-global-header-display":"","ast-banner-title-visibility":"","ast-main-header-display":"","ast-hfb-above-header-display":"","ast-hfb-below-header-display":"","ast-hfb-mobile-header-display":"","site-post-title":"","ast-breadcrumbs-content":"","ast-featured-img":"","footer-sml-layout":"","ast-disable-related-posts":"","theme-transparent-header-meta":"default","adv-header-id-meta":"","stick-header-meta":"","header-above-stick-meta":"","header-main-stick-meta":"","header-below-stick-meta":"","astra-migrate-meta-layouts":"default","ast-page-background-enabled":"default","ast-page-background-meta":{"desktop":{"background-color":"var(--ast-global-color-4)","background-image":"","background-repeat":"repeat","background-position":"center center","background-size":"auto","background-attachment":"scroll","background-type":"","background-media":"","overlay-type":"","overlay-color":"","overlay-opacity":"","overlay-gradient":""},"tablet":{"background-color":"","background-image":"","background-repeat":"repeat","background-position":"center center","background-size":"auto","background-attachment":"scroll","background-type":"","background-media":"","overlay-type":"","overlay-color":"","overlay-opacity":"","overlay-gradient":""},"mobile":{"background-color":"","background-image":"","background-repeat":"repeat","background-position":"center center","background-size":"auto","background-attachment":"scroll","background-type":"","background-media":"","overlay-type":"","overlay-color":"","overlay-opacity":"","overlay-gradient":""}},"ast-content-background-meta":{"desktop":{"background-color":"var(--ast-global-color-5)","background-image":"","background-repeat":"repeat","background-position":"center center","background-size":"auto","background-attachment":"scroll","background-type":"","background-media":"","overlay-type":"","overlay-color":"","overlay-opacity":"","overlay-gradient":""},"tablet":{"background-color":"var(--ast-global-color-5)","background-image":"","background-repeat":"repeat","background-position":"center center","background-size":"auto","background-attachment":"scroll","background-type":"","background-media":"","overlay-type":"","overlay-color":"","overlay-opacity":"","overlay-gradient":""},"mobile":{"background-color":"var(--ast-global-color-5)","background-image":"","background-repeat":"repeat","background-position":"center center","background-size":"auto","background-attachment":"scroll","background-type":"","background-media":"","overlay-type":"","overlay-color":"","overlay-opacity":"","overlay-gradient":""}}},"activiteit-bron":[],"product_brand":[],"product_cat":[211,156,132,144],"product_tag":[],"class_list":{"0":"post-28296","1":"product","2":"type-product","3":"status-publish","4":"has-post-thumbnail","6":"product_cat-actividades-al-aire-libre","7":"product_cat-barcos-y-rafting","8":"product_cat-naturaleza-y-cultura","9":"product_cat-surinam","10":"desktop-align-left","11":"tablet-align-left","12":"mobile-align-left","14":"first","15":"instock","16":"featured","17":"shipping-taxable","18":"purchasable","19":"product-type-simple"},"acf":[],"_links":{"self":[{"href":"https:\/\/bluebirdtourstravel.com\/es\/wp-json\/wp\/v2\/product\/28296","targetHints":{"allow":["GET"]}}],"collection":[{"href":"https:\/\/bluebirdtourstravel.com\/es\/wp-json\/wp\/v2\/product"}],"about":[{"href":"https:\/\/bluebirdtourstravel.com\/es\/wp-json\/wp\/v2\/types\/product"}],"replies":[{"embeddable":true,"href":"https:\/\/bluebirdtourstravel.com\/es\/wp-json\/wp\/v2\/comments?post=28296"}],"wp:featuredmedia":[{"embeddable":true,"href":"https:\/\/bluebirdtourstravel.com\/es\/wp-json\/wp\/v2\/media\/28297"}],"wp:attachment":[{"href":"https:\/\/bluebirdtourstravel.com\/es\/wp-json\/wp\/v2\/media?parent=28296"}],"wp:term":[{"taxonomy":"activiteit-bron","embeddable":true,"href":"https:\/\/bluebirdtourstravel.com\/es\/wp-json\/wp\/v2\/activiteit-bron?post=28296"},{"taxonomy":"product_brand","embeddable":true,"href":"https:\/\/bluebirdtourstravel.com\/es\/wp-json\/wp\/v2\/product_brand?post=28296"},{"taxonomy":"product_cat","embeddable":true,"href":"https:\/\/bluebirdtourstravel.com\/es\/wp-json\/wp\/v2\/product_cat?post=28296"},{"taxonomy":"product_tag","embeddable":true,"href":"https:\/\/bluebirdtourstravel.com\/es\/wp-json\/wp\/v2\/product_tag?post=28296"}],"curies":[{"name":"wp","href":"https:\/\/api.w.org\/{rel}","templated":true}]}}