{"id":28279,"date":"2025-11-27T12:25:16","date_gmt":"2025-11-27T12:25:16","guid":{"rendered":"https:\/\/bluebirdtourstravel.com\/product\/ruta-corta-por-el-pantano-de-humedales-lotus-valley\/"},"modified":"2026-03-26T14:07:34","modified_gmt":"2026-03-26T14:07:34","slug":"ruta-corta-por-el-pantano-de-humedales-lotus-valley","status":"publish","type":"product","link":"https:\/\/bluebirdtourstravel.com\/es\/producto\/ruta-corta-por-el-pantano-de-humedales-lotus-valley\/","title":{"rendered":"Ruta corta del valle del Humedal \u2013 Lotus Valley (Surinam)"},"content":{"rendered":"<section class=\"activity-description\">\u00danete a nosotros en un viaje pac\u00edfico y especial de descubrimiento por los humedales de Margaret, donde la naturaleza y la cultura se funden sin problemas. Tras un corto trayecto en bicicleta desde Frederiksdorp, sube a un tradicional barco pesquero de madera y recorre tranquilas v\u00edas fluviales acompa\u00f1ado de un gu\u00eda local experimentado. Mientras el barco se desliza silenciosamente por el paisaje, el gu\u00eda compartir\u00e1 historias sobre la zona, la cultura local y el rico ecosistema que hace que esta regi\u00f3n sea tan especial. El Valle del Loto es conocido por su impresionante biodiversidad y cada viaje se siente diferente debido a la constante alternancia de luz, sonidos y vida animal. A lo largo del camino, experimentar\u00e1s los humedales de cerca y experimentar\u00e1s c\u00f3mo el hombre y la naturaleza han vivido juntos aqu\u00ed durante generaciones. Un momento l\u00fadico y aut\u00e9ntico durante la ruta es el breve desembarco en una peque\u00f1a presa, donde ayudas a tirar del barco m\u00e1s lejos, una acci\u00f3n sencilla que hace que esta experiencia sea a\u00fan m\u00e1s memorable.     <\/section>\n","protected":false},"excerpt":{"rendered":"<p>\u00danete a nosotros en un viaje pac\u00edfico y especial de descubrimiento por los humedales de Margaret, donde la naturaleza y [&hellip;]<\/p>\n","protected":false},"featured_media":28280,"comment_status":"open","ping_status":"closed","template":"","meta":{"_acf_changed":false,"site-sidebar-layout":"default","site-content-layout":"","ast-site-content-layout":"default","site-content-style":"default","site-sidebar-style":"default","ast-global-header-display":"","ast-banner-title-visibility":"","ast-main-header-display":"","ast-hfb-above-header-display":"","ast-hfb-below-header-display":"","ast-hfb-mobile-header-display":"","site-post-title":"","ast-breadcrumbs-content":"","ast-featured-img":"","footer-sml-layout":"","ast-disable-related-posts":"","theme-transparent-header-meta":"default","adv-header-id-meta":"","stick-header-meta":"","header-above-stick-meta":"","header-main-stick-meta":"","header-below-stick-meta":"","astra-migrate-meta-layouts":"default","ast-page-background-enabled":"default","ast-page-background-meta":{"desktop":{"background-color":"var(--ast-global-color-4)","background-image":"","background-repeat":"repeat","background-position":"center center","background-size":"auto","background-attachment":"scroll","background-type":"","background-media":"","overlay-type":"","overlay-color":"","overlay-opacity":"","overlay-gradient":""},"tablet":{"background-color":"","background-image":"","background-repeat":"repeat","background-position":"center center","background-size":"auto","background-attachment":"scroll","background-type":"","background-media":"","overlay-type":"","overlay-color":"","overlay-opacity":"","overlay-gradient":""},"mobile":{"background-color":"","background-image":"","background-repeat":"repeat","background-position":"center center","background-size":"auto","background-attachment":"scroll","background-type":"","background-media":"","overlay-type":"","overlay-color":"","overlay-opacity":"","overlay-gradient":""}},"ast-content-background-meta":{"desktop":{"background-color":"var(--ast-global-color-5)","background-image":"","background-repeat":"repeat","background-position":"center center","background-size":"auto","background-attachment":"scroll","background-type":"","background-media":"","overlay-type":"","overlay-color":"","overlay-opacity":"","overlay-gradient":""},"tablet":{"background-color":"var(--ast-global-color-5)","background-image":"","background-repeat":"repeat","background-position":"center center","background-size":"auto","background-attachment":"scroll","background-type":"","background-media":"","overlay-type":"","overlay-color":"","overlay-opacity":"","overlay-gradient":""},"mobile":{"background-color":"var(--ast-global-color-5)","background-image":"","background-repeat":"repeat","background-position":"center center","background-size":"auto","background-attachment":"scroll","background-type":"","background-media":"","overlay-type":"","overlay-color":"","overlay-opacity":"","overlay-gradient":""}}},"activiteit-bron":[576,580],"product_brand":[],"product_cat":[211,156,173,132,144],"product_tag":[],"class_list":{"0":"post-28279","1":"product","2":"type-product","3":"status-publish","4":"has-post-thumbnail","6":"activiteit-bron-eigen-netwerk","7":"activiteit-bron-propia-red-surinam","8":"product_cat-actividades-al-aire-libre","9":"product_cat-barcos-y-rafting","10":"product_cat-kayaks-es","11":"product_cat-naturaleza-y-cultura","12":"product_cat-surinam","13":"desktop-align-left","14":"tablet-align-left","15":"mobile-align-left","17":"first","18":"instock","19":"featured","20":"shipping-taxable","21":"purchasable","22":"product-type-simple"},"acf":[],"_links":{"self":[{"href":"https:\/\/bluebirdtourstravel.com\/es\/wp-json\/wp\/v2\/product\/28279","targetHints":{"allow":["GET"]}}],"collection":[{"href":"https:\/\/bluebirdtourstravel.com\/es\/wp-json\/wp\/v2\/product"}],"about":[{"href":"https:\/\/bluebirdtourstravel.com\/es\/wp-json\/wp\/v2\/types\/product"}],"replies":[{"embeddable":true,"href":"https:\/\/bluebirdtourstravel.com\/es\/wp-json\/wp\/v2\/comments?post=28279"}],"wp:featuredmedia":[{"embeddable":true,"href":"https:\/\/bluebirdtourstravel.com\/es\/wp-json\/wp\/v2\/media\/28280"}],"wp:attachment":[{"href":"https:\/\/bluebirdtourstravel.com\/es\/wp-json\/wp\/v2\/media?parent=28279"}],"wp:term":[{"taxonomy":"activiteit-bron","embeddable":true,"href":"https:\/\/bluebirdtourstravel.com\/es\/wp-json\/wp\/v2\/activiteit-bron?post=28279"},{"taxonomy":"product_brand","embeddable":true,"href":"https:\/\/bluebirdtourstravel.com\/es\/wp-json\/wp\/v2\/product_brand?post=28279"},{"taxonomy":"product_cat","embeddable":true,"href":"https:\/\/bluebirdtourstravel.com\/es\/wp-json\/wp\/v2\/product_cat?post=28279"},{"taxonomy":"product_tag","embeddable":true,"href":"https:\/\/bluebirdtourstravel.com\/es\/wp-json\/wp\/v2\/product_tag?post=28279"}],"curies":[{"name":"wp","href":"https:\/\/api.w.org\/{rel}","templated":true}]}}