{"id":28270,"date":"2025-11-27T12:19:32","date_gmt":"2025-11-27T12:19:32","guid":{"rendered":"https:\/\/bluebirdtourstravel.com\/product\/viaje-al-atardecer-por-el-rio-acogedor-excursion-vespertina-desde-frederiksdorp\/"},"modified":"2026-03-26T14:07:31","modified_gmt":"2026-03-26T14:07:31","slug":"viaje-al-atardecer-por-el-rio-acogedor-excursion-vespertina-desde-frederiksdorp","status":"publish","type":"product","link":"https:\/\/bluebirdtourstravel.com\/es\/producto\/viaje-al-atardecer-por-el-rio-acogedor-excursion-vespertina-desde-frederiksdorp\/","title":{"rendered":"Viaje al atardecer por el r\u00edo \u2013 Acogedor viaje por la tarde desde Frederiksdorp (Surinam)"},"content":{"rendered":"<section class=\"activity-description\">Disfruta de una velada c\u00e1lida y relajante en el agua durante este atmosf\u00e9rico viaje al atardecer, ideal para familias, amigos y parejas que quieren disfrutar de paz, naturaleza y momentos especiales juntos. Mientras el barco se desliza silenciosamente por el r\u00edo, el paisaje cambia lentamente a una paleta de tonos dorados y rosas. En el camino, hay la oportunidad de ver delfines que juguetonamente emergen bajo la suave luz del atardecer. El ambiente \u00edntimo hace que este tour sea perfecto para grupos peque\u00f1os que buscan una experiencia acogedora y personalizada. Durante el crucero, podr\u00e1s disfrutar de una buena copa de vino y de una caja de aperitivos bien cuidada, mientras el entorno se vuelve cada vez m\u00e1s tranquilo. De camino de regreso, hay una breve parada en Margaretha, donde las garzas se re\u00fanen para pasar la noche, una escena natural t\u00edpica y relajante de la regi\u00f3n de Commewijne. Este viaje al atardecer combina relajaci\u00f3n, naturaleza y uni\u00f3n en una experiencia vespertina inolvidable.      <\/section>\n","protected":false},"excerpt":{"rendered":"<p>Disfruta de una velada c\u00e1lida y relajante en el agua durante este atmosf\u00e9rico viaje al atardecer, ideal para familias, amigos [&hellip;]<\/p>\n","protected":false},"featured_media":28271,"comment_status":"open","ping_status":"closed","template":"","meta":{"_acf_changed":false,"site-sidebar-layout":"default","site-content-layout":"","ast-site-content-layout":"default","site-content-style":"default","site-sidebar-style":"default","ast-global-header-display":"","ast-banner-title-visibility":"","ast-main-header-display":"","ast-hfb-above-header-display":"","ast-hfb-below-header-display":"","ast-hfb-mobile-header-display":"","site-post-title":"","ast-breadcrumbs-content":"","ast-featured-img":"","footer-sml-layout":"","ast-disable-related-posts":"","theme-transparent-header-meta":"default","adv-header-id-meta":"","stick-header-meta":"","header-above-stick-meta":"","header-main-stick-meta":"","header-below-stick-meta":"","astra-migrate-meta-layouts":"default","ast-page-background-enabled":"default","ast-page-background-meta":{"desktop":{"background-color":"var(--ast-global-color-4)","background-image":"","background-repeat":"repeat","background-position":"center center","background-size":"auto","background-attachment":"scroll","background-type":"","background-media":"","overlay-type":"","overlay-color":"","overlay-opacity":"","overlay-gradient":""},"tablet":{"background-color":"","background-image":"","background-repeat":"repeat","background-position":"center center","background-size":"auto","background-attachment":"scroll","background-type":"","background-media":"","overlay-type":"","overlay-color":"","overlay-opacity":"","overlay-gradient":""},"mobile":{"background-color":"","background-image":"","background-repeat":"repeat","background-position":"center center","background-size":"auto","background-attachment":"scroll","background-type":"","background-media":"","overlay-type":"","overlay-color":"","overlay-opacity":"","overlay-gradient":""}},"ast-content-background-meta":{"desktop":{"background-color":"var(--ast-global-color-5)","background-image":"","background-repeat":"repeat","background-position":"center center","background-size":"auto","background-attachment":"scroll","background-type":"","background-media":"","overlay-type":"","overlay-color":"","overlay-opacity":"","overlay-gradient":""},"tablet":{"background-color":"var(--ast-global-color-5)","background-image":"","background-repeat":"repeat","background-position":"center center","background-size":"auto","background-attachment":"scroll","background-type":"","background-media":"","overlay-type":"","overlay-color":"","overlay-opacity":"","overlay-gradient":""},"mobile":{"background-color":"var(--ast-global-color-5)","background-image":"","background-repeat":"repeat","background-position":"center center","background-size":"auto","background-attachment":"scroll","background-type":"","background-media":"","overlay-type":"","overlay-color":"","overlay-opacity":"","overlay-gradient":""}}},"activiteit-bron":[576,580],"product_brand":[],"product_cat":[211,139,156,132,144],"product_tag":[],"class_list":{"0":"post-28270","1":"product","2":"type-product","3":"status-publish","4":"has-post-thumbnail","6":"activiteit-bron-eigen-netwerk","7":"activiteit-bron-propia-red-surinam","8":"product_cat-actividades-al-aire-libre","9":"product_cat-barcos-y-deportes-acuaticos","10":"product_cat-barcos-y-rafting","11":"product_cat-naturaleza-y-cultura","12":"product_cat-surinam","13":"desktop-align-left","14":"tablet-align-left","15":"mobile-align-left","17":"first","18":"instock","19":"featured","20":"shipping-taxable","21":"purchasable","22":"product-type-simple"},"acf":[],"_links":{"self":[{"href":"https:\/\/bluebirdtourstravel.com\/es\/wp-json\/wp\/v2\/product\/28270","targetHints":{"allow":["GET"]}}],"collection":[{"href":"https:\/\/bluebirdtourstravel.com\/es\/wp-json\/wp\/v2\/product"}],"about":[{"href":"https:\/\/bluebirdtourstravel.com\/es\/wp-json\/wp\/v2\/types\/product"}],"replies":[{"embeddable":true,"href":"https:\/\/bluebirdtourstravel.com\/es\/wp-json\/wp\/v2\/comments?post=28270"}],"wp:featuredmedia":[{"embeddable":true,"href":"https:\/\/bluebirdtourstravel.com\/es\/wp-json\/wp\/v2\/media\/28271"}],"wp:attachment":[{"href":"https:\/\/bluebirdtourstravel.com\/es\/wp-json\/wp\/v2\/media?parent=28270"}],"wp:term":[{"taxonomy":"activiteit-bron","embeddable":true,"href":"https:\/\/bluebirdtourstravel.com\/es\/wp-json\/wp\/v2\/activiteit-bron?post=28270"},{"taxonomy":"product_brand","embeddable":true,"href":"https:\/\/bluebirdtourstravel.com\/es\/wp-json\/wp\/v2\/product_brand?post=28270"},{"taxonomy":"product_cat","embeddable":true,"href":"https:\/\/bluebirdtourstravel.com\/es\/wp-json\/wp\/v2\/product_cat?post=28270"},{"taxonomy":"product_tag","embeddable":true,"href":"https:\/\/bluebirdtourstravel.com\/es\/wp-json\/wp\/v2\/product_tag?post=28270"}],"curies":[{"name":"wp","href":"https:\/\/api.w.org\/{rel}","templated":true}]}}