{"id":27450,"date":"2025-09-29T09:33:43","date_gmt":"2025-09-29T09:33:43","guid":{"rendered":"https:\/\/bluebirdtourstravel.com\/product\/seabob-scooter-riff-tour-aruba\/"},"modified":"2025-09-29T09:33:43","modified_gmt":"2025-09-29T09:33:43","slug":"seabob-scooter-riff-tour-aruba","status":"publish","type":"product","link":"https:\/\/bluebirdtourstravel.com\/es\/producto\/seabob-scooter-riff-tour-aruba\/","title":{"rendered":"Seabob Scooter Riff Tour (Aruba)"},"content":{"rendered":"","protected":false},"excerpt":{"rendered":"<p>El SEABOB F5 S Jet le permite explorar un \u00e1rea mucho m\u00e1s grande en el agua sin sentirse f\u00edsicamente cansado. Esto le permite ver varias \u00e1reas de coral en lugar de solo una. Estos arrecifes de coral est\u00e1n repletos de vida marina, crecimiento de corales y excelente visibilidad. El fondo de arena blanca lleno de estrellas de almohada rojas que descansan en el fondo es una experiencia submarina \u00fanica. \u00a1No te puedes perder el snorkel con las tortugas de Aruba!    <\/p>\n","protected":false},"featured_media":10940,"comment_status":"closed","ping_status":"closed","template":"","meta":{"_acf_changed":false,"site-sidebar-layout":"default","site-content-layout":"","ast-site-content-layout":"default","site-content-style":"default","site-sidebar-style":"default","ast-global-header-display":"","ast-banner-title-visibility":"","ast-main-header-display":"","ast-hfb-above-header-display":"","ast-hfb-below-header-display":"","ast-hfb-mobile-header-display":"","site-post-title":"","ast-breadcrumbs-content":"","ast-featured-img":"","footer-sml-layout":"","ast-disable-related-posts":"","theme-transparent-header-meta":"","adv-header-id-meta":"","stick-header-meta":"","header-above-stick-meta":"","header-main-stick-meta":"","header-below-stick-meta":"","astra-migrate-meta-layouts":"default","ast-page-background-enabled":"default","ast-page-background-meta":{"desktop":{"background-color":"var(--ast-global-color-4)","background-image":"","background-repeat":"repeat","background-position":"center center","background-size":"auto","background-attachment":"scroll","background-type":"","background-media":"","overlay-type":"","overlay-color":"","overlay-opacity":"","overlay-gradient":""},"tablet":{"background-color":"","background-image":"","background-repeat":"repeat","background-position":"center center","background-size":"auto","background-attachment":"scroll","background-type":"","background-media":"","overlay-type":"","overlay-color":"","overlay-opacity":"","overlay-gradient":""},"mobile":{"background-color":"","background-image":"","background-repeat":"repeat","background-position":"center center","background-size":"auto","background-attachment":"scroll","background-type":"","background-media":"","overlay-type":"","overlay-color":"","overlay-opacity":"","overlay-gradient":""}},"ast-content-background-meta":{"desktop":{"background-color":"var(--ast-global-color-5)","background-image":"","background-repeat":"repeat","background-position":"center center","background-size":"auto","background-attachment":"scroll","background-type":"","background-media":"","overlay-type":"","overlay-color":"","overlay-opacity":"","overlay-gradient":""},"tablet":{"background-color":"var(--ast-global-color-5)","background-image":"","background-repeat":"repeat","background-position":"center center","background-size":"auto","background-attachment":"scroll","background-type":"","background-media":"","overlay-type":"","overlay-color":"","overlay-opacity":"","overlay-gradient":""},"mobile":{"background-color":"var(--ast-global-color-5)","background-image":"","background-repeat":"repeat","background-position":"center center","background-size":"auto","background-attachment":"scroll","background-type":"","background-media":"","overlay-type":"","overlay-color":"","overlay-opacity":"","overlay-gradient":""}}},"activiteit-bron":[514],"product_brand":[],"product_cat":[181,154],"product_tag":[238,182,383],"class_list":{"0":"post-27450","1":"product","2":"type-product","3":"status-publish","4":"has-post-thumbnail","6":"activiteit-bron-expedia","7":"product_cat-aruba-es","8":"product_cat-buceo-y-snorkel","9":"product_tag-alquiler-de-scooters-en-aruba","10":"product_tag-aruba-es","11":"product_tag-snorkel-en-aruba","12":"desktop-align-left","13":"tablet-align-left","14":"mobile-align-left","16":"first","17":"instock","18":"virtual","19":"product-type-external"},"acf":[],"_links":{"self":[{"href":"https:\/\/bluebirdtourstravel.com\/es\/wp-json\/wp\/v2\/product\/27450","targetHints":{"allow":["GET"]}}],"collection":[{"href":"https:\/\/bluebirdtourstravel.com\/es\/wp-json\/wp\/v2\/product"}],"about":[{"href":"https:\/\/bluebirdtourstravel.com\/es\/wp-json\/wp\/v2\/types\/product"}],"replies":[{"embeddable":true,"href":"https:\/\/bluebirdtourstravel.com\/es\/wp-json\/wp\/v2\/comments?post=27450"}],"wp:featuredmedia":[{"embeddable":true,"href":"https:\/\/bluebirdtourstravel.com\/es\/wp-json\/wp\/v2\/media\/10940"}],"wp:attachment":[{"href":"https:\/\/bluebirdtourstravel.com\/es\/wp-json\/wp\/v2\/media?parent=27450"}],"wp:term":[{"taxonomy":"activiteit-bron","embeddable":true,"href":"https:\/\/bluebirdtourstravel.com\/es\/wp-json\/wp\/v2\/activiteit-bron?post=27450"},{"taxonomy":"product_brand","embeddable":true,"href":"https:\/\/bluebirdtourstravel.com\/es\/wp-json\/wp\/v2\/product_brand?post=27450"},{"taxonomy":"product_cat","embeddable":true,"href":"https:\/\/bluebirdtourstravel.com\/es\/wp-json\/wp\/v2\/product_cat?post=27450"},{"taxonomy":"product_tag","embeddable":true,"href":"https:\/\/bluebirdtourstravel.com\/es\/wp-json\/wp\/v2\/product_tag?post=27450"}],"curies":[{"name":"wp","href":"https:\/\/api.w.org\/{rel}","templated":true}]}}