{"id":27448,"date":"2025-09-29T09:33:23","date_gmt":"2025-09-29T09:33:23","guid":{"rendered":"https:\/\/bluebirdtourstravel.com\/product\/aventura-de-snorkel-por-la-tarde-en-palm-fun-aruba\/"},"modified":"2025-09-29T09:33:23","modified_gmt":"2025-09-29T09:33:23","slug":"aventura-de-snorkel-por-la-tarde-en-palm-fun-aruba","status":"publish","type":"product","link":"https:\/\/bluebirdtourstravel.com\/es\/producto\/aventura-de-snorkel-por-la-tarde-en-palm-fun-aruba\/","title":{"rendered":"Aventura de snorkel por la tarde en Palm Fun (Aruba)"},"content":{"rendered":"<p>Suba a bordo del Palm Pleasure, un catamar\u00e1n de 21 metros de largo y 12 metros de ancho, y comience su aventura en la bah\u00eda de Catalina: con aguas cristalinas, este es un lugar popular para bucear. Luego dir\u00edjase al arrecife Arashi, donde bucear\u00e1 entre hermosos arrecifes, corales estrella y peces \u00e1ngel.<br \/>\nAhora es el momento de una mirada \u00fanica al naufragio de Antilla. Sum\u00e9rgete en uno de los naufragios m\u00e1s grandes del Caribe, conocido localmente como el barco fantasma. El carguero Hamburg America Line es un carguero alem\u00e1n de 440 pies de largo que fue destruido durante la Segunda Guerra Mundial. Practique snorkel alrededor del barco embrujado, rodeado de peces tropicales y langostas.<br \/>\nDespu\u00e9s de su experiencia submarina, disfrute de deliciosos s\u00e1ndwiches y fruta fresca preparados por los mejores chefs de un restaurante local o pruebe una refrescante bebida tropical. Si\u00e9ntate y disfruta.<br \/>\n* Tenga en cuenta que los pasajeros de cruceros deben reservar excursiones y tours directamente con la l\u00ednea de cruceros.<\/p>\n","protected":false},"excerpt":{"rendered":"<p>Descubra dos de los mejores lugares para bucear en Aruba en medio d\u00eda de navegaci\u00f3n y esn\u00f3rquel. Su viaje en el catamar\u00e1n Palm Pleasure lo llevar\u00e1 al naufragio de Antilla de la Segunda Guerra Mundial y al arrecife Arashi, e incluye bocadillos y bebidas. <\/p>\n","protected":false},"featured_media":10304,"comment_status":"closed","ping_status":"closed","template":"","meta":{"_acf_changed":false,"site-sidebar-layout":"default","site-content-layout":"","ast-site-content-layout":"default","site-content-style":"default","site-sidebar-style":"default","ast-global-header-display":"","ast-banner-title-visibility":"","ast-main-header-display":"","ast-hfb-above-header-display":"","ast-hfb-below-header-display":"","ast-hfb-mobile-header-display":"","site-post-title":"","ast-breadcrumbs-content":"","ast-featured-img":"","footer-sml-layout":"","ast-disable-related-posts":"","theme-transparent-header-meta":"","adv-header-id-meta":"","stick-header-meta":"","header-above-stick-meta":"","header-main-stick-meta":"","header-below-stick-meta":"","astra-migrate-meta-layouts":"default","ast-page-background-enabled":"default","ast-page-background-meta":{"desktop":{"background-color":"var(--ast-global-color-4)","background-image":"","background-repeat":"repeat","background-position":"center center","background-size":"auto","background-attachment":"scroll","background-type":"","background-media":"","overlay-type":"","overlay-color":"","overlay-opacity":"","overlay-gradient":""},"tablet":{"background-color":"","background-image":"","background-repeat":"repeat","background-position":"center center","background-size":"auto","background-attachment":"scroll","background-type":"","background-media":"","overlay-type":"","overlay-color":"","overlay-opacity":"","overlay-gradient":""},"mobile":{"background-color":"","background-image":"","background-repeat":"repeat","background-position":"center center","background-size":"auto","background-attachment":"scroll","background-type":"","background-media":"","overlay-type":"","overlay-color":"","overlay-opacity":"","overlay-gradient":""}},"ast-content-background-meta":{"desktop":{"background-color":"var(--ast-global-color-5)","background-image":"","background-repeat":"repeat","background-position":"center center","background-size":"auto","background-attachment":"scroll","background-type":"","background-media":"","overlay-type":"","overlay-color":"","overlay-opacity":"","overlay-gradient":""},"tablet":{"background-color":"var(--ast-global-color-5)","background-image":"","background-repeat":"repeat","background-position":"center center","background-size":"auto","background-attachment":"scroll","background-type":"","background-media":"","overlay-type":"","overlay-color":"","overlay-opacity":"","overlay-gradient":""},"mobile":{"background-color":"var(--ast-global-color-5)","background-image":"","background-repeat":"repeat","background-position":"center center","background-size":"auto","background-attachment":"scroll","background-type":"","background-media":"","overlay-type":"","overlay-color":"","overlay-opacity":"","overlay-gradient":""}}},"activiteit-bron":[514],"product_brand":[],"product_cat":[181,154],"product_tag":[182,383],"class_list":{"0":"post-27448","1":"product","2":"type-product","3":"status-publish","4":"has-post-thumbnail","6":"activiteit-bron-expedia","7":"product_cat-aruba-es","8":"product_cat-buceo-y-snorkel","9":"product_tag-aruba-es","10":"product_tag-snorkel-en-aruba","11":"desktop-align-left","12":"tablet-align-left","13":"mobile-align-left","15":"first","16":"instock","17":"virtual","18":"product-type-external"},"acf":[],"_links":{"self":[{"href":"https:\/\/bluebirdtourstravel.com\/es\/wp-json\/wp\/v2\/product\/27448","targetHints":{"allow":["GET"]}}],"collection":[{"href":"https:\/\/bluebirdtourstravel.com\/es\/wp-json\/wp\/v2\/product"}],"about":[{"href":"https:\/\/bluebirdtourstravel.com\/es\/wp-json\/wp\/v2\/types\/product"}],"replies":[{"embeddable":true,"href":"https:\/\/bluebirdtourstravel.com\/es\/wp-json\/wp\/v2\/comments?post=27448"}],"wp:featuredmedia":[{"embeddable":true,"href":"https:\/\/bluebirdtourstravel.com\/es\/wp-json\/wp\/v2\/media\/10304"}],"wp:attachment":[{"href":"https:\/\/bluebirdtourstravel.com\/es\/wp-json\/wp\/v2\/media?parent=27448"}],"wp:term":[{"taxonomy":"activiteit-bron","embeddable":true,"href":"https:\/\/bluebirdtourstravel.com\/es\/wp-json\/wp\/v2\/activiteit-bron?post=27448"},{"taxonomy":"product_brand","embeddable":true,"href":"https:\/\/bluebirdtourstravel.com\/es\/wp-json\/wp\/v2\/product_brand?post=27448"},{"taxonomy":"product_cat","embeddable":true,"href":"https:\/\/bluebirdtourstravel.com\/es\/wp-json\/wp\/v2\/product_cat?post=27448"},{"taxonomy":"product_tag","embeddable":true,"href":"https:\/\/bluebirdtourstravel.com\/es\/wp-json\/wp\/v2\/product_tag?post=27448"}],"curies":[{"name":"wp","href":"https:\/\/api.w.org\/{rel}","templated":true}]}}