{"id":27424,"date":"2025-09-29T09:33:34","date_gmt":"2025-09-29T09:33:34","guid":{"rendered":"https:\/\/bluebirdtourstravel.com\/product\/aventura-semiprivada-en-bicicleta-electrica-twilight-neon-glow-aruba\/"},"modified":"2025-09-29T09:33:34","modified_gmt":"2025-09-29T09:33:34","slug":"aventura-semiprivada-en-bicicleta-electrica-twilight-neon-glow-aruba","status":"publish","type":"product","link":"https:\/\/bluebirdtourstravel.com\/es\/producto\/aventura-semiprivada-en-bicicleta-electrica-twilight-neon-glow-aruba\/","title":{"rendered":"Aventura semiprivada en bicicleta el\u00e9ctrica Twilight Neon Glow (Aruba)"},"content":{"rendered":"<p>Comenzando en el ic\u00f3nico Red Dutch Windmill, navegaremos a lo largo de las zonas costeras de Eagle Beach y hasta Plaza Turismo cerca de Surfside Beach. En el camino, disfrutar\u00e1 de impresionantes vistas, colorida arquitectura neobarroca, sitios hist\u00f3ricos y encantadoras plazas. Su gu\u00eda de STEZO compartir\u00e1 informaci\u00f3n sobre el rico patrimonio cultural de Aruba mientras exploramos las vibrantes calles de Oranjestad.<br \/>\nLos grupos peque\u00f1os garantizan una experiencia m\u00e1s personalizada, con menos impacto ambiental y m\u00e1s tiempo para conectarse con la belleza natural y la cultura de Aruba. Las luces opcionales para bicicletas est\u00e1n disponibles para un brillo adicional, lo que enriquece este inolvidable recorrido nocturno de aventuras. <\/p>\n","protected":false},"excerpt":{"rendered":"<p>\u00a1Combate el calor y experimenta Aruba como nunca antes con STEZO Tours durante la experiencia Twilight Neon Glow E-Bike! Esta aventura \u00edntima, divertida y sostenible de 2-3 horas te lleva por las bulliciosas calles de Oranjestad al atardecer, ofreciendo una forma m\u00e1s fresca y \u00fanica de explorar la encantadora capital de la isla. <\/p>\n","protected":false},"featured_media":8220,"comment_status":"closed","ping_status":"closed","template":"","meta":{"_acf_changed":false,"site-sidebar-layout":"default","site-content-layout":"","ast-site-content-layout":"default","site-content-style":"default","site-sidebar-style":"default","ast-global-header-display":"","ast-banner-title-visibility":"","ast-main-header-display":"","ast-hfb-above-header-display":"","ast-hfb-below-header-display":"","ast-hfb-mobile-header-display":"","site-post-title":"","ast-breadcrumbs-content":"","ast-featured-img":"","footer-sml-layout":"","ast-disable-related-posts":"","theme-transparent-header-meta":"","adv-header-id-meta":"","stick-header-meta":"","header-above-stick-meta":"","header-main-stick-meta":"","header-below-stick-meta":"","astra-migrate-meta-layouts":"default","ast-page-background-enabled":"default","ast-page-background-meta":{"desktop":{"background-color":"var(--ast-global-color-4)","background-image":"","background-repeat":"repeat","background-position":"center center","background-size":"auto","background-attachment":"scroll","background-type":"","background-media":"","overlay-type":"","overlay-color":"","overlay-opacity":"","overlay-gradient":""},"tablet":{"background-color":"","background-image":"","background-repeat":"repeat","background-position":"center center","background-size":"auto","background-attachment":"scroll","background-type":"","background-media":"","overlay-type":"","overlay-color":"","overlay-opacity":"","overlay-gradient":""},"mobile":{"background-color":"","background-image":"","background-repeat":"repeat","background-position":"center center","background-size":"auto","background-attachment":"scroll","background-type":"","background-media":"","overlay-type":"","overlay-color":"","overlay-opacity":"","overlay-gradient":""}},"ast-content-background-meta":{"desktop":{"background-color":"var(--ast-global-color-5)","background-image":"","background-repeat":"repeat","background-position":"center center","background-size":"auto","background-attachment":"scroll","background-type":"","background-media":"","overlay-type":"","overlay-color":"","overlay-opacity":"","overlay-gradient":""},"tablet":{"background-color":"var(--ast-global-color-5)","background-image":"","background-repeat":"repeat","background-position":"center center","background-size":"auto","background-attachment":"scroll","background-type":"","background-media":"","overlay-type":"","overlay-color":"","overlay-opacity":"","overlay-gradient":""},"mobile":{"background-color":"var(--ast-global-color-5)","background-image":"","background-repeat":"repeat","background-position":"center center","background-size":"auto","background-attachment":"scroll","background-type":"","background-media":"","overlay-type":"","overlay-color":"","overlay-opacity":"","overlay-gradient":""}}},"activiteit-bron":[574],"product_brand":[],"product_cat":[181],"product_tag":[182],"class_list":{"0":"post-27424","1":"product","2":"type-product","3":"status-publish","4":"has-post-thumbnail","6":"activiteit-bron-expedia","7":"product_cat-aruba-es","8":"product_tag-aruba-es","9":"desktop-align-left","10":"tablet-align-left","11":"mobile-align-left","13":"first","14":"instock","15":"virtual","16":"product-type-external"},"acf":[],"_links":{"self":[{"href":"https:\/\/bluebirdtourstravel.com\/es\/wp-json\/wp\/v2\/product\/27424","targetHints":{"allow":["GET"]}}],"collection":[{"href":"https:\/\/bluebirdtourstravel.com\/es\/wp-json\/wp\/v2\/product"}],"about":[{"href":"https:\/\/bluebirdtourstravel.com\/es\/wp-json\/wp\/v2\/types\/product"}],"replies":[{"embeddable":true,"href":"https:\/\/bluebirdtourstravel.com\/es\/wp-json\/wp\/v2\/comments?post=27424"}],"wp:featuredmedia":[{"embeddable":true,"href":"https:\/\/bluebirdtourstravel.com\/es\/wp-json\/wp\/v2\/media\/8220"}],"wp:attachment":[{"href":"https:\/\/bluebirdtourstravel.com\/es\/wp-json\/wp\/v2\/media?parent=27424"}],"wp:term":[{"taxonomy":"activiteit-bron","embeddable":true,"href":"https:\/\/bluebirdtourstravel.com\/es\/wp-json\/wp\/v2\/activiteit-bron?post=27424"},{"taxonomy":"product_brand","embeddable":true,"href":"https:\/\/bluebirdtourstravel.com\/es\/wp-json\/wp\/v2\/product_brand?post=27424"},{"taxonomy":"product_cat","embeddable":true,"href":"https:\/\/bluebirdtourstravel.com\/es\/wp-json\/wp\/v2\/product_cat?post=27424"},{"taxonomy":"product_tag","embeddable":true,"href":"https:\/\/bluebirdtourstravel.com\/es\/wp-json\/wp\/v2\/product_tag?post=27424"}],"curies":[{"name":"wp","href":"https:\/\/api.w.org\/{rel}","templated":true}]}}