{"id":27312,"date":"2025-09-29T09:34:39","date_gmt":"2025-09-29T09:34:39","guid":{"rendered":"https:\/\/bluebirdtourstravel.com\/?post_type=product&#038;p=27312"},"modified":"2025-09-29T09:34:41","modified_gmt":"2025-09-29T09:34:41","slug":"brillante-sesion-de-fotos-en-kayak-con-cocteles-gratis-y-edicion-rapida-aruba","status":"publish","type":"product","link":"https:\/\/bluebirdtourstravel.com\/es\/producto\/brillante-sesion-de-fotos-en-kayak-con-cocteles-gratis-y-edicion-rapida-aruba\/","title":{"rendered":"\u00a1Brillante sesi\u00f3n de fotos en kayak con c\u00f3cteles GRATIS y edici\u00f3n r\u00e1pida! (Aruba)"},"content":{"rendered":"","protected":false},"excerpt":{"rendered":"<p>\u00a1Reserve una hermosa sesi\u00f3n de fotos con un kayak transparente y obtenga las ediciones dentro de las 24 HORAS! Disfrute de un entorno divertido en una hermosa playa de Aruba con c\u00f3cteles y m\u00fasica, mientras un equipo profesional garantiza resultados impresionantes y de alta calidad. \u00a1Una bonita sesi\u00f3n de fotos y 2 c\u00f3cteles gratis y chupitos de la casa!  <\/p>\n","protected":false},"featured_media":11283,"comment_status":"closed","ping_status":"closed","template":"","meta":{"_acf_changed":false,"site-sidebar-layout":"default","site-content-layout":"","ast-site-content-layout":"default","site-content-style":"default","site-sidebar-style":"default","ast-global-header-display":"","ast-banner-title-visibility":"","ast-main-header-display":"","ast-hfb-above-header-display":"","ast-hfb-below-header-display":"","ast-hfb-mobile-header-display":"","site-post-title":"","ast-breadcrumbs-content":"","ast-featured-img":"","footer-sml-layout":"","ast-disable-related-posts":"","theme-transparent-header-meta":"","adv-header-id-meta":"","stick-header-meta":"","header-above-stick-meta":"","header-main-stick-meta":"","header-below-stick-meta":"","astra-migrate-meta-layouts":"default","ast-page-background-enabled":"default","ast-page-background-meta":{"desktop":{"background-color":"var(--ast-global-color-4)","background-image":"","background-repeat":"repeat","background-position":"center center","background-size":"auto","background-attachment":"scroll","background-type":"","background-media":"","overlay-type":"","overlay-color":"","overlay-opacity":"","overlay-gradient":""},"tablet":{"background-color":"","background-image":"","background-repeat":"repeat","background-position":"center center","background-size":"auto","background-attachment":"scroll","background-type":"","background-media":"","overlay-type":"","overlay-color":"","overlay-opacity":"","overlay-gradient":""},"mobile":{"background-color":"","background-image":"","background-repeat":"repeat","background-position":"center center","background-size":"auto","background-attachment":"scroll","background-type":"","background-media":"","overlay-type":"","overlay-color":"","overlay-opacity":"","overlay-gradient":""}},"ast-content-background-meta":{"desktop":{"background-color":"var(--ast-global-color-5)","background-image":"","background-repeat":"repeat","background-position":"center center","background-size":"auto","background-attachment":"scroll","background-type":"","background-media":"","overlay-type":"","overlay-color":"","overlay-opacity":"","overlay-gradient":""},"tablet":{"background-color":"var(--ast-global-color-5)","background-image":"","background-repeat":"repeat","background-position":"center center","background-size":"auto","background-attachment":"scroll","background-type":"","background-media":"","overlay-type":"","overlay-color":"","overlay-opacity":"","overlay-gradient":""},"mobile":{"background-color":"var(--ast-global-color-5)","background-image":"","background-repeat":"repeat","background-position":"center center","background-size":"auto","background-attachment":"scroll","background-type":"","background-media":"","overlay-type":"","overlay-color":"","overlay-opacity":"","overlay-gradient":""}}},"activiteit-bron":[514],"product_brand":[],"product_cat":[181],"product_tag":[182],"class_list":{"0":"post-27312","1":"product","2":"type-product","3":"status-publish","4":"has-post-thumbnail","6":"activiteit-bron-expedia","7":"product_cat-aruba-es","8":"product_tag-aruba-es","9":"desktop-align-left","10":"tablet-align-left","11":"mobile-align-left","13":"first","14":"instock","15":"virtual","16":"product-type-external"},"acf":[],"_links":{"self":[{"href":"https:\/\/bluebirdtourstravel.com\/es\/wp-json\/wp\/v2\/product\/27312","targetHints":{"allow":["GET"]}}],"collection":[{"href":"https:\/\/bluebirdtourstravel.com\/es\/wp-json\/wp\/v2\/product"}],"about":[{"href":"https:\/\/bluebirdtourstravel.com\/es\/wp-json\/wp\/v2\/types\/product"}],"replies":[{"embeddable":true,"href":"https:\/\/bluebirdtourstravel.com\/es\/wp-json\/wp\/v2\/comments?post=27312"}],"wp:featuredmedia":[{"embeddable":true,"href":"https:\/\/bluebirdtourstravel.com\/es\/wp-json\/wp\/v2\/media\/11283"}],"wp:attachment":[{"href":"https:\/\/bluebirdtourstravel.com\/es\/wp-json\/wp\/v2\/media?parent=27312"}],"wp:term":[{"taxonomy":"activiteit-bron","embeddable":true,"href":"https:\/\/bluebirdtourstravel.com\/es\/wp-json\/wp\/v2\/activiteit-bron?post=27312"},{"taxonomy":"product_brand","embeddable":true,"href":"https:\/\/bluebirdtourstravel.com\/es\/wp-json\/wp\/v2\/product_brand?post=27312"},{"taxonomy":"product_cat","embeddable":true,"href":"https:\/\/bluebirdtourstravel.com\/es\/wp-json\/wp\/v2\/product_cat?post=27312"},{"taxonomy":"product_tag","embeddable":true,"href":"https:\/\/bluebirdtourstravel.com\/es\/wp-json\/wp\/v2\/product_tag?post=27312"}],"curies":[{"name":"wp","href":"https:\/\/api.w.org\/{rel}","templated":true}]}}