{"id":27286,"date":"2025-09-29T09:36:53","date_gmt":"2025-09-29T09:36:53","guid":{"rendered":"https:\/\/bluebirdtourstravel.com\/?post_type=product&#038;p=27286"},"modified":"2025-09-29T11:03:12","modified_gmt":"2025-09-29T11:03:12","slug":"tour-compartido-de-navegacion-y-snorkel-en-el-mar-caribe-bonaire","status":"publish","type":"product","link":"https:\/\/bluebirdtourstravel.com\/es\/producto\/tour-compartido-de-navegacion-y-snorkel-en-el-mar-caribe-bonaire\/","title":{"rendered":"Tour compartido de navegaci\u00f3n y snorkel en el Mar Caribe (Bonaire)"},"content":{"rendered":"<p>Suba a bordo de nuestro nuevo y espacioso catamar\u00e1n. Todo el equipo funciona completamente con energ\u00eda solar, para el viaje en catamar\u00e1n m\u00e1s ecol\u00f3gico a lo largo de las impresionantes costas de este para\u00edso caribe\u00f1o.<br \/>\nDurante el viaje, nuestros hu\u00e9spedes disfrutan de los aspectos culinarios m\u00e1s destacados por los que Bonaire es conocida. Reci\u00e9n preparado en la cocina abierta a bordo. Por supuesto, se incluye un c\u00f3ctel refrescante para completar su experiencia caribe\u00f1a.<br \/>\nEste tour es perfecto tanto para j\u00f3venes como para mayores y ofrece una experiencia inolvidable. Haremos dos paradas para sesiones guiadas de snorkel durante las cuales podr\u00e1 explorar el rico mundo submarino de Bonaire. <\/p>\n","protected":false},"excerpt":{"rendered":"<p>Descubra la belleza submarina de Bonaire con nuestro exclusivo tour de snorkel de 4 horas, especialmente dise\u00f1ado para viajeros solos, parejas y grupos peque\u00f1os que se alojan en Bonaire. Ya sea que sea local o visite la isla como invitado, \u00a1no se puede perder este crucero verdaderamente lujoso! <\/p>\n","protected":false},"featured_media":15125,"comment_status":"closed","ping_status":"closed","template":"","meta":{"_acf_changed":false,"site-sidebar-layout":"default","site-content-layout":"","ast-site-content-layout":"default","site-content-style":"default","site-sidebar-style":"default","ast-global-header-display":"","ast-banner-title-visibility":"","ast-main-header-display":"","ast-hfb-above-header-display":"","ast-hfb-below-header-display":"","ast-hfb-mobile-header-display":"","site-post-title":"","ast-breadcrumbs-content":"","ast-featured-img":"","footer-sml-layout":"","ast-disable-related-posts":"","theme-transparent-header-meta":"","adv-header-id-meta":"","stick-header-meta":"","header-above-stick-meta":"","header-main-stick-meta":"","header-below-stick-meta":"","astra-migrate-meta-layouts":"default","ast-page-background-enabled":"default","ast-page-background-meta":{"desktop":{"background-color":"var(--ast-global-color-4)","background-image":"","background-repeat":"repeat","background-position":"center center","background-size":"auto","background-attachment":"scroll","background-type":"","background-media":"","overlay-type":"","overlay-color":"","overlay-opacity":"","overlay-gradient":""},"tablet":{"background-color":"","background-image":"","background-repeat":"repeat","background-position":"center center","background-size":"auto","background-attachment":"scroll","background-type":"","background-media":"","overlay-type":"","overlay-color":"","overlay-opacity":"","overlay-gradient":""},"mobile":{"background-color":"","background-image":"","background-repeat":"repeat","background-position":"center center","background-size":"auto","background-attachment":"scroll","background-type":"","background-media":"","overlay-type":"","overlay-color":"","overlay-opacity":"","overlay-gradient":""}},"ast-content-background-meta":{"desktop":{"background-color":"var(--ast-global-color-5)","background-image":"","background-repeat":"repeat","background-position":"center center","background-size":"auto","background-attachment":"scroll","background-type":"","background-media":"","overlay-type":"","overlay-color":"","overlay-opacity":"","overlay-gradient":""},"tablet":{"background-color":"var(--ast-global-color-5)","background-image":"","background-repeat":"repeat","background-position":"center center","background-size":"auto","background-attachment":"scroll","background-type":"","background-media":"","overlay-type":"","overlay-color":"","overlay-opacity":"","overlay-gradient":""},"mobile":{"background-color":"var(--ast-global-color-5)","background-image":"","background-repeat":"repeat","background-position":"center center","background-size":"auto","background-attachment":"scroll","background-type":"","background-media":"","overlay-type":"","overlay-color":"","overlay-opacity":"","overlay-gradient":""}}},"activiteit-bron":[514],"product_brand":[],"product_cat":[133,154],"product_tag":[134,409],"class_list":{"0":"post-27286","1":"product","2":"type-product","3":"status-publish","4":"has-post-thumbnail","6":"activiteit-bron-expedia","7":"product_cat-bonaire-es","8":"product_cat-buceo-y-snorkel","9":"product_tag-bonaire-es","10":"product_tag-esnorquel-en-bonaire","11":"desktop-align-left","12":"tablet-align-left","13":"mobile-align-left","15":"first","16":"instock","17":"virtual","18":"product-type-external"},"acf":[],"_links":{"self":[{"href":"https:\/\/bluebirdtourstravel.com\/es\/wp-json\/wp\/v2\/product\/27286","targetHints":{"allow":["GET"]}}],"collection":[{"href":"https:\/\/bluebirdtourstravel.com\/es\/wp-json\/wp\/v2\/product"}],"about":[{"href":"https:\/\/bluebirdtourstravel.com\/es\/wp-json\/wp\/v2\/types\/product"}],"replies":[{"embeddable":true,"href":"https:\/\/bluebirdtourstravel.com\/es\/wp-json\/wp\/v2\/comments?post=27286"}],"wp:featuredmedia":[{"embeddable":true,"href":"https:\/\/bluebirdtourstravel.com\/es\/wp-json\/wp\/v2\/media\/15125"}],"wp:attachment":[{"href":"https:\/\/bluebirdtourstravel.com\/es\/wp-json\/wp\/v2\/media?parent=27286"}],"wp:term":[{"taxonomy":"activiteit-bron","embeddable":true,"href":"https:\/\/bluebirdtourstravel.com\/es\/wp-json\/wp\/v2\/activiteit-bron?post=27286"},{"taxonomy":"product_brand","embeddable":true,"href":"https:\/\/bluebirdtourstravel.com\/es\/wp-json\/wp\/v2\/product_brand?post=27286"},{"taxonomy":"product_cat","embeddable":true,"href":"https:\/\/bluebirdtourstravel.com\/es\/wp-json\/wp\/v2\/product_cat?post=27286"},{"taxonomy":"product_tag","embeddable":true,"href":"https:\/\/bluebirdtourstravel.com\/es\/wp-json\/wp\/v2\/product_tag?post=27286"}],"curies":[{"name":"wp","href":"https:\/\/api.w.org\/{rel}","templated":true}]}}