{"id":27231,"date":"2025-09-29T09:39:30","date_gmt":"2025-09-29T09:39:30","guid":{"rendered":"https:\/\/bluebirdtourstravel.com\/?post_type=product&#038;p=27231"},"modified":"2025-09-29T09:52:17","modified_gmt":"2025-09-29T09:52:17","slug":"aventura-de-desayuno-en-catamaran-esnorquel-mimosa-y-brunch-aruba","status":"publish","type":"product","link":"https:\/\/bluebirdtourstravel.com\/es\/producto\/aventura-de-desayuno-en-catamaran-esnorquel-mimosa-y-brunch-aruba\/","title":{"rendered":"Aventura de desayuno en catamar\u00e1n: esn\u00f3rquel, mimosa y brunch (Aruba)"},"content":{"rendered":"<p>\u00a1Nuestro catamar\u00e1n es \u00fanico en la isla con asientos en el sal\u00f3n con vista al mar para todos! Puede optar por relajarse al sol o a la sombra.<br \/>\nEl catamar\u00e1n de navegaci\u00f3n suave de 41 pies (13 metros) puede acomodar a 45 personas, pero permitimos un m\u00e1ximo de 32 por viaje en velero para brindar una experiencia m\u00e1s c\u00f3moda. Cada recorrido se sentir\u00e1 como un recorrido privado, y cada invitado ser\u00e1 parte de la familia Octopus.<br \/>\nNuestra primera parada para bucear es \u00abEl naufragio de Antilla\u00bb y la segunda es \u00abBah\u00eda de Boca Catalina\u00bb. \u00a1Pasamos un promedio de 45 minutos en cada parada de snorkel donde nuestra tripulaci\u00f3n le proporcionar\u00e1 todo su equipo de snorkel y equipo de seguridad! \u00bfNecesitas ayuda para bucear?   No hay problema. Nuestro equipo est\u00e1 aqu\u00ed para ayudarlo.<br \/>\nEste crucero incluye un bar de c\u00f3cteles abierto con el famoso c\u00f3ctel local &#8216;Aruba Arriba&#8217; y licores como; Ron blanco, ginebra, vodka y mezcla de whisky escoc\u00e9s y, por supuesto, \u00a1Mimosa! Hay bebidas sin alcohol disponibles y se pueden mezclar con los licores seg\u00fan se desee.<br \/>\nTambi\u00e9n se incluyen 7 aperitivos como muffins reci\u00e9n horneados, un bagel con salm\u00f3n ahumado y queso crema, un s\u00e1ndwich de pavo y m\u00e1s&#8230;<br \/>\n\u00a1Esperamos darle la bienvenida a bordo y brindarle una ma\u00f1ana inolvidable!<\/p>\n","protected":false},"excerpt":{"rendered":"<p>Su d\u00eda comienza con un desayuno de golosinas reci\u00e9n horneadas, jugo y una mimosa brillante en las c\u00e1lidas, claras y azules aguas del Mar Caribe. \u00a1Salud por otras hermosas vacaciones en One Happy Island y bienvenido al Octopus! Navegar\u00e1 a dos de los mejores lugares para bucear en Aruba con nuestro experimentado capit\u00e1n y tripulaci\u00f3n.  <\/p>\n","protected":false},"featured_media":11715,"comment_status":"closed","ping_status":"closed","template":"","meta":{"_acf_changed":false,"site-sidebar-layout":"default","site-content-layout":"","ast-site-content-layout":"default","site-content-style":"default","site-sidebar-style":"default","ast-global-header-display":"","ast-banner-title-visibility":"","ast-main-header-display":"","ast-hfb-above-header-display":"","ast-hfb-below-header-display":"","ast-hfb-mobile-header-display":"","site-post-title":"","ast-breadcrumbs-content":"","ast-featured-img":"","footer-sml-layout":"","ast-disable-related-posts":"","theme-transparent-header-meta":"","adv-header-id-meta":"","stick-header-meta":"","header-above-stick-meta":"","header-main-stick-meta":"","header-below-stick-meta":"","astra-migrate-meta-layouts":"default","ast-page-background-enabled":"default","ast-page-background-meta":{"desktop":{"background-color":"var(--ast-global-color-4)","background-image":"","background-repeat":"repeat","background-position":"center center","background-size":"auto","background-attachment":"scroll","background-type":"","background-media":"","overlay-type":"","overlay-color":"","overlay-opacity":"","overlay-gradient":""},"tablet":{"background-color":"","background-image":"","background-repeat":"repeat","background-position":"center center","background-size":"auto","background-attachment":"scroll","background-type":"","background-media":"","overlay-type":"","overlay-color":"","overlay-opacity":"","overlay-gradient":""},"mobile":{"background-color":"","background-image":"","background-repeat":"repeat","background-position":"center center","background-size":"auto","background-attachment":"scroll","background-type":"","background-media":"","overlay-type":"","overlay-color":"","overlay-opacity":"","overlay-gradient":""}},"ast-content-background-meta":{"desktop":{"background-color":"var(--ast-global-color-5)","background-image":"","background-repeat":"repeat","background-position":"center center","background-size":"auto","background-attachment":"scroll","background-type":"","background-media":"","overlay-type":"","overlay-color":"","overlay-opacity":"","overlay-gradient":""},"tablet":{"background-color":"var(--ast-global-color-5)","background-image":"","background-repeat":"repeat","background-position":"center center","background-size":"auto","background-attachment":"scroll","background-type":"","background-media":"","overlay-type":"","overlay-color":"","overlay-opacity":"","overlay-gradient":""},"mobile":{"background-color":"var(--ast-global-color-5)","background-image":"","background-repeat":"repeat","background-position":"center center","background-size":"auto","background-attachment":"scroll","background-type":"","background-media":"","overlay-type":"","overlay-color":"","overlay-opacity":"","overlay-gradient":""}}},"activiteit-bron":[514],"product_brand":[],"product_cat":[181,154],"product_tag":[182,383],"class_list":{"0":"post-27231","1":"product","2":"type-product","3":"status-publish","4":"has-post-thumbnail","6":"activiteit-bron-expedia","7":"product_cat-aruba-es","8":"product_cat-buceo-y-snorkel","9":"product_tag-aruba-es","10":"product_tag-snorkel-en-aruba","11":"desktop-align-left","12":"tablet-align-left","13":"mobile-align-left","15":"first","16":"instock","17":"virtual","18":"product-type-external"},"acf":[],"_links":{"self":[{"href":"https:\/\/bluebirdtourstravel.com\/es\/wp-json\/wp\/v2\/product\/27231","targetHints":{"allow":["GET"]}}],"collection":[{"href":"https:\/\/bluebirdtourstravel.com\/es\/wp-json\/wp\/v2\/product"}],"about":[{"href":"https:\/\/bluebirdtourstravel.com\/es\/wp-json\/wp\/v2\/types\/product"}],"replies":[{"embeddable":true,"href":"https:\/\/bluebirdtourstravel.com\/es\/wp-json\/wp\/v2\/comments?post=27231"}],"wp:featuredmedia":[{"embeddable":true,"href":"https:\/\/bluebirdtourstravel.com\/es\/wp-json\/wp\/v2\/media\/11715"}],"wp:attachment":[{"href":"https:\/\/bluebirdtourstravel.com\/es\/wp-json\/wp\/v2\/media?parent=27231"}],"wp:term":[{"taxonomy":"activiteit-bron","embeddable":true,"href":"https:\/\/bluebirdtourstravel.com\/es\/wp-json\/wp\/v2\/activiteit-bron?post=27231"},{"taxonomy":"product_brand","embeddable":true,"href":"https:\/\/bluebirdtourstravel.com\/es\/wp-json\/wp\/v2\/product_brand?post=27231"},{"taxonomy":"product_cat","embeddable":true,"href":"https:\/\/bluebirdtourstravel.com\/es\/wp-json\/wp\/v2\/product_cat?post=27231"},{"taxonomy":"product_tag","embeddable":true,"href":"https:\/\/bluebirdtourstravel.com\/es\/wp-json\/wp\/v2\/product_tag?post=27231"}],"curies":[{"name":"wp","href":"https:\/\/api.w.org\/{rel}","templated":true}]}}