{"id":27215,"date":"2025-09-29T09:38:47","date_gmt":"2025-09-29T09:38:47","guid":{"rendered":"https:\/\/bluebirdtourstravel.com\/?post_type=product&#038;p=27215"},"modified":"2025-09-29T11:15:16","modified_gmt":"2025-09-29T11:15:16","slug":"excursion-en-catamaran-chill-and-grill-en-bonaire-bonaire","status":"publish","type":"product","link":"https:\/\/bluebirdtourstravel.com\/es\/producto\/excursion-en-catamaran-chill-and-grill-en-bonaire-bonaire\/","title":{"rendered":"Excursi\u00f3n en catamar\u00e1n Chill and Grill en Bonaire (Bonaire)"},"content":{"rendered":"<p>Despu\u00e9s de la primera aventura emocionante, navegaremos hacia un lugar hermoso y protegido donde tendr\u00e1 mucho tiempo para relajarse, nadar o bucear. Disfrute de los hermosos alrededores y las impresionantes vistas al mar mientras preparamos una comida fresca y deliciosa en nuestra parrilla a bordo. Cuando decimos delicioso, \u00a1queremos decir delicioso! Piense en sashimi de at\u00fan reci\u00e9n capturado con mayonesa de wasabi y salsa de soja, solomillo, brocheta de solomillo de cerdo y nuestras famosas hamburguesas caseras.<br \/>\nPi\u00e9rdete en las velas en nuestra ruta de regreso al puerto, mientras el sol golpea el horizonte y el cielo se convierte en una cortina de colores.<\/p>\n","protected":false},"excerpt":{"rendered":"<p>Con nuestro catamar\u00e1n navegaremos por la hermosa costa de Bonaire y Klein Bonaire. Nos detendremos para nuestra primera experiencia de snorkel en alg\u00fan lugar del Parque Marino de Bonaire, nuestro gu\u00eda profesional lo llevar\u00e1 al agua para descubrir la diversa vida marina de los famosos arrecifes de coral de Bonaire. <\/p>\n","protected":false},"featured_media":15671,"comment_status":"closed","ping_status":"closed","template":"","meta":{"_acf_changed":false,"site-sidebar-layout":"default","site-content-layout":"","ast-site-content-layout":"default","site-content-style":"default","site-sidebar-style":"default","ast-global-header-display":"","ast-banner-title-visibility":"","ast-main-header-display":"","ast-hfb-above-header-display":"","ast-hfb-below-header-display":"","ast-hfb-mobile-header-display":"","site-post-title":"","ast-breadcrumbs-content":"","ast-featured-img":"","footer-sml-layout":"","ast-disable-related-posts":"","theme-transparent-header-meta":"","adv-header-id-meta":"","stick-header-meta":"","header-above-stick-meta":"","header-main-stick-meta":"","header-below-stick-meta":"","astra-migrate-meta-layouts":"default","ast-page-background-enabled":"default","ast-page-background-meta":{"desktop":{"background-color":"var(--ast-global-color-4)","background-image":"","background-repeat":"repeat","background-position":"center center","background-size":"auto","background-attachment":"scroll","background-type":"","background-media":"","overlay-type":"","overlay-color":"","overlay-opacity":"","overlay-gradient":""},"tablet":{"background-color":"","background-image":"","background-repeat":"repeat","background-position":"center center","background-size":"auto","background-attachment":"scroll","background-type":"","background-media":"","overlay-type":"","overlay-color":"","overlay-opacity":"","overlay-gradient":""},"mobile":{"background-color":"","background-image":"","background-repeat":"repeat","background-position":"center center","background-size":"auto","background-attachment":"scroll","background-type":"","background-media":"","overlay-type":"","overlay-color":"","overlay-opacity":"","overlay-gradient":""}},"ast-content-background-meta":{"desktop":{"background-color":"var(--ast-global-color-5)","background-image":"","background-repeat":"repeat","background-position":"center center","background-size":"auto","background-attachment":"scroll","background-type":"","background-media":"","overlay-type":"","overlay-color":"","overlay-opacity":"","overlay-gradient":""},"tablet":{"background-color":"var(--ast-global-color-5)","background-image":"","background-repeat":"repeat","background-position":"center center","background-size":"auto","background-attachment":"scroll","background-type":"","background-media":"","overlay-type":"","overlay-color":"","overlay-opacity":"","overlay-gradient":""},"mobile":{"background-color":"var(--ast-global-color-5)","background-image":"","background-repeat":"repeat","background-position":"center center","background-size":"auto","background-attachment":"scroll","background-type":"","background-media":"","overlay-type":"","overlay-color":"","overlay-opacity":"","overlay-gradient":""}}},"activiteit-bron":[574],"product_brand":[],"product_cat":[133,154],"product_tag":[134,409],"class_list":{"0":"post-27215","1":"product","2":"type-product","3":"status-publish","4":"has-post-thumbnail","6":"activiteit-bron-expedia","7":"product_cat-bonaire-es","8":"product_cat-buceo-y-snorkel","9":"product_tag-bonaire-es","10":"product_tag-esnorquel-en-bonaire","11":"desktop-align-left","12":"tablet-align-left","13":"mobile-align-left","15":"first","16":"instock","17":"virtual","18":"product-type-external"},"acf":[],"_links":{"self":[{"href":"https:\/\/bluebirdtourstravel.com\/es\/wp-json\/wp\/v2\/product\/27215","targetHints":{"allow":["GET"]}}],"collection":[{"href":"https:\/\/bluebirdtourstravel.com\/es\/wp-json\/wp\/v2\/product"}],"about":[{"href":"https:\/\/bluebirdtourstravel.com\/es\/wp-json\/wp\/v2\/types\/product"}],"replies":[{"embeddable":true,"href":"https:\/\/bluebirdtourstravel.com\/es\/wp-json\/wp\/v2\/comments?post=27215"}],"wp:featuredmedia":[{"embeddable":true,"href":"https:\/\/bluebirdtourstravel.com\/es\/wp-json\/wp\/v2\/media\/15671"}],"wp:attachment":[{"href":"https:\/\/bluebirdtourstravel.com\/es\/wp-json\/wp\/v2\/media?parent=27215"}],"wp:term":[{"taxonomy":"activiteit-bron","embeddable":true,"href":"https:\/\/bluebirdtourstravel.com\/es\/wp-json\/wp\/v2\/activiteit-bron?post=27215"},{"taxonomy":"product_brand","embeddable":true,"href":"https:\/\/bluebirdtourstravel.com\/es\/wp-json\/wp\/v2\/product_brand?post=27215"},{"taxonomy":"product_cat","embeddable":true,"href":"https:\/\/bluebirdtourstravel.com\/es\/wp-json\/wp\/v2\/product_cat?post=27215"},{"taxonomy":"product_tag","embeddable":true,"href":"https:\/\/bluebirdtourstravel.com\/es\/wp-json\/wp\/v2\/product_tag?post=27215"}],"curies":[{"name":"wp","href":"https:\/\/api.w.org\/{rel}","templated":true}]}}