{"id":27147,"date":"2025-09-29T09:40:47","date_gmt":"2025-09-29T09:40:47","guid":{"rendered":"https:\/\/bluebirdtourstravel.com\/?post_type=product&#038;p=27147"},"modified":"2025-09-29T09:52:47","modified_gmt":"2025-09-29T09:52:47","slug":"brunch-con-champan-y-safari-acuatico-tour-en-catamaran-de-lujo-aruba","status":"publish","type":"product","link":"https:\/\/bluebirdtourstravel.com\/es\/producto\/brunch-con-champan-y-safari-acuatico-tour-en-catamaran-de-lujo-aruba\/","title":{"rendered":"Brunch con champ\u00e1n y safari acu\u00e1tico \u2013 Tour en catamar\u00e1n de lujo (Aruba)"},"content":{"rendered":"<p>Mientras navega por las aguas cristalinas y la impresionante costa de Aruba en un lujoso catamar\u00e1n, disfrutar\u00e1 de un sabroso desayuno, almuerzo, barra libre de mimosas y bebidas combinadas, as\u00ed como de los ritmos tropicales de la m\u00fasica caribe\u00f1a. Admire los peces de colores y descubra la diversa vida marina que Aruba tiene para ofrecer mientras bucea en 3 paradas notables.<br \/>\nDescubra una de las bah\u00edas m\u00e1s hermosas de la isla, la famosa Bah\u00eda de Boca Catalina, y explore uno de los naufragios m\u00e1s grandes del Mar Caribe, el SS Antilla, un carguero alem\u00e1n de 121 metros de largo que se hundi\u00f3 durante la Segunda Guerra Mundial, y el hermoso lugar poco profundo para bucear, Malmok Rif. Adem\u00e1s, tendr\u00e1 la oportunidad de ver de cerca la hermosa vida marina con una emocionante experiencia submarina a tres pulmones. <\/p>\n","protected":false},"excerpt":{"rendered":"<p>Contempla de cerca la naturaleza y deja atr\u00e1s tus preocupaciones mientras disfrutas de refrescantes mimosas en un catamar\u00e1n hecho a medida, totalmente equipado con sol, camas el\u00e1sticas y zonas de sombra. Disfrute de un sabroso desayuno y almuerzo, beba una bebida mixta y practique snorkel en varios de los mejores lugares de Aruba. <\/p>\n","protected":false},"featured_media":9090,"comment_status":"closed","ping_status":"closed","template":"","meta":{"_acf_changed":false,"site-sidebar-layout":"default","site-content-layout":"","ast-site-content-layout":"default","site-content-style":"default","site-sidebar-style":"default","ast-global-header-display":"","ast-banner-title-visibility":"","ast-main-header-display":"","ast-hfb-above-header-display":"","ast-hfb-below-header-display":"","ast-hfb-mobile-header-display":"","site-post-title":"","ast-breadcrumbs-content":"","ast-featured-img":"","footer-sml-layout":"","ast-disable-related-posts":"","theme-transparent-header-meta":"","adv-header-id-meta":"","stick-header-meta":"","header-above-stick-meta":"","header-main-stick-meta":"","header-below-stick-meta":"","astra-migrate-meta-layouts":"default","ast-page-background-enabled":"default","ast-page-background-meta":{"desktop":{"background-color":"var(--ast-global-color-4)","background-image":"","background-repeat":"repeat","background-position":"center center","background-size":"auto","background-attachment":"scroll","background-type":"","background-media":"","overlay-type":"","overlay-color":"","overlay-opacity":"","overlay-gradient":""},"tablet":{"background-color":"","background-image":"","background-repeat":"repeat","background-position":"center center","background-size":"auto","background-attachment":"scroll","background-type":"","background-media":"","overlay-type":"","overlay-color":"","overlay-opacity":"","overlay-gradient":""},"mobile":{"background-color":"","background-image":"","background-repeat":"repeat","background-position":"center center","background-size":"auto","background-attachment":"scroll","background-type":"","background-media":"","overlay-type":"","overlay-color":"","overlay-opacity":"","overlay-gradient":""}},"ast-content-background-meta":{"desktop":{"background-color":"var(--ast-global-color-5)","background-image":"","background-repeat":"repeat","background-position":"center center","background-size":"auto","background-attachment":"scroll","background-type":"","background-media":"","overlay-type":"","overlay-color":"","overlay-opacity":"","overlay-gradient":""},"tablet":{"background-color":"var(--ast-global-color-5)","background-image":"","background-repeat":"repeat","background-position":"center center","background-size":"auto","background-attachment":"scroll","background-type":"","background-media":"","overlay-type":"","overlay-color":"","overlay-opacity":"","overlay-gradient":""},"mobile":{"background-color":"var(--ast-global-color-5)","background-image":"","background-repeat":"repeat","background-position":"center center","background-size":"auto","background-attachment":"scroll","background-type":"","background-media":"","overlay-type":"","overlay-color":"","overlay-opacity":"","overlay-gradient":""}}},"activiteit-bron":[514],"product_brand":[],"product_cat":[181,154],"product_tag":[182,383],"class_list":{"0":"post-27147","1":"product","2":"type-product","3":"status-publish","4":"has-post-thumbnail","6":"activiteit-bron-expedia","7":"product_cat-aruba-es","8":"product_cat-buceo-y-snorkel","9":"product_tag-aruba-es","10":"product_tag-snorkel-en-aruba","11":"desktop-align-left","12":"tablet-align-left","13":"mobile-align-left","15":"first","16":"instock","17":"virtual","18":"product-type-external"},"acf":[],"_links":{"self":[{"href":"https:\/\/bluebirdtourstravel.com\/es\/wp-json\/wp\/v2\/product\/27147","targetHints":{"allow":["GET"]}}],"collection":[{"href":"https:\/\/bluebirdtourstravel.com\/es\/wp-json\/wp\/v2\/product"}],"about":[{"href":"https:\/\/bluebirdtourstravel.com\/es\/wp-json\/wp\/v2\/types\/product"}],"replies":[{"embeddable":true,"href":"https:\/\/bluebirdtourstravel.com\/es\/wp-json\/wp\/v2\/comments?post=27147"}],"wp:featuredmedia":[{"embeddable":true,"href":"https:\/\/bluebirdtourstravel.com\/es\/wp-json\/wp\/v2\/media\/9090"}],"wp:attachment":[{"href":"https:\/\/bluebirdtourstravel.com\/es\/wp-json\/wp\/v2\/media?parent=27147"}],"wp:term":[{"taxonomy":"activiteit-bron","embeddable":true,"href":"https:\/\/bluebirdtourstravel.com\/es\/wp-json\/wp\/v2\/activiteit-bron?post=27147"},{"taxonomy":"product_brand","embeddable":true,"href":"https:\/\/bluebirdtourstravel.com\/es\/wp-json\/wp\/v2\/product_brand?post=27147"},{"taxonomy":"product_cat","embeddable":true,"href":"https:\/\/bluebirdtourstravel.com\/es\/wp-json\/wp\/v2\/product_cat?post=27147"},{"taxonomy":"product_tag","embeddable":true,"href":"https:\/\/bluebirdtourstravel.com\/es\/wp-json\/wp\/v2\/product_tag?post=27147"}],"curies":[{"name":"wp","href":"https:\/\/api.w.org\/{rel}","templated":true}]}}