{"id":27026,"date":"2025-09-21T14:17:52","date_gmt":"2025-09-21T14:17:52","guid":{"rendered":"https:\/\/bluebirdtourstravel.com\/product\/tour-aquafari-en-curazao-curazao\/"},"modified":"2025-09-29T10:55:21","modified_gmt":"2025-09-29T10:55:21","slug":"tour-aquafari-en-curazao-curazao","status":"publish","type":"product","link":"https:\/\/bluebirdtourstravel.com\/es\/producto\/tour-aquafari-en-curazao-curazao\/","title":{"rendered":"Tour Aquafari en Curazao (Curazao)"},"content":{"rendered":"<p>\u00a1Estamos orgullosos de ofrecerle el recorrido submarino m\u00e1s hermoso y la mejor experiencia para los hu\u00e9spedes!<br \/>\nNos enorgullecemos de tener el mejor servicio al hu\u00e9sped y las mejores tasas de satisfacci\u00f3n de la isla. Es por eso que Aquafari es su mejor opci\u00f3n para cruceros mar\u00edtimos submarinos en Curazao.<br \/>\nCualquier creaci\u00f3n viva que no tenga branquias como los peces tiene esta principal preocupaci\u00f3n antes de sumergirse en el agua: \u00ab\u00bfC\u00f3mo respiro?\u00bb Pedir que te metan la cara en el agua e inhalen puede dar miedo. Afortunadamente, Aquafari no tiene por qu\u00e9 hacerlo. Te dejamos respirar de forma natural. \u00a1Submarino! Este scooter submarino ecol\u00f3gico tiene un recipiente de vidrio en forma de burbuja que es oxigenado por un tanque de buceo, que est\u00e1 unido a la parte delantera del scooter. Esta botella proporciona suficiente ox\u00edgeno para toda la duraci\u00f3n del viaje.<br \/>\nAquafari es una forma divertida para que los no buceadores experimenten el mundo submarino y experimenten la incre\u00edble sensaci\u00f3n de respirar bajo el agua.<\/p>\n","protected":false},"excerpt":{"rendered":"<p>\u00a1Felicitaciones, acabas de hacer clic en una de las mejores cosas que hacer en Curazao!<\/p>\n","protected":false},"featured_media":17506,"comment_status":"closed","ping_status":"closed","template":"","meta":{"_acf_changed":false,"site-sidebar-layout":"default","site-content-layout":"","ast-site-content-layout":"default","site-content-style":"default","site-sidebar-style":"default","ast-global-header-display":"","ast-banner-title-visibility":"","ast-main-header-display":"","ast-hfb-above-header-display":"","ast-hfb-below-header-display":"","ast-hfb-mobile-header-display":"","site-post-title":"","ast-breadcrumbs-content":"","ast-featured-img":"","footer-sml-layout":"","ast-disable-related-posts":"","theme-transparent-header-meta":"","adv-header-id-meta":"","stick-header-meta":"","header-above-stick-meta":"","header-main-stick-meta":"","header-below-stick-meta":"","astra-migrate-meta-layouts":"default","ast-page-background-enabled":"default","ast-page-background-meta":{"desktop":{"background-color":"var(--ast-global-color-4)","background-image":"","background-repeat":"repeat","background-position":"center center","background-size":"auto","background-attachment":"scroll","background-type":"","background-media":"","overlay-type":"","overlay-color":"","overlay-opacity":"","overlay-gradient":""},"tablet":{"background-color":"","background-image":"","background-repeat":"repeat","background-position":"center center","background-size":"auto","background-attachment":"scroll","background-type":"","background-media":"","overlay-type":"","overlay-color":"","overlay-opacity":"","overlay-gradient":""},"mobile":{"background-color":"","background-image":"","background-repeat":"repeat","background-position":"center center","background-size":"auto","background-attachment":"scroll","background-type":"","background-media":"","overlay-type":"","overlay-color":"","overlay-opacity":"","overlay-gradient":""}},"ast-content-background-meta":{"desktop":{"background-color":"var(--ast-global-color-5)","background-image":"","background-repeat":"repeat","background-position":"center center","background-size":"auto","background-attachment":"scroll","background-type":"","background-media":"","overlay-type":"","overlay-color":"","overlay-opacity":"","overlay-gradient":""},"tablet":{"background-color":"var(--ast-global-color-5)","background-image":"","background-repeat":"repeat","background-position":"center center","background-size":"auto","background-attachment":"scroll","background-type":"","background-media":"","overlay-type":"","overlay-color":"","overlay-opacity":"","overlay-gradient":""},"mobile":{"background-color":"var(--ast-global-color-5)","background-image":"","background-repeat":"repeat","background-position":"center center","background-size":"auto","background-attachment":"scroll","background-type":"","background-media":"","overlay-type":"","overlay-color":"","overlay-opacity":"","overlay-gradient":""}}},"activiteit-bron":[514],"product_brand":[],"product_cat":[154,170],"product_tag":[376,172],"class_list":{"0":"post-27026","1":"product","2":"type-product","3":"status-publish","4":"has-post-thumbnail","6":"activiteit-bron-expedia","7":"product_cat-buceo-y-snorkel","8":"product_cat-curacao-es","9":"product_tag-bucear-en-curacao","10":"product_tag-curacao-es","11":"desktop-align-left","12":"tablet-align-left","13":"mobile-align-left","15":"first","16":"instock","17":"virtual","18":"product-type-external"},"acf":[],"_links":{"self":[{"href":"https:\/\/bluebirdtourstravel.com\/es\/wp-json\/wp\/v2\/product\/27026","targetHints":{"allow":["GET"]}}],"collection":[{"href":"https:\/\/bluebirdtourstravel.com\/es\/wp-json\/wp\/v2\/product"}],"about":[{"href":"https:\/\/bluebirdtourstravel.com\/es\/wp-json\/wp\/v2\/types\/product"}],"replies":[{"embeddable":true,"href":"https:\/\/bluebirdtourstravel.com\/es\/wp-json\/wp\/v2\/comments?post=27026"}],"wp:featuredmedia":[{"embeddable":true,"href":"https:\/\/bluebirdtourstravel.com\/es\/wp-json\/wp\/v2\/media\/17506"}],"wp:attachment":[{"href":"https:\/\/bluebirdtourstravel.com\/es\/wp-json\/wp\/v2\/media?parent=27026"}],"wp:term":[{"taxonomy":"activiteit-bron","embeddable":true,"href":"https:\/\/bluebirdtourstravel.com\/es\/wp-json\/wp\/v2\/activiteit-bron?post=27026"},{"taxonomy":"product_brand","embeddable":true,"href":"https:\/\/bluebirdtourstravel.com\/es\/wp-json\/wp\/v2\/product_brand?post=27026"},{"taxonomy":"product_cat","embeddable":true,"href":"https:\/\/bluebirdtourstravel.com\/es\/wp-json\/wp\/v2\/product_cat?post=27026"},{"taxonomy":"product_tag","embeddable":true,"href":"https:\/\/bluebirdtourstravel.com\/es\/wp-json\/wp\/v2\/product_tag?post=27026"}],"curies":[{"name":"wp","href":"https:\/\/api.w.org\/{rel}","templated":true}]}}