{"id":27012,"date":"2025-09-21T14:17:56","date_gmt":"2025-09-21T14:17:56","guid":{"rendered":"https:\/\/bluebirdtourstravel.com\/product\/pruebe-curazao-recorrido-a-pie-por-la-ciudad-chobolobo-y-escapada-a-la-playa-de-mambo-curazao\/"},"modified":"2025-09-21T14:17:56","modified_gmt":"2025-09-21T14:17:56","slug":"pruebe-curazao-recorrido-a-pie-por-la-ciudad-chobolobo-y-escapada-a-la-playa-de-mambo-curazao","status":"publish","type":"product","link":"https:\/\/bluebirdtourstravel.com\/es\/producto\/pruebe-curazao-recorrido-a-pie-por-la-ciudad-chobolobo-y-escapada-a-la-playa-de-mambo-curazao\/","title":{"rendered":"Pruebe Curazao: recorrido a pie por la ciudad, Chobolobo y escapada a la playa de Mambo (Curazao)"},"content":{"rendered":"<p>Finalmente, dir\u00edjase a Mambo Beach para disfrutar de la mejor combinaci\u00f3n de relajaci\u00f3n y diversi\u00f3n, uno de los destinos costeros m\u00e1s populares de Curazao. Durante esta parada, tendr\u00e1s tiempo para relajarte en la suave arena blanca o darte un chapuz\u00f3n en las tranquilas aguas turquesas del mar Caribe. Se pueden alquilar tumbonas y sombrillas, lo que facilita la relajaci\u00f3n con comodidad.<br \/>\nPara aquellos que buscan explorar, Mambo Beach Boulevard est\u00e1 a tiro de piedra, con una vibrante selecci\u00f3n de restaurantes, bares y boutiques frente a la playa. Disfrute de la deliciosa cocina local, beba un c\u00f3ctel tropical o compre recuerdos \u00fanicos para recordar su viaje. <\/p>\n","protected":false},"excerpt":{"rendered":"<p>Experimente la vibrante cultura y las atracciones \u00fanicas de Curazao en este fant\u00e1stico recorrido. Comience explorando las coloridas calles y los sitios hist\u00f3ricos de Willemstad, declarado Patrimonio de la Humanidad por la UNESCO. A continuaci\u00f3n, visite la famosa destiler\u00eda de licor Chobolobo para conocer y probar el ic\u00f3nico licor Blue Cura\u00e7ao de la isla.  <\/p>\n","protected":false},"featured_media":17342,"comment_status":"closed","ping_status":"closed","template":"","meta":{"_acf_changed":false,"site-sidebar-layout":"default","site-content-layout":"","ast-site-content-layout":"default","site-content-style":"default","site-sidebar-style":"default","ast-global-header-display":"","ast-banner-title-visibility":"","ast-main-header-display":"","ast-hfb-above-header-display":"","ast-hfb-below-header-display":"","ast-hfb-mobile-header-display":"","site-post-title":"","ast-breadcrumbs-content":"","ast-featured-img":"","footer-sml-layout":"","ast-disable-related-posts":"","theme-transparent-header-meta":"","adv-header-id-meta":"","stick-header-meta":"","header-above-stick-meta":"","header-main-stick-meta":"","header-below-stick-meta":"","astra-migrate-meta-layouts":"default","ast-page-background-enabled":"default","ast-page-background-meta":{"desktop":{"background-color":"var(--ast-global-color-4)","background-image":"","background-repeat":"repeat","background-position":"center center","background-size":"auto","background-attachment":"scroll","background-type":"","background-media":"","overlay-type":"","overlay-color":"","overlay-opacity":"","overlay-gradient":""},"tablet":{"background-color":"","background-image":"","background-repeat":"repeat","background-position":"center center","background-size":"auto","background-attachment":"scroll","background-type":"","background-media":"","overlay-type":"","overlay-color":"","overlay-opacity":"","overlay-gradient":""},"mobile":{"background-color":"","background-image":"","background-repeat":"repeat","background-position":"center center","background-size":"auto","background-attachment":"scroll","background-type":"","background-media":"","overlay-type":"","overlay-color":"","overlay-opacity":"","overlay-gradient":""}},"ast-content-background-meta":{"desktop":{"background-color":"var(--ast-global-color-5)","background-image":"","background-repeat":"repeat","background-position":"center center","background-size":"auto","background-attachment":"scroll","background-type":"","background-media":"","overlay-type":"","overlay-color":"","overlay-opacity":"","overlay-gradient":""},"tablet":{"background-color":"var(--ast-global-color-5)","background-image":"","background-repeat":"repeat","background-position":"center center","background-size":"auto","background-attachment":"scroll","background-type":"","background-media":"","overlay-type":"","overlay-color":"","overlay-opacity":"","overlay-gradient":""},"mobile":{"background-color":"var(--ast-global-color-5)","background-image":"","background-repeat":"repeat","background-position":"center center","background-size":"auto","background-attachment":"scroll","background-type":"","background-media":"","overlay-type":"","overlay-color":"","overlay-opacity":"","overlay-gradient":""}}},"activiteit-bron":[574],"product_brand":[],"product_cat":[170],"product_tag":[172],"class_list":{"0":"post-27012","1":"product","2":"type-product","3":"status-publish","4":"has-post-thumbnail","6":"activiteit-bron-expedia","7":"product_cat-curacao-es","8":"product_tag-curacao-es","9":"desktop-align-left","10":"tablet-align-left","11":"mobile-align-left","13":"first","14":"instock","15":"virtual","16":"product-type-external"},"acf":[],"_links":{"self":[{"href":"https:\/\/bluebirdtourstravel.com\/es\/wp-json\/wp\/v2\/product\/27012","targetHints":{"allow":["GET"]}}],"collection":[{"href":"https:\/\/bluebirdtourstravel.com\/es\/wp-json\/wp\/v2\/product"}],"about":[{"href":"https:\/\/bluebirdtourstravel.com\/es\/wp-json\/wp\/v2\/types\/product"}],"replies":[{"embeddable":true,"href":"https:\/\/bluebirdtourstravel.com\/es\/wp-json\/wp\/v2\/comments?post=27012"}],"wp:featuredmedia":[{"embeddable":true,"href":"https:\/\/bluebirdtourstravel.com\/es\/wp-json\/wp\/v2\/media\/17342"}],"wp:attachment":[{"href":"https:\/\/bluebirdtourstravel.com\/es\/wp-json\/wp\/v2\/media?parent=27012"}],"wp:term":[{"taxonomy":"activiteit-bron","embeddable":true,"href":"https:\/\/bluebirdtourstravel.com\/es\/wp-json\/wp\/v2\/activiteit-bron?post=27012"},{"taxonomy":"product_brand","embeddable":true,"href":"https:\/\/bluebirdtourstravel.com\/es\/wp-json\/wp\/v2\/product_brand?post=27012"},{"taxonomy":"product_cat","embeddable":true,"href":"https:\/\/bluebirdtourstravel.com\/es\/wp-json\/wp\/v2\/product_cat?post=27012"},{"taxonomy":"product_tag","embeddable":true,"href":"https:\/\/bluebirdtourstravel.com\/es\/wp-json\/wp\/v2\/product_tag?post=27012"}],"curies":[{"name":"wp","href":"https:\/\/api.w.org\/{rel}","templated":true}]}}