{"id":26981,"date":"2025-09-21T14:18:29","date_gmt":"2025-09-21T14:18:29","guid":{"rendered":"https:\/\/bluebirdtourstravel.com\/product\/safari-privado-en-jeep-a-la-piscina-natural-cuevas-indias-y-playa-para-bebes-con-esnorquel-aruba\/"},"modified":"2025-09-29T11:17:20","modified_gmt":"2025-09-29T11:17:20","slug":"safari-privado-en-jeep-a-la-piscina-natural-cuevas-indias-y-playa-para-bebes-con-esnorquel-aruba","status":"publish","type":"product","link":"https:\/\/bluebirdtourstravel.com\/es\/producto\/safari-privado-en-jeep-a-la-piscina-natural-cuevas-indias-y-playa-para-bebes-con-esnorquel-aruba\/","title":{"rendered":"Safari privado en jeep a la piscina natural, cuevas indias y playa para beb\u00e9s con esn\u00f3rquel (Aruba)"},"content":{"rendered":"<p>Aqu\u00ed tendr\u00e1s la oportunidad de experimentar el otro lado de la isla, mientras exploras a trav\u00e9s de \u00e1reas des\u00e9rticas rodeadas de cactus, corales, rocas de lava y playas solitarias con hermosas olas. Te llevaremos al Lago Natural \u00abConchi\u00bb donde solo pueden ir los 4&#215;4. Esta excursi\u00f3n incluye un viaje privado de snorkel tanto en el lago natural para nadar como en Baby Beach.<br \/>\nTambi\u00e9n en este viaje visitamos las cuevas indias en el Parque Nacional donde se pueden ver antiguos dibujos indios de los primeros habitantes de la isla y la hermosa playa de arena blanca en la costa norte llamada Dos Playas. La entrada al Parque Nacional Arikok est\u00e1 incluida en este tour.<br \/>\n\u00a1Deja que nuestros gu\u00edas locales te muestren lo mejor de la isla!<\/p>\n","protected":false},"excerpt":{"rendered":"<p>Nuestra empresa te llevar\u00e1 a una aventura que nunca olvidar\u00e1s. Te unir\u00e1s a nuestro gu\u00eda profesional en nuestro Jeep Safari Tour. Juntos exploramos el Parque Nacional de Arikok a trav\u00e9s de las carreteras sin asfaltar.  <\/p>\n","protected":false},"featured_media":9624,"comment_status":"closed","ping_status":"closed","template":"","meta":{"_acf_changed":false,"site-sidebar-layout":"default","site-content-layout":"","ast-site-content-layout":"default","site-content-style":"default","site-sidebar-style":"default","ast-global-header-display":"","ast-banner-title-visibility":"","ast-main-header-display":"","ast-hfb-above-header-display":"","ast-hfb-below-header-display":"","ast-hfb-mobile-header-display":"","site-post-title":"","ast-breadcrumbs-content":"","ast-featured-img":"","footer-sml-layout":"","ast-disable-related-posts":"","theme-transparent-header-meta":"","adv-header-id-meta":"","stick-header-meta":"","header-above-stick-meta":"","header-main-stick-meta":"","header-below-stick-meta":"","astra-migrate-meta-layouts":"default","ast-page-background-enabled":"default","ast-page-background-meta":{"desktop":{"background-color":"var(--ast-global-color-4)","background-image":"","background-repeat":"repeat","background-position":"center center","background-size":"auto","background-attachment":"scroll","background-type":"","background-media":"","overlay-type":"","overlay-color":"","overlay-opacity":"","overlay-gradient":""},"tablet":{"background-color":"","background-image":"","background-repeat":"repeat","background-position":"center center","background-size":"auto","background-attachment":"scroll","background-type":"","background-media":"","overlay-type":"","overlay-color":"","overlay-opacity":"","overlay-gradient":""},"mobile":{"background-color":"","background-image":"","background-repeat":"repeat","background-position":"center center","background-size":"auto","background-attachment":"scroll","background-type":"","background-media":"","overlay-type":"","overlay-color":"","overlay-opacity":"","overlay-gradient":""}},"ast-content-background-meta":{"desktop":{"background-color":"var(--ast-global-color-5)","background-image":"","background-repeat":"repeat","background-position":"center center","background-size":"auto","background-attachment":"scroll","background-type":"","background-media":"","overlay-type":"","overlay-color":"","overlay-opacity":"","overlay-gradient":""},"tablet":{"background-color":"var(--ast-global-color-5)","background-image":"","background-repeat":"repeat","background-position":"center center","background-size":"auto","background-attachment":"scroll","background-type":"","background-media":"","overlay-type":"","overlay-color":"","overlay-opacity":"","overlay-gradient":""},"mobile":{"background-color":"var(--ast-global-color-5)","background-image":"","background-repeat":"repeat","background-position":"center center","background-size":"auto","background-attachment":"scroll","background-type":"","background-media":"","overlay-type":"","overlay-color":"","overlay-opacity":"","overlay-gradient":""}}},"activiteit-bron":[514],"product_brand":[],"product_cat":[181,154],"product_tag":[182,383],"class_list":{"0":"post-26981","1":"product","2":"type-product","3":"status-publish","4":"has-post-thumbnail","6":"activiteit-bron-expedia","7":"product_cat-aruba-es","8":"product_cat-buceo-y-snorkel","9":"product_tag-aruba-es","10":"product_tag-snorkel-en-aruba","11":"desktop-align-left","12":"tablet-align-left","13":"mobile-align-left","15":"first","16":"instock","17":"virtual","18":"product-type-external"},"acf":[],"_links":{"self":[{"href":"https:\/\/bluebirdtourstravel.com\/es\/wp-json\/wp\/v2\/product\/26981","targetHints":{"allow":["GET"]}}],"collection":[{"href":"https:\/\/bluebirdtourstravel.com\/es\/wp-json\/wp\/v2\/product"}],"about":[{"href":"https:\/\/bluebirdtourstravel.com\/es\/wp-json\/wp\/v2\/types\/product"}],"replies":[{"embeddable":true,"href":"https:\/\/bluebirdtourstravel.com\/es\/wp-json\/wp\/v2\/comments?post=26981"}],"wp:featuredmedia":[{"embeddable":true,"href":"https:\/\/bluebirdtourstravel.com\/es\/wp-json\/wp\/v2\/media\/9624"}],"wp:attachment":[{"href":"https:\/\/bluebirdtourstravel.com\/es\/wp-json\/wp\/v2\/media?parent=26981"}],"wp:term":[{"taxonomy":"activiteit-bron","embeddable":true,"href":"https:\/\/bluebirdtourstravel.com\/es\/wp-json\/wp\/v2\/activiteit-bron?post=26981"},{"taxonomy":"product_brand","embeddable":true,"href":"https:\/\/bluebirdtourstravel.com\/es\/wp-json\/wp\/v2\/product_brand?post=26981"},{"taxonomy":"product_cat","embeddable":true,"href":"https:\/\/bluebirdtourstravel.com\/es\/wp-json\/wp\/v2\/product_cat?post=26981"},{"taxonomy":"product_tag","embeddable":true,"href":"https:\/\/bluebirdtourstravel.com\/es\/wp-json\/wp\/v2\/product_tag?post=26981"}],"curies":[{"name":"wp","href":"https:\/\/api.w.org\/{rel}","templated":true}]}}