{"id":26976,"date":"2025-09-21T14:18:30","date_gmt":"2025-09-21T14:18:30","guid":{"rendered":"https:\/\/bluebirdtourstravel.com\/product\/aventura-de-snorkel-palm-fun-con-almuerzo-y-barra-libre-aruba\/"},"modified":"2025-09-29T11:16:17","modified_gmt":"2025-09-29T11:16:17","slug":"aventura-de-snorkel-palm-fun-con-almuerzo-y-barra-libre-aruba","status":"publish","type":"product","link":"https:\/\/bluebirdtourstravel.com\/es\/producto\/aventura-de-snorkel-palm-fun-con-almuerzo-y-barra-libre-aruba\/","title":{"rendered":"Aventura de snorkel Palm Fun con almuerzo y barra libre (Aruba)"},"content":{"rendered":"<p>Suba a bordo del Palm Pleasure, un catamar\u00e1n de 70 pies (21 m) de largo y 40 pies (12 m) de ancho, y comience su aventura en la Bah\u00eda Catalina, con aguas cristalinas, este es un lugar popular para bucear. A continuaci\u00f3n, dir\u00edgete al arrecife Arashi, donde bucear\u00e1s entre hermosos arrecifes, corales estrella y peces \u00e1ngel.<br \/>\nAhora es el momento de una mirada \u00fanica al naufragio de Antilla. Sum\u00e9rgete en uno de los naufragios m\u00e1s grandes del Caribe, conocido localmente como el barco fantasma. El carguero Hamburg America Line es un carguero alem\u00e1n de 440 pies de largo que fue destruido durante la Segunda Guerra Mundial. Practique snorkel alrededor del barco embrujado rodeado de peces tropicales y langostas.<br \/>\nDespu\u00e9s de tu experiencia submarina, puedes disfrutar de un delicioso almuerzo preparado por los mejores chefs de un restaurante local o probar una refrescante bebida tropical. Si\u00e9ntate y disfruta.<br \/>\nPara divertirse a\u00fan m\u00e1s, puede elegir la opci\u00f3n de agregar SNUBA\u00ae, una combinaci\u00f3n de esn\u00f3rquel y buceo, sin llevar equipo de buceo restrictivo pesado, lo que le permite deslizarse sin esfuerzo debajo de la superficie y ver formaciones de coral y peces tropicales.<br \/>\n* Tenga en cuenta que los pasajeros de cruceros deben reservar tours y excursiones directamente con la l\u00ednea de cruceros.<\/p>\n","protected":false},"excerpt":{"rendered":"<p>Disfrute de todos los lugares de inter\u00e9s de Aruba con una experiencia de navegaci\u00f3n y esn\u00f3rquel de medio d\u00eda en el espacioso catamar\u00e1n Palm Pleasure, que incluye almuerzo buffet y barra libre. Navegue a 3 emocionantes lugares para bucear, incluido el naufragio de Antilla de la Segunda Guerra Mundial, la bah\u00eda de Catalina y el arrecife Arashi. <\/p>\n","protected":false},"featured_media":10787,"comment_status":"closed","ping_status":"closed","template":"","meta":{"_acf_changed":false,"site-sidebar-layout":"default","site-content-layout":"","ast-site-content-layout":"default","site-content-style":"default","site-sidebar-style":"default","ast-global-header-display":"","ast-banner-title-visibility":"","ast-main-header-display":"","ast-hfb-above-header-display":"","ast-hfb-below-header-display":"","ast-hfb-mobile-header-display":"","site-post-title":"","ast-breadcrumbs-content":"","ast-featured-img":"","footer-sml-layout":"","ast-disable-related-posts":"","theme-transparent-header-meta":"","adv-header-id-meta":"","stick-header-meta":"","header-above-stick-meta":"","header-main-stick-meta":"","header-below-stick-meta":"","astra-migrate-meta-layouts":"default","ast-page-background-enabled":"default","ast-page-background-meta":{"desktop":{"background-color":"var(--ast-global-color-4)","background-image":"","background-repeat":"repeat","background-position":"center center","background-size":"auto","background-attachment":"scroll","background-type":"","background-media":"","overlay-type":"","overlay-color":"","overlay-opacity":"","overlay-gradient":""},"tablet":{"background-color":"","background-image":"","background-repeat":"repeat","background-position":"center center","background-size":"auto","background-attachment":"scroll","background-type":"","background-media":"","overlay-type":"","overlay-color":"","overlay-opacity":"","overlay-gradient":""},"mobile":{"background-color":"","background-image":"","background-repeat":"repeat","background-position":"center center","background-size":"auto","background-attachment":"scroll","background-type":"","background-media":"","overlay-type":"","overlay-color":"","overlay-opacity":"","overlay-gradient":""}},"ast-content-background-meta":{"desktop":{"background-color":"var(--ast-global-color-5)","background-image":"","background-repeat":"repeat","background-position":"center center","background-size":"auto","background-attachment":"scroll","background-type":"","background-media":"","overlay-type":"","overlay-color":"","overlay-opacity":"","overlay-gradient":""},"tablet":{"background-color":"var(--ast-global-color-5)","background-image":"","background-repeat":"repeat","background-position":"center center","background-size":"auto","background-attachment":"scroll","background-type":"","background-media":"","overlay-type":"","overlay-color":"","overlay-opacity":"","overlay-gradient":""},"mobile":{"background-color":"var(--ast-global-color-5)","background-image":"","background-repeat":"repeat","background-position":"center center","background-size":"auto","background-attachment":"scroll","background-type":"","background-media":"","overlay-type":"","overlay-color":"","overlay-opacity":"","overlay-gradient":""}}},"activiteit-bron":[514],"product_brand":[],"product_cat":[181,154],"product_tag":[182,383],"class_list":{"0":"post-26976","1":"product","2":"type-product","3":"status-publish","4":"has-post-thumbnail","6":"activiteit-bron-expedia","7":"product_cat-aruba-es","8":"product_cat-buceo-y-snorkel","9":"product_tag-aruba-es","10":"product_tag-snorkel-en-aruba","11":"desktop-align-left","12":"tablet-align-left","13":"mobile-align-left","15":"first","16":"instock","17":"virtual","18":"product-type-external"},"acf":[],"_links":{"self":[{"href":"https:\/\/bluebirdtourstravel.com\/es\/wp-json\/wp\/v2\/product\/26976","targetHints":{"allow":["GET"]}}],"collection":[{"href":"https:\/\/bluebirdtourstravel.com\/es\/wp-json\/wp\/v2\/product"}],"about":[{"href":"https:\/\/bluebirdtourstravel.com\/es\/wp-json\/wp\/v2\/types\/product"}],"replies":[{"embeddable":true,"href":"https:\/\/bluebirdtourstravel.com\/es\/wp-json\/wp\/v2\/comments?post=26976"}],"wp:featuredmedia":[{"embeddable":true,"href":"https:\/\/bluebirdtourstravel.com\/es\/wp-json\/wp\/v2\/media\/10787"}],"wp:attachment":[{"href":"https:\/\/bluebirdtourstravel.com\/es\/wp-json\/wp\/v2\/media?parent=26976"}],"wp:term":[{"taxonomy":"activiteit-bron","embeddable":true,"href":"https:\/\/bluebirdtourstravel.com\/es\/wp-json\/wp\/v2\/activiteit-bron?post=26976"},{"taxonomy":"product_brand","embeddable":true,"href":"https:\/\/bluebirdtourstravel.com\/es\/wp-json\/wp\/v2\/product_brand?post=26976"},{"taxonomy":"product_cat","embeddable":true,"href":"https:\/\/bluebirdtourstravel.com\/es\/wp-json\/wp\/v2\/product_cat?post=26976"},{"taxonomy":"product_tag","embeddable":true,"href":"https:\/\/bluebirdtourstravel.com\/es\/wp-json\/wp\/v2\/product_tag?post=26976"}],"curies":[{"name":"wp","href":"https:\/\/api.w.org\/{rel}","templated":true}]}}