{"id":26971,"date":"2025-09-21T14:18:34","date_gmt":"2025-09-21T14:18:34","guid":{"rendered":"https:\/\/bluebirdtourstravel.com\/product\/crucero-de-snorkel-con-barra-libre-y-almuerzo-ligero-aruba\/"},"modified":"2025-09-29T10:24:55","modified_gmt":"2025-09-29T10:24:55","slug":"crucero-de-snorkel-con-barra-libre-y-almuerzo-ligero-aruba","status":"publish","type":"product","link":"https:\/\/bluebirdtourstravel.com\/es\/producto\/crucero-de-snorkel-con-barra-libre-y-almuerzo-ligero-aruba\/","title":{"rendered":"Crucero de snorkel con barra libre y almuerzo ligero (Aruba)"},"content":{"rendered":"","protected":false},"excerpt":{"rendered":"<p>Zarpa hacia tu aventura de snorkel en Aruba a bordo del crucero en catamar\u00e1n Dolphin, totalmente equipado con todo lo necesario para aprovechar al m\u00e1ximo tu visita a esta isla caribe\u00f1a. Disfrute de la barra libre con c\u00f3cteles caribe\u00f1os, bebidas mezcladas y jugos mientras navega por la hermosa costa de Aruba con su capit\u00e1n y tripulaci\u00f3n profesionales. La atm\u00f3sfera musical crear\u00e1 un ambiente caribe\u00f1o.    <\/p>\n<p>Su primera parada para bucear ser\u00e1 el famoso naufragio del carguero alem\u00e1n Antilla. Este espectacular naufragio de 450 pies de largo de la Segunda Guerra Mundial es tan grande que casi se eleva por encima del agua.   <\/p>\n<p>A continuaci\u00f3n, visitar\u00e1 la hermosa Bah\u00eda Catalina, donde podr\u00e1 explorar el arrecife de coral poco profundo con muchos peces de colores para admirar. En esta parada en la bah\u00eda poco profunda, puede divertirse con las actividades recreativas, incluido el emocionante columpio de cuerda y el tobog\u00e1n de agua giratorio.   <\/p>\n<p>Antes de zarpar de regreso, la tripulaci\u00f3n le traer\u00e1 un almuerzo ligero mientras contin\u00faa disfrutando de la barra libre.<\/p>\n","protected":false},"featured_media":11960,"comment_status":"closed","ping_status":"closed","template":"","meta":{"_acf_changed":false,"site-sidebar-layout":"default","site-content-layout":"","ast-site-content-layout":"default","site-content-style":"default","site-sidebar-style":"default","ast-global-header-display":"","ast-banner-title-visibility":"","ast-main-header-display":"","ast-hfb-above-header-display":"","ast-hfb-below-header-display":"","ast-hfb-mobile-header-display":"","site-post-title":"","ast-breadcrumbs-content":"","ast-featured-img":"","footer-sml-layout":"","ast-disable-related-posts":"","theme-transparent-header-meta":"","adv-header-id-meta":"","stick-header-meta":"","header-above-stick-meta":"","header-main-stick-meta":"","header-below-stick-meta":"","astra-migrate-meta-layouts":"default","ast-page-background-enabled":"default","ast-page-background-meta":{"desktop":{"background-color":"var(--ast-global-color-4)","background-image":"","background-repeat":"repeat","background-position":"center center","background-size":"auto","background-attachment":"scroll","background-type":"","background-media":"","overlay-type":"","overlay-color":"","overlay-opacity":"","overlay-gradient":""},"tablet":{"background-color":"","background-image":"","background-repeat":"repeat","background-position":"center center","background-size":"auto","background-attachment":"scroll","background-type":"","background-media":"","overlay-type":"","overlay-color":"","overlay-opacity":"","overlay-gradient":""},"mobile":{"background-color":"","background-image":"","background-repeat":"repeat","background-position":"center center","background-size":"auto","background-attachment":"scroll","background-type":"","background-media":"","overlay-type":"","overlay-color":"","overlay-opacity":"","overlay-gradient":""}},"ast-content-background-meta":{"desktop":{"background-color":"var(--ast-global-color-5)","background-image":"","background-repeat":"repeat","background-position":"center center","background-size":"auto","background-attachment":"scroll","background-type":"","background-media":"","overlay-type":"","overlay-color":"","overlay-opacity":"","overlay-gradient":""},"tablet":{"background-color":"var(--ast-global-color-5)","background-image":"","background-repeat":"repeat","background-position":"center center","background-size":"auto","background-attachment":"scroll","background-type":"","background-media":"","overlay-type":"","overlay-color":"","overlay-opacity":"","overlay-gradient":""},"mobile":{"background-color":"var(--ast-global-color-5)","background-image":"","background-repeat":"repeat","background-position":"center center","background-size":"auto","background-attachment":"scroll","background-type":"","background-media":"","overlay-type":"","overlay-color":"","overlay-opacity":"","overlay-gradient":""}}},"activiteit-bron":[514],"product_brand":[],"product_cat":[181,154],"product_tag":[182,383],"class_list":{"0":"post-26971","1":"product","2":"type-product","3":"status-publish","4":"has-post-thumbnail","6":"activiteit-bron-expedia","7":"product_cat-aruba-es","8":"product_cat-buceo-y-snorkel","9":"product_tag-aruba-es","10":"product_tag-snorkel-en-aruba","11":"desktop-align-left","12":"tablet-align-left","13":"mobile-align-left","15":"first","16":"instock","17":"virtual","18":"product-type-external"},"acf":[],"_links":{"self":[{"href":"https:\/\/bluebirdtourstravel.com\/es\/wp-json\/wp\/v2\/product\/26971","targetHints":{"allow":["GET"]}}],"collection":[{"href":"https:\/\/bluebirdtourstravel.com\/es\/wp-json\/wp\/v2\/product"}],"about":[{"href":"https:\/\/bluebirdtourstravel.com\/es\/wp-json\/wp\/v2\/types\/product"}],"replies":[{"embeddable":true,"href":"https:\/\/bluebirdtourstravel.com\/es\/wp-json\/wp\/v2\/comments?post=26971"}],"wp:featuredmedia":[{"embeddable":true,"href":"https:\/\/bluebirdtourstravel.com\/es\/wp-json\/wp\/v2\/media\/11960"}],"wp:attachment":[{"href":"https:\/\/bluebirdtourstravel.com\/es\/wp-json\/wp\/v2\/media?parent=26971"}],"wp:term":[{"taxonomy":"activiteit-bron","embeddable":true,"href":"https:\/\/bluebirdtourstravel.com\/es\/wp-json\/wp\/v2\/activiteit-bron?post=26971"},{"taxonomy":"product_brand","embeddable":true,"href":"https:\/\/bluebirdtourstravel.com\/es\/wp-json\/wp\/v2\/product_brand?post=26971"},{"taxonomy":"product_cat","embeddable":true,"href":"https:\/\/bluebirdtourstravel.com\/es\/wp-json\/wp\/v2\/product_cat?post=26971"},{"taxonomy":"product_tag","embeddable":true,"href":"https:\/\/bluebirdtourstravel.com\/es\/wp-json\/wp\/v2\/product_tag?post=26971"}],"curies":[{"name":"wp","href":"https:\/\/api.w.org\/{rel}","templated":true}]}}