{"id":26964,"date":"2025-09-21T14:18:37","date_gmt":"2025-09-21T14:18:37","guid":{"rendered":"https:\/\/bluebirdtourstravel.com\/product\/tour-en-utv-con-agua-de-cueva-natural-y-buceo-en-acantilados-aruba\/"},"modified":"2025-09-30T10:42:12","modified_gmt":"2025-09-30T10:42:12","slug":"tour-en-utv-con-agua-de-cueva-natural-y-buceo-en-acantilados-aruba","status":"publish","type":"product","link":"https:\/\/bluebirdtourstravel.com\/es\/producto\/tour-en-utv-con-agua-de-cueva-natural-y-buceo-en-acantilados-aruba\/","title":{"rendered":"Tour en UTV con agua de cueva natural y buceo en acantilados (Aruba)"},"content":{"rendered":"<p>Experimente la emoci\u00f3n de explorar cuevas escondidas, nadar y saltar acantilados.<br \/>\nExplore el zool\u00f3gico Phillips para ver y alimentar animales amigables y ex\u00f3ticos.<br \/>\nConveniente recogida y regreso incluidos<br \/>\nExperimente la aventura de su vida en una isla caribe\u00f1a con nuestros gu\u00edas expertos.<br \/>\nDescubra las hermosas vistas de Aruba con nuestros emocionantes recorridos en UTV. Nuestro gu\u00eda experto compartir\u00e1 historias fascinantes sobre los lugares que visitamos, lo que lo convertir\u00e1 en una experiencia inolvidable. <\/p>\n","protected":false},"excerpt":{"rendered":"<p>\u00danase a nosotros en un emocionante viaje todoterreno para explorar el \u00e1rea de la costa norte de Aruba. Nuestra aventura en UTV te llevar\u00e1 a uno de los lugares m\u00e1s pintorescos, donde podr\u00e1s experimentar la emoci\u00f3n de saltar de los peque\u00f1os acantilados de roca en la piscina de la cueva. No se limite a imaginar las aventuras todoterreno en Aruba, forme parte de nuestro inolvidable recorrido hoy.  <\/p>\n","protected":false},"featured_media":14262,"comment_status":"closed","ping_status":"closed","template":"","meta":{"_acf_changed":false,"site-sidebar-layout":"default","site-content-layout":"","ast-site-content-layout":"default","site-content-style":"default","site-sidebar-style":"default","ast-global-header-display":"","ast-banner-title-visibility":"","ast-main-header-display":"","ast-hfb-above-header-display":"","ast-hfb-below-header-display":"","ast-hfb-mobile-header-display":"","site-post-title":"","ast-breadcrumbs-content":"","ast-featured-img":"","footer-sml-layout":"","ast-disable-related-posts":"","theme-transparent-header-meta":"","adv-header-id-meta":"","stick-header-meta":"","header-above-stick-meta":"","header-main-stick-meta":"","header-below-stick-meta":"","astra-migrate-meta-layouts":"default","ast-page-background-enabled":"default","ast-page-background-meta":{"desktop":{"background-color":"var(--ast-global-color-4)","background-image":"","background-repeat":"repeat","background-position":"center center","background-size":"auto","background-attachment":"scroll","background-type":"","background-media":"","overlay-type":"","overlay-color":"","overlay-opacity":"","overlay-gradient":""},"tablet":{"background-color":"","background-image":"","background-repeat":"repeat","background-position":"center center","background-size":"auto","background-attachment":"scroll","background-type":"","background-media":"","overlay-type":"","overlay-color":"","overlay-opacity":"","overlay-gradient":""},"mobile":{"background-color":"","background-image":"","background-repeat":"repeat","background-position":"center center","background-size":"auto","background-attachment":"scroll","background-type":"","background-media":"","overlay-type":"","overlay-color":"","overlay-opacity":"","overlay-gradient":""}},"ast-content-background-meta":{"desktop":{"background-color":"var(--ast-global-color-5)","background-image":"","background-repeat":"repeat","background-position":"center center","background-size":"auto","background-attachment":"scroll","background-type":"","background-media":"","overlay-type":"","overlay-color":"","overlay-opacity":"","overlay-gradient":""},"tablet":{"background-color":"var(--ast-global-color-5)","background-image":"","background-repeat":"repeat","background-position":"center center","background-size":"auto","background-attachment":"scroll","background-type":"","background-media":"","overlay-type":"","overlay-color":"","overlay-opacity":"","overlay-gradient":""},"mobile":{"background-color":"var(--ast-global-color-5)","background-image":"","background-repeat":"repeat","background-position":"center center","background-size":"auto","background-attachment":"scroll","background-type":"","background-media":"","overlay-type":"","overlay-color":"","overlay-opacity":"","overlay-gradient":""}}},"activiteit-bron":[514],"product_brand":[],"product_cat":[181,169],"product_tag":[182,231,378],"class_list":{"0":"post-26964","1":"product","2":"type-product","3":"status-publish","4":"has-post-thumbnail","6":"activiteit-bron-expedia","7":"product_cat-aruba-es","8":"product_cat-atvs-y-utvs","9":"product_tag-aruba-es","10":"product_tag-atv-es","11":"product_tag-todoterrenos-en-aruba","12":"desktop-align-left","13":"tablet-align-left","14":"mobile-align-left","16":"first","17":"instock","18":"virtual","19":"product-type-external"},"acf":[],"_links":{"self":[{"href":"https:\/\/bluebirdtourstravel.com\/es\/wp-json\/wp\/v2\/product\/26964","targetHints":{"allow":["GET"]}}],"collection":[{"href":"https:\/\/bluebirdtourstravel.com\/es\/wp-json\/wp\/v2\/product"}],"about":[{"href":"https:\/\/bluebirdtourstravel.com\/es\/wp-json\/wp\/v2\/types\/product"}],"replies":[{"embeddable":true,"href":"https:\/\/bluebirdtourstravel.com\/es\/wp-json\/wp\/v2\/comments?post=26964"}],"wp:featuredmedia":[{"embeddable":true,"href":"https:\/\/bluebirdtourstravel.com\/es\/wp-json\/wp\/v2\/media\/14262"}],"wp:attachment":[{"href":"https:\/\/bluebirdtourstravel.com\/es\/wp-json\/wp\/v2\/media?parent=26964"}],"wp:term":[{"taxonomy":"activiteit-bron","embeddable":true,"href":"https:\/\/bluebirdtourstravel.com\/es\/wp-json\/wp\/v2\/activiteit-bron?post=26964"},{"taxonomy":"product_brand","embeddable":true,"href":"https:\/\/bluebirdtourstravel.com\/es\/wp-json\/wp\/v2\/product_brand?post=26964"},{"taxonomy":"product_cat","embeddable":true,"href":"https:\/\/bluebirdtourstravel.com\/es\/wp-json\/wp\/v2\/product_cat?post=26964"},{"taxonomy":"product_tag","embeddable":true,"href":"https:\/\/bluebirdtourstravel.com\/es\/wp-json\/wp\/v2\/product_tag?post=26964"}],"curies":[{"name":"wp","href":"https:\/\/api.w.org\/{rel}","templated":true}]}}