{"id":26957,"date":"2025-09-21T14:18:39","date_gmt":"2025-09-21T14:18:39","guid":{"rendered":"https:\/\/bluebirdtourstravel.com\/product\/paseo-en-velero-al-atardecer-con-aperitivos-y-cocteles-aruba\/"},"modified":"2025-09-21T14:18:39","modified_gmt":"2025-09-21T14:18:39","slug":"paseo-en-velero-al-atardecer-con-aperitivos-y-cocteles-aruba","status":"publish","type":"product","link":"https:\/\/bluebirdtourstravel.com\/es\/producto\/paseo-en-velero-al-atardecer-con-aperitivos-y-cocteles-aruba\/","title":{"rendered":"Paseo en velero al atardecer con aperitivos y c\u00f3cteles (Aruba)"},"content":{"rendered":"<p>Suba a bordo de un catamar\u00e1n de cubierta abierta y comience su tranquilo crucero en un lujoso catamar\u00e1n hecho a medida, totalmente equipado con 2 ba\u00f1os marinos, tumbonas y un amplio espacio para sentarse. Deje que su equipo profesional y divertido lo entretenga mientras disfruta de los ritmos tropicales de la m\u00fasica local, beba refrescantes c\u00f3cteles de la barra libre y pruebe deliciosos aperitivos.<br \/>\nA medida que la luz del d\u00eda se desvanece y navega a lo largo de la costa, observe c\u00f3mo la puesta de sol pinta el cielo nocturno con tonos rojos, dorados y rosas. Ya sea que est\u00e9 buscando un viaje familiar ideal o una escapada rom\u00e1ntica, este impresionante crucero en catamar\u00e1n ofrece una experiencia incre\u00edble. <\/p>\n","protected":false},"excerpt":{"rendered":"<p>Rel\u00e1jate y termina el d\u00eda con una nota alta con este relajante crucero. Suba a bordo de un c\u00f3modo catamar\u00e1n de cubierta abierta y zarpe para disfrutar de las aguas cristalinas de Aruba, la impresionante costa y la impresionante puesta de sol. En el camino, beba un c\u00f3ctel tropical de la barra libre y disfrute de sabrosos bocadillos.  <\/p>\n","protected":false},"featured_media":10847,"comment_status":"closed","ping_status":"closed","template":"","meta":{"_acf_changed":false,"site-sidebar-layout":"default","site-content-layout":"","ast-site-content-layout":"default","site-content-style":"default","site-sidebar-style":"default","ast-global-header-display":"","ast-banner-title-visibility":"","ast-main-header-display":"","ast-hfb-above-header-display":"","ast-hfb-below-header-display":"","ast-hfb-mobile-header-display":"","site-post-title":"","ast-breadcrumbs-content":"","ast-featured-img":"","footer-sml-layout":"","ast-disable-related-posts":"","theme-transparent-header-meta":"","adv-header-id-meta":"","stick-header-meta":"","header-above-stick-meta":"","header-main-stick-meta":"","header-below-stick-meta":"","astra-migrate-meta-layouts":"default","ast-page-background-enabled":"default","ast-page-background-meta":{"desktop":{"background-color":"var(--ast-global-color-4)","background-image":"","background-repeat":"repeat","background-position":"center center","background-size":"auto","background-attachment":"scroll","background-type":"","background-media":"","overlay-type":"","overlay-color":"","overlay-opacity":"","overlay-gradient":""},"tablet":{"background-color":"","background-image":"","background-repeat":"repeat","background-position":"center center","background-size":"auto","background-attachment":"scroll","background-type":"","background-media":"","overlay-type":"","overlay-color":"","overlay-opacity":"","overlay-gradient":""},"mobile":{"background-color":"","background-image":"","background-repeat":"repeat","background-position":"center center","background-size":"auto","background-attachment":"scroll","background-type":"","background-media":"","overlay-type":"","overlay-color":"","overlay-opacity":"","overlay-gradient":""}},"ast-content-background-meta":{"desktop":{"background-color":"var(--ast-global-color-5)","background-image":"","background-repeat":"repeat","background-position":"center center","background-size":"auto","background-attachment":"scroll","background-type":"","background-media":"","overlay-type":"","overlay-color":"","overlay-opacity":"","overlay-gradient":""},"tablet":{"background-color":"var(--ast-global-color-5)","background-image":"","background-repeat":"repeat","background-position":"center center","background-size":"auto","background-attachment":"scroll","background-type":"","background-media":"","overlay-type":"","overlay-color":"","overlay-opacity":"","overlay-gradient":""},"mobile":{"background-color":"var(--ast-global-color-5)","background-image":"","background-repeat":"repeat","background-position":"center center","background-size":"auto","background-attachment":"scroll","background-type":"","background-media":"","overlay-type":"","overlay-color":"","overlay-opacity":"","overlay-gradient":""}}},"activiteit-bron":[574],"product_brand":[],"product_cat":[181],"product_tag":[182],"class_list":{"0":"post-26957","1":"product","2":"type-product","3":"status-publish","4":"has-post-thumbnail","6":"activiteit-bron-expedia","7":"product_cat-aruba-es","8":"product_tag-aruba-es","9":"desktop-align-left","10":"tablet-align-left","11":"mobile-align-left","13":"first","14":"instock","15":"virtual","16":"product-type-external"},"acf":[],"_links":{"self":[{"href":"https:\/\/bluebirdtourstravel.com\/es\/wp-json\/wp\/v2\/product\/26957","targetHints":{"allow":["GET"]}}],"collection":[{"href":"https:\/\/bluebirdtourstravel.com\/es\/wp-json\/wp\/v2\/product"}],"about":[{"href":"https:\/\/bluebirdtourstravel.com\/es\/wp-json\/wp\/v2\/types\/product"}],"replies":[{"embeddable":true,"href":"https:\/\/bluebirdtourstravel.com\/es\/wp-json\/wp\/v2\/comments?post=26957"}],"wp:featuredmedia":[{"embeddable":true,"href":"https:\/\/bluebirdtourstravel.com\/es\/wp-json\/wp\/v2\/media\/10847"}],"wp:attachment":[{"href":"https:\/\/bluebirdtourstravel.com\/es\/wp-json\/wp\/v2\/media?parent=26957"}],"wp:term":[{"taxonomy":"activiteit-bron","embeddable":true,"href":"https:\/\/bluebirdtourstravel.com\/es\/wp-json\/wp\/v2\/activiteit-bron?post=26957"},{"taxonomy":"product_brand","embeddable":true,"href":"https:\/\/bluebirdtourstravel.com\/es\/wp-json\/wp\/v2\/product_brand?post=26957"},{"taxonomy":"product_cat","embeddable":true,"href":"https:\/\/bluebirdtourstravel.com\/es\/wp-json\/wp\/v2\/product_cat?post=26957"},{"taxonomy":"product_tag","embeddable":true,"href":"https:\/\/bluebirdtourstravel.com\/es\/wp-json\/wp\/v2\/product_tag?post=26957"}],"curies":[{"name":"wp","href":"https:\/\/api.w.org\/{rel}","templated":true}]}}