{"id":26879,"date":"2025-09-21T14:16:56","date_gmt":"2025-09-21T14:16:56","guid":{"rendered":"https:\/\/bluebirdtourstravel.com\/product\/sumergete-en-el-jardin-de-esculturas-submarinas-sint-maarten\/"},"modified":"2025-09-29T10:19:23","modified_gmt":"2025-09-29T10:19:23","slug":"sumergete-en-el-jardin-de-esculturas-submarinas-sint-maarten","status":"publish","type":"product","link":"https:\/\/bluebirdtourstravel.com\/es\/producto\/sumergete-en-el-jardin-de-esculturas-submarinas-sint-maarten\/","title":{"rendered":"Sum\u00e9rgete en el Jard\u00edn de Esculturas Submarinas (Sint Maarten)"},"content":{"rendered":"<p>\u00a1Un nuevo parque de esculturas submarinas en Divi Little Bay, que se inaugurar\u00e1 este diciembre en St. Maarten!<br \/>\nSum\u00e9rgete en el incre\u00edble mundo submarino, lleno de vida marina y esculturas \u00fanicas que combinan arte y naturaleza.<br \/>\nExplore los intrincados detalles de las esculturas del parque, cada una de las cuales cuenta una historia \u00fanica, y cree recuerdos inolvidables en uno de los sitios de buceo m\u00e1s encantadores del Caribe.<br \/>\nAc\u00e9rcate a las incre\u00edbles esculturas del parque y s\u00e9 testigo de la magia bajo el mar.<br \/>\nSe proporciona todo el equipo necesario, lo que garantiza una experiencia segura y emocionante.<br \/>\n\u00a1\u00danase a nosotros y experimente el arte del mar, donde la naturaleza y la creatividad humana se fusionan bajo las olas en el Parque de Esculturas Submarinas de Sint Maarten!<\/p>\n","protected":false},"excerpt":{"rendered":"<p>Ya eres un buceador certificado, \u00a1prep\u00e1rate para la aventura de tu vida con nuestra inmersi\u00f3n con un solo tanque en el nuevo parque de esculturas submarinas, bajo Sint Maarten!<\/p>\n","protected":false},"featured_media":20919,"comment_status":"closed","ping_status":"closed","template":"","meta":{"_acf_changed":false,"site-sidebar-layout":"default","site-content-layout":"","ast-site-content-layout":"default","site-content-style":"default","site-sidebar-style":"default","ast-global-header-display":"","ast-banner-title-visibility":"","ast-main-header-display":"","ast-hfb-above-header-display":"","ast-hfb-below-header-display":"","ast-hfb-mobile-header-display":"","site-post-title":"","ast-breadcrumbs-content":"","ast-featured-img":"","footer-sml-layout":"","ast-disable-related-posts":"","theme-transparent-header-meta":"","adv-header-id-meta":"","stick-header-meta":"","header-above-stick-meta":"","header-main-stick-meta":"","header-below-stick-meta":"","astra-migrate-meta-layouts":"default","ast-page-background-enabled":"default","ast-page-background-meta":{"desktop":{"background-color":"var(--ast-global-color-4)","background-image":"","background-repeat":"repeat","background-position":"center center","background-size":"auto","background-attachment":"scroll","background-type":"","background-media":"","overlay-type":"","overlay-color":"","overlay-opacity":"","overlay-gradient":""},"tablet":{"background-color":"","background-image":"","background-repeat":"repeat","background-position":"center center","background-size":"auto","background-attachment":"scroll","background-type":"","background-media":"","overlay-type":"","overlay-color":"","overlay-opacity":"","overlay-gradient":""},"mobile":{"background-color":"","background-image":"","background-repeat":"repeat","background-position":"center center","background-size":"auto","background-attachment":"scroll","background-type":"","background-media":"","overlay-type":"","overlay-color":"","overlay-opacity":"","overlay-gradient":""}},"ast-content-background-meta":{"desktop":{"background-color":"var(--ast-global-color-5)","background-image":"","background-repeat":"repeat","background-position":"center center","background-size":"auto","background-attachment":"scroll","background-type":"","background-media":"","overlay-type":"","overlay-color":"","overlay-opacity":"","overlay-gradient":""},"tablet":{"background-color":"var(--ast-global-color-5)","background-image":"","background-repeat":"repeat","background-position":"center center","background-size":"auto","background-attachment":"scroll","background-type":"","background-media":"","overlay-type":"","overlay-color":"","overlay-opacity":"","overlay-gradient":""},"mobile":{"background-color":"var(--ast-global-color-5)","background-image":"","background-repeat":"repeat","background-position":"center center","background-size":"auto","background-attachment":"scroll","background-type":"","background-media":"","overlay-type":"","overlay-color":"","overlay-opacity":"","overlay-gradient":""}}},"activiteit-bron":[514],"product_brand":[],"product_cat":[154,522],"product_tag":[212,476],"class_list":{"0":"post-26879","1":"product","2":"type-product","3":"status-publish","4":"has-post-thumbnail","6":"activiteit-bron-expedia","7":"product_cat-buceo-y-snorkel","8":"product_cat-san-martin","9":"product_tag-san-martin","10":"product_tag-sumergete-san-martin","11":"desktop-align-left","12":"tablet-align-left","13":"mobile-align-left","15":"first","16":"instock","17":"virtual","18":"product-type-external"},"acf":[],"_links":{"self":[{"href":"https:\/\/bluebirdtourstravel.com\/es\/wp-json\/wp\/v2\/product\/26879","targetHints":{"allow":["GET"]}}],"collection":[{"href":"https:\/\/bluebirdtourstravel.com\/es\/wp-json\/wp\/v2\/product"}],"about":[{"href":"https:\/\/bluebirdtourstravel.com\/es\/wp-json\/wp\/v2\/types\/product"}],"replies":[{"embeddable":true,"href":"https:\/\/bluebirdtourstravel.com\/es\/wp-json\/wp\/v2\/comments?post=26879"}],"wp:featuredmedia":[{"embeddable":true,"href":"https:\/\/bluebirdtourstravel.com\/es\/wp-json\/wp\/v2\/media\/20919"}],"wp:attachment":[{"href":"https:\/\/bluebirdtourstravel.com\/es\/wp-json\/wp\/v2\/media?parent=26879"}],"wp:term":[{"taxonomy":"activiteit-bron","embeddable":true,"href":"https:\/\/bluebirdtourstravel.com\/es\/wp-json\/wp\/v2\/activiteit-bron?post=26879"},{"taxonomy":"product_brand","embeddable":true,"href":"https:\/\/bluebirdtourstravel.com\/es\/wp-json\/wp\/v2\/product_brand?post=26879"},{"taxonomy":"product_cat","embeddable":true,"href":"https:\/\/bluebirdtourstravel.com\/es\/wp-json\/wp\/v2\/product_cat?post=26879"},{"taxonomy":"product_tag","embeddable":true,"href":"https:\/\/bluebirdtourstravel.com\/es\/wp-json\/wp\/v2\/product_tag?post=26879"}],"curies":[{"name":"wp","href":"https:\/\/api.w.org\/{rel}","templated":true}]}}