{"id":26858,"date":"2025-09-21T14:17:06","date_gmt":"2025-09-21T14:17:06","guid":{"rendered":"https:\/\/bluebirdtourstravel.com\/product\/aventura-en-buggy-de-2-horas-en-curazao-curazao\/"},"modified":"2025-09-21T14:17:06","modified_gmt":"2025-09-21T14:17:06","slug":"aventura-en-buggy-de-2-horas-en-curazao-curazao","status":"publish","type":"product","link":"https:\/\/bluebirdtourstravel.com\/es\/producto\/aventura-en-buggy-de-2-horas-en-curazao-curazao\/","title":{"rendered":"Aventura en buggy de 2 horas en Curazao (Curazao)"},"content":{"rendered":"<p>Explorar\u00e1 las llanuras arenosas de cactus de St George y visitar\u00e1 un puente natural en ciernes (cueva de la perdici\u00f3n) en el escarpado lado norte. Los fuertes vientos y las corrientes crean un espectacular espect\u00e1culo acu\u00e1tico de olas rompiendo en la costa norte.<br \/>\nEste recorrido comienza a las 9:30 a.m., 12:30 p.m. o 3:30 p.m. en nuestra tienda de buggy frente al Sunscape Resort y durante las pr\u00f3ximas 2,5 horas estar\u00e1 al volante de su UTV mientras explora la naturaleza salvaje de Curazao, as\u00ed como lugares a los que normalmente no puede llegar con un autom\u00f3vil normal.<br \/>\nConducir\u00e1 a trav\u00e9s de las llanuras arenosas de St Joris, donde lo llevaremos a todos los rincones del lado norte. Disfrute de un paseo por la remota costa norte y sea testigo del poder de la madre naturaleza cuando visite una hermosa formaci\u00f3n de g\u00e9iseres y una atracci\u00f3n natural.  <\/p>\n","protected":false},"excerpt":{"rendered":"<p>\u00a1Prep\u00e1rate para el tour m\u00e1s emocionante y genial de Curazao! Durante 2,5 horas, viajar\u00e1 uno al lado del otro en un UTV, explorando el terreno accidentado y la naturaleza en el lado norte de la isla. <\/p>\n","protected":false},"featured_media":20321,"comment_status":"closed","ping_status":"closed","template":"","meta":{"_acf_changed":false,"site-sidebar-layout":"default","site-content-layout":"","ast-site-content-layout":"default","site-content-style":"default","site-sidebar-style":"default","ast-global-header-display":"","ast-banner-title-visibility":"","ast-main-header-display":"","ast-hfb-above-header-display":"","ast-hfb-below-header-display":"","ast-hfb-mobile-header-display":"","site-post-title":"","ast-breadcrumbs-content":"","ast-featured-img":"","footer-sml-layout":"","ast-disable-related-posts":"","theme-transparent-header-meta":"","adv-header-id-meta":"","stick-header-meta":"","header-above-stick-meta":"","header-main-stick-meta":"","header-below-stick-meta":"","astra-migrate-meta-layouts":"default","ast-page-background-enabled":"default","ast-page-background-meta":{"desktop":{"background-color":"var(--ast-global-color-4)","background-image":"","background-repeat":"repeat","background-position":"center center","background-size":"auto","background-attachment":"scroll","background-type":"","background-media":"","overlay-type":"","overlay-color":"","overlay-opacity":"","overlay-gradient":""},"tablet":{"background-color":"","background-image":"","background-repeat":"repeat","background-position":"center center","background-size":"auto","background-attachment":"scroll","background-type":"","background-media":"","overlay-type":"","overlay-color":"","overlay-opacity":"","overlay-gradient":""},"mobile":{"background-color":"","background-image":"","background-repeat":"repeat","background-position":"center center","background-size":"auto","background-attachment":"scroll","background-type":"","background-media":"","overlay-type":"","overlay-color":"","overlay-opacity":"","overlay-gradient":""}},"ast-content-background-meta":{"desktop":{"background-color":"var(--ast-global-color-5)","background-image":"","background-repeat":"repeat","background-position":"center center","background-size":"auto","background-attachment":"scroll","background-type":"","background-media":"","overlay-type":"","overlay-color":"","overlay-opacity":"","overlay-gradient":""},"tablet":{"background-color":"var(--ast-global-color-5)","background-image":"","background-repeat":"repeat","background-position":"center center","background-size":"auto","background-attachment":"scroll","background-type":"","background-media":"","overlay-type":"","overlay-color":"","overlay-opacity":"","overlay-gradient":""},"mobile":{"background-color":"var(--ast-global-color-5)","background-image":"","background-repeat":"repeat","background-position":"center center","background-size":"auto","background-attachment":"scroll","background-type":"","background-media":"","overlay-type":"","overlay-color":"","overlay-opacity":"","overlay-gradient":""}}},"activiteit-bron":[514],"product_brand":[],"product_cat":[170],"product_tag":[172],"class_list":{"0":"post-26858","1":"product","2":"type-product","3":"status-publish","4":"has-post-thumbnail","6":"activiteit-bron-expedia","7":"product_cat-curacao-es","8":"product_tag-curacao-es","9":"desktop-align-left","10":"tablet-align-left","11":"mobile-align-left","13":"first","14":"instock","15":"virtual","16":"product-type-external"},"acf":[],"_links":{"self":[{"href":"https:\/\/bluebirdtourstravel.com\/es\/wp-json\/wp\/v2\/product\/26858","targetHints":{"allow":["GET"]}}],"collection":[{"href":"https:\/\/bluebirdtourstravel.com\/es\/wp-json\/wp\/v2\/product"}],"about":[{"href":"https:\/\/bluebirdtourstravel.com\/es\/wp-json\/wp\/v2\/types\/product"}],"replies":[{"embeddable":true,"href":"https:\/\/bluebirdtourstravel.com\/es\/wp-json\/wp\/v2\/comments?post=26858"}],"wp:featuredmedia":[{"embeddable":true,"href":"https:\/\/bluebirdtourstravel.com\/es\/wp-json\/wp\/v2\/media\/20321"}],"wp:attachment":[{"href":"https:\/\/bluebirdtourstravel.com\/es\/wp-json\/wp\/v2\/media?parent=26858"}],"wp:term":[{"taxonomy":"activiteit-bron","embeddable":true,"href":"https:\/\/bluebirdtourstravel.com\/es\/wp-json\/wp\/v2\/activiteit-bron?post=26858"},{"taxonomy":"product_brand","embeddable":true,"href":"https:\/\/bluebirdtourstravel.com\/es\/wp-json\/wp\/v2\/product_brand?post=26858"},{"taxonomy":"product_cat","embeddable":true,"href":"https:\/\/bluebirdtourstravel.com\/es\/wp-json\/wp\/v2\/product_cat?post=26858"},{"taxonomy":"product_tag","embeddable":true,"href":"https:\/\/bluebirdtourstravel.com\/es\/wp-json\/wp\/v2\/product_tag?post=26858"}],"curies":[{"name":"wp","href":"https:\/\/api.w.org\/{rel}","templated":true}]}}