{"id":26836,"date":"2025-09-21T14:16:31","date_gmt":"2025-09-21T14:16:31","guid":{"rendered":"https:\/\/bluebirdtourstravel.com\/product\/excursion-privada-de-dia-completo-en-st-maarten-desde-el-puerto-sint-maarten\/"},"modified":"2025-09-21T14:16:31","modified_gmt":"2025-09-21T14:16:31","slug":"excursion-privada-de-dia-completo-en-st-maarten-desde-el-puerto-sint-maarten","status":"publish","type":"product","link":"https:\/\/bluebirdtourstravel.com\/es\/producto\/excursion-privada-de-dia-completo-en-st-maarten-desde-el-puerto-sint-maarten\/","title":{"rendered":"Excursi\u00f3n privada de d\u00eda completo en St. Maarten desde el puerto (Sint Maarten)"},"content":{"rendered":"<p>Emb\u00e1rcate en un viaje sereno a trav\u00e9s de la pintoresca campi\u00f1a de St. Maarten mientras te diriges al coraz\u00f3n de la ciudad. A su llegada, conozca a su gu\u00eda experimentado, listo para llevarlo en un encantador recorrido por la Bas\u00edlica de San Pedro.   Maarten.<br \/>\nDescubre el conmovedor atractivo del Fuerte de \u00c1msterdam, marav\u00edllate con la grandeza de The Salt Pickers y captura momentos ic\u00f3nicos en lugares emblem\u00e1ticos como Maho Beach y muchos otros.<br \/>\nDel\u00e9itese con la deliciosa cocina local y explore una variedad de recuerdos \u00fanicos para conmemorar su viaje.<br \/>\nNuestras excursiones est\u00e1n cuidadosamente dise\u00f1adas para adaptarse al horario de su barco, para que pueda disfrutar de cada momento sin preocuparse por regresar a su barco a tiempo.<br \/>\nLe daremos la bienvenida directamente en el puerto y nos aseguraremos de que tenga suficiente tiempo para relajarse y disfrutar de su d\u00eda.<\/p>\n","protected":false},"excerpt":{"rendered":"<p>\u00a1Experimente nuestra excursi\u00f3n privada de d\u00eda completo, especialmente dise\u00f1ada para pasajeros de cruceros!<\/p>\n","protected":false},"featured_media":22649,"comment_status":"closed","ping_status":"closed","template":"","meta":{"_acf_changed":false,"site-sidebar-layout":"default","site-content-layout":"","ast-site-content-layout":"default","site-content-style":"default","site-sidebar-style":"default","ast-global-header-display":"","ast-banner-title-visibility":"","ast-main-header-display":"","ast-hfb-above-header-display":"","ast-hfb-below-header-display":"","ast-hfb-mobile-header-display":"","site-post-title":"","ast-breadcrumbs-content":"","ast-featured-img":"","footer-sml-layout":"","ast-disable-related-posts":"","theme-transparent-header-meta":"","adv-header-id-meta":"","stick-header-meta":"","header-above-stick-meta":"","header-main-stick-meta":"","header-below-stick-meta":"","astra-migrate-meta-layouts":"default","ast-page-background-enabled":"default","ast-page-background-meta":{"desktop":{"background-color":"var(--ast-global-color-4)","background-image":"","background-repeat":"repeat","background-position":"center center","background-size":"auto","background-attachment":"scroll","background-type":"","background-media":"","overlay-type":"","overlay-color":"","overlay-opacity":"","overlay-gradient":""},"tablet":{"background-color":"","background-image":"","background-repeat":"repeat","background-position":"center center","background-size":"auto","background-attachment":"scroll","background-type":"","background-media":"","overlay-type":"","overlay-color":"","overlay-opacity":"","overlay-gradient":""},"mobile":{"background-color":"","background-image":"","background-repeat":"repeat","background-position":"center center","background-size":"auto","background-attachment":"scroll","background-type":"","background-media":"","overlay-type":"","overlay-color":"","overlay-opacity":"","overlay-gradient":""}},"ast-content-background-meta":{"desktop":{"background-color":"var(--ast-global-color-5)","background-image":"","background-repeat":"repeat","background-position":"center center","background-size":"auto","background-attachment":"scroll","background-type":"","background-media":"","overlay-type":"","overlay-color":"","overlay-opacity":"","overlay-gradient":""},"tablet":{"background-color":"var(--ast-global-color-5)","background-image":"","background-repeat":"repeat","background-position":"center center","background-size":"auto","background-attachment":"scroll","background-type":"","background-media":"","overlay-type":"","overlay-color":"","overlay-opacity":"","overlay-gradient":""},"mobile":{"background-color":"var(--ast-global-color-5)","background-image":"","background-repeat":"repeat","background-position":"center center","background-size":"auto","background-attachment":"scroll","background-type":"","background-media":"","overlay-type":"","overlay-color":"","overlay-opacity":"","overlay-gradient":""}}},"activiteit-bron":[514],"product_brand":[],"product_cat":[522],"product_tag":[212],"class_list":{"0":"post-26836","1":"product","2":"type-product","3":"status-publish","4":"has-post-thumbnail","6":"activiteit-bron-expedia","7":"product_cat-san-martin","8":"product_tag-san-martin","9":"desktop-align-left","10":"tablet-align-left","11":"mobile-align-left","13":"first","14":"instock","15":"virtual","16":"product-type-external"},"acf":[],"_links":{"self":[{"href":"https:\/\/bluebirdtourstravel.com\/es\/wp-json\/wp\/v2\/product\/26836","targetHints":{"allow":["GET"]}}],"collection":[{"href":"https:\/\/bluebirdtourstravel.com\/es\/wp-json\/wp\/v2\/product"}],"about":[{"href":"https:\/\/bluebirdtourstravel.com\/es\/wp-json\/wp\/v2\/types\/product"}],"replies":[{"embeddable":true,"href":"https:\/\/bluebirdtourstravel.com\/es\/wp-json\/wp\/v2\/comments?post=26836"}],"wp:featuredmedia":[{"embeddable":true,"href":"https:\/\/bluebirdtourstravel.com\/es\/wp-json\/wp\/v2\/media\/22649"}],"wp:attachment":[{"href":"https:\/\/bluebirdtourstravel.com\/es\/wp-json\/wp\/v2\/media?parent=26836"}],"wp:term":[{"taxonomy":"activiteit-bron","embeddable":true,"href":"https:\/\/bluebirdtourstravel.com\/es\/wp-json\/wp\/v2\/activiteit-bron?post=26836"},{"taxonomy":"product_brand","embeddable":true,"href":"https:\/\/bluebirdtourstravel.com\/es\/wp-json\/wp\/v2\/product_brand?post=26836"},{"taxonomy":"product_cat","embeddable":true,"href":"https:\/\/bluebirdtourstravel.com\/es\/wp-json\/wp\/v2\/product_cat?post=26836"},{"taxonomy":"product_tag","embeddable":true,"href":"https:\/\/bluebirdtourstravel.com\/es\/wp-json\/wp\/v2\/product_tag?post=26836"}],"curies":[{"name":"wp","href":"https:\/\/api.w.org\/{rel}","templated":true}]}}