{"id":26831,"date":"2025-09-21T14:16:30","date_gmt":"2025-09-21T14:16:30","guid":{"rendered":"https:\/\/bluebirdtourstravel.com\/product\/crucero-privado-con-cena-en-gondola-tropical-st-maarten\/"},"modified":"2025-09-21T14:16:30","modified_gmt":"2025-09-21T14:16:30","slug":"crucero-privado-con-cena-en-gondola-tropical-st-maarten","status":"publish","type":"product","link":"https:\/\/bluebirdtourstravel.com\/es\/producto\/crucero-privado-con-cena-en-gondola-tropical-st-maarten\/","title":{"rendered":"Crucero privado con cena en g\u00f3ndola tropical (St Maarten)"},"content":{"rendered":"","protected":false},"excerpt":{"rendered":"<p>Viaja por la laguna, vuela bajo los puentes, admira los extravagantes Mega Yachts que frecuentan la isla con aviones que despegan o aterrizan, mientras tu gondolero te lleva bajo las estrellas. Navegue por nuestra experiencia por excelencia que ofrece hermosas vistas y una perspectiva que solo se puede apreciar en el agua, e ilumine las maravillas de las islas. Disfrute del momento mientras lo miman con la m\u00fasica tradicional de la isla, un entorno verde exuberante y aguas turquesas.    <\/p>\n<p>Una experiencia cultural y ecol\u00f3gica, combinada con toques europeos de romance. Este paseo privado en g\u00f3ndola es una experiencia \u00edntima y obligada para las parejas, que crea recuerdos familiares inolvidables para ocasiones especiales.   <\/p>\n<p>En su crucero con cena, crear\u00e1 un recuerdo \u00edntimo y rom\u00e1ntico como ning\u00fan otro, donde usted y sus invitados disfrutar\u00e1n de una comida de dos platos acompa\u00f1ada de vino y postre preparados por un restaurante conocido localmente mientras navegan por el agua bajo las estrellas.<\/p>\n","protected":false},"featured_media":22705,"comment_status":"closed","ping_status":"closed","template":"","meta":{"_acf_changed":false,"site-sidebar-layout":"default","site-content-layout":"","ast-site-content-layout":"default","site-content-style":"default","site-sidebar-style":"default","ast-global-header-display":"","ast-banner-title-visibility":"","ast-main-header-display":"","ast-hfb-above-header-display":"","ast-hfb-below-header-display":"","ast-hfb-mobile-header-display":"","site-post-title":"","ast-breadcrumbs-content":"","ast-featured-img":"","footer-sml-layout":"","ast-disable-related-posts":"","theme-transparent-header-meta":"","adv-header-id-meta":"","stick-header-meta":"","header-above-stick-meta":"","header-main-stick-meta":"","header-below-stick-meta":"","astra-migrate-meta-layouts":"default","ast-page-background-enabled":"default","ast-page-background-meta":{"desktop":{"background-color":"var(--ast-global-color-4)","background-image":"","background-repeat":"repeat","background-position":"center center","background-size":"auto","background-attachment":"scroll","background-type":"","background-media":"","overlay-type":"","overlay-color":"","overlay-opacity":"","overlay-gradient":""},"tablet":{"background-color":"","background-image":"","background-repeat":"repeat","background-position":"center center","background-size":"auto","background-attachment":"scroll","background-type":"","background-media":"","overlay-type":"","overlay-color":"","overlay-opacity":"","overlay-gradient":""},"mobile":{"background-color":"","background-image":"","background-repeat":"repeat","background-position":"center center","background-size":"auto","background-attachment":"scroll","background-type":"","background-media":"","overlay-type":"","overlay-color":"","overlay-opacity":"","overlay-gradient":""}},"ast-content-background-meta":{"desktop":{"background-color":"var(--ast-global-color-5)","background-image":"","background-repeat":"repeat","background-position":"center center","background-size":"auto","background-attachment":"scroll","background-type":"","background-media":"","overlay-type":"","overlay-color":"","overlay-opacity":"","overlay-gradient":""},"tablet":{"background-color":"var(--ast-global-color-5)","background-image":"","background-repeat":"repeat","background-position":"center center","background-size":"auto","background-attachment":"scroll","background-type":"","background-media":"","overlay-type":"","overlay-color":"","overlay-opacity":"","overlay-gradient":""},"mobile":{"background-color":"var(--ast-global-color-5)","background-image":"","background-repeat":"repeat","background-position":"center center","background-size":"auto","background-attachment":"scroll","background-type":"","background-media":"","overlay-type":"","overlay-color":"","overlay-opacity":"","overlay-gradient":""}}},"activiteit-bron":[574],"product_brand":[],"product_cat":[522],"product_tag":[212],"class_list":{"0":"post-26831","1":"product","2":"type-product","3":"status-publish","4":"has-post-thumbnail","6":"activiteit-bron-expedia","7":"product_cat-san-martin","8":"product_tag-san-martin","9":"desktop-align-left","10":"tablet-align-left","11":"mobile-align-left","13":"first","14":"instock","15":"virtual","16":"product-type-external"},"acf":[],"_links":{"self":[{"href":"https:\/\/bluebirdtourstravel.com\/es\/wp-json\/wp\/v2\/product\/26831","targetHints":{"allow":["GET"]}}],"collection":[{"href":"https:\/\/bluebirdtourstravel.com\/es\/wp-json\/wp\/v2\/product"}],"about":[{"href":"https:\/\/bluebirdtourstravel.com\/es\/wp-json\/wp\/v2\/types\/product"}],"replies":[{"embeddable":true,"href":"https:\/\/bluebirdtourstravel.com\/es\/wp-json\/wp\/v2\/comments?post=26831"}],"wp:featuredmedia":[{"embeddable":true,"href":"https:\/\/bluebirdtourstravel.com\/es\/wp-json\/wp\/v2\/media\/22705"}],"wp:attachment":[{"href":"https:\/\/bluebirdtourstravel.com\/es\/wp-json\/wp\/v2\/media?parent=26831"}],"wp:term":[{"taxonomy":"activiteit-bron","embeddable":true,"href":"https:\/\/bluebirdtourstravel.com\/es\/wp-json\/wp\/v2\/activiteit-bron?post=26831"},{"taxonomy":"product_brand","embeddable":true,"href":"https:\/\/bluebirdtourstravel.com\/es\/wp-json\/wp\/v2\/product_brand?post=26831"},{"taxonomy":"product_cat","embeddable":true,"href":"https:\/\/bluebirdtourstravel.com\/es\/wp-json\/wp\/v2\/product_cat?post=26831"},{"taxonomy":"product_tag","embeddable":true,"href":"https:\/\/bluebirdtourstravel.com\/es\/wp-json\/wp\/v2\/product_tag?post=26831"}],"curies":[{"name":"wp","href":"https:\/\/api.w.org\/{rel}","templated":true}]}}