{"id":26642,"date":"2025-09-08T11:06:11","date_gmt":"2025-09-08T11:06:11","guid":{"rendered":"https:\/\/bluebirdtourstravel.com\/product\/crucero-al-atardecer-con-cena-caribena-y-barra-libre-sint-maarten\/"},"modified":"2025-09-08T11:06:11","modified_gmt":"2025-09-08T11:06:11","slug":"crucero-al-atardecer-con-cena-caribena-y-barra-libre-sint-maarten","status":"publish","type":"product","link":"https:\/\/bluebirdtourstravel.com\/es\/producto\/crucero-al-atardecer-con-cena-caribena-y-barra-libre-sint-maarten\/","title":{"rendered":"Crucero al atardecer con cena caribe\u00f1a y barra libre (Sint Maarten)"},"content":{"rendered":"<p>Despega a bordo del Tango mientras se dirige a la costa. Tome una bebida de la barra libre y disfrute de algunos bocadillos mientras encuentra el lugar perfecto a bordo para ver la puesta de sol. Despu\u00e9s de que la \u00faltima luz haya sido tragada por el horizonte del oc\u00e9ano, su barco volver\u00e1 a anclar en las tranquilas aguas de la laguna.<br \/>\nDisfrute de un buffet caribe\u00f1o de inspiraci\u00f3n francesa u holandesa, seg\u00fan la noche, con un postre dulce despu\u00e9s de la cena para completar su comida. Despu\u00e9s de que haya comido hasta saciarse, \u00fanase a la multitud en la pista de baile y pase el resto de la noche movi\u00e9ndose al ritmo y bebiendo c\u00f3cteles. <\/p>\n","protected":false},"excerpt":{"rendered":"<p>Disfruta de incre\u00edbles vistas de la puesta de sol sobre el agua a lo largo de la costa de San Mart\u00edn mientras navegas a bordo del catamar\u00e1n Tango. Despu\u00e9s de que se ponga el sol, dir\u00edjase a la laguna para disfrutar de una cena buffet caribe\u00f1a y una noche de baile.  <\/p>\n","protected":false},"featured_media":21781,"comment_status":"closed","ping_status":"closed","template":"","meta":{"_acf_changed":false,"site-sidebar-layout":"default","site-content-layout":"","ast-site-content-layout":"default","site-content-style":"default","site-sidebar-style":"default","ast-global-header-display":"","ast-banner-title-visibility":"","ast-main-header-display":"","ast-hfb-above-header-display":"","ast-hfb-below-header-display":"","ast-hfb-mobile-header-display":"","site-post-title":"","ast-breadcrumbs-content":"","ast-featured-img":"","footer-sml-layout":"","ast-disable-related-posts":"","theme-transparent-header-meta":"","adv-header-id-meta":"","stick-header-meta":"","header-above-stick-meta":"","header-main-stick-meta":"","header-below-stick-meta":"","astra-migrate-meta-layouts":"default","ast-page-background-enabled":"default","ast-page-background-meta":{"desktop":{"background-color":"var(--ast-global-color-4)","background-image":"","background-repeat":"repeat","background-position":"center center","background-size":"auto","background-attachment":"scroll","background-type":"","background-media":"","overlay-type":"","overlay-color":"","overlay-opacity":"","overlay-gradient":""},"tablet":{"background-color":"","background-image":"","background-repeat":"repeat","background-position":"center center","background-size":"auto","background-attachment":"scroll","background-type":"","background-media":"","overlay-type":"","overlay-color":"","overlay-opacity":"","overlay-gradient":""},"mobile":{"background-color":"","background-image":"","background-repeat":"repeat","background-position":"center center","background-size":"auto","background-attachment":"scroll","background-type":"","background-media":"","overlay-type":"","overlay-color":"","overlay-opacity":"","overlay-gradient":""}},"ast-content-background-meta":{"desktop":{"background-color":"var(--ast-global-color-5)","background-image":"","background-repeat":"repeat","background-position":"center center","background-size":"auto","background-attachment":"scroll","background-type":"","background-media":"","overlay-type":"","overlay-color":"","overlay-opacity":"","overlay-gradient":""},"tablet":{"background-color":"var(--ast-global-color-5)","background-image":"","background-repeat":"repeat","background-position":"center center","background-size":"auto","background-attachment":"scroll","background-type":"","background-media":"","overlay-type":"","overlay-color":"","overlay-opacity":"","overlay-gradient":""},"mobile":{"background-color":"var(--ast-global-color-5)","background-image":"","background-repeat":"repeat","background-position":"center center","background-size":"auto","background-attachment":"scroll","background-type":"","background-media":"","overlay-type":"","overlay-color":"","overlay-opacity":"","overlay-gradient":""}}},"activiteit-bron":[574],"product_brand":[],"product_cat":[522],"product_tag":[158,474,473,212,141,483],"class_list":{"0":"post-26642","1":"product","2":"type-product","3":"status-publish","4":"has-post-thumbnail","6":"activiteit-bron-expedia","7":"product_cat-san-martin","8":"product_tag-deportes-acuaticos","9":"product_tag-deportes-acuaticos-en-san-martin","10":"product_tag-excursiones-en-barco-en-san-martin","11":"product_tag-san-martin","12":"product_tag-viajes-en-barco","13":"product_tag-visitas-en-san-martin","14":"desktop-align-left","15":"tablet-align-left","16":"mobile-align-left","18":"first","19":"instock","20":"virtual","21":"product-type-external"},"acf":[],"_links":{"self":[{"href":"https:\/\/bluebirdtourstravel.com\/es\/wp-json\/wp\/v2\/product\/26642","targetHints":{"allow":["GET"]}}],"collection":[{"href":"https:\/\/bluebirdtourstravel.com\/es\/wp-json\/wp\/v2\/product"}],"about":[{"href":"https:\/\/bluebirdtourstravel.com\/es\/wp-json\/wp\/v2\/types\/product"}],"replies":[{"embeddable":true,"href":"https:\/\/bluebirdtourstravel.com\/es\/wp-json\/wp\/v2\/comments?post=26642"}],"wp:featuredmedia":[{"embeddable":true,"href":"https:\/\/bluebirdtourstravel.com\/es\/wp-json\/wp\/v2\/media\/21781"}],"wp:attachment":[{"href":"https:\/\/bluebirdtourstravel.com\/es\/wp-json\/wp\/v2\/media?parent=26642"}],"wp:term":[{"taxonomy":"activiteit-bron","embeddable":true,"href":"https:\/\/bluebirdtourstravel.com\/es\/wp-json\/wp\/v2\/activiteit-bron?post=26642"},{"taxonomy":"product_brand","embeddable":true,"href":"https:\/\/bluebirdtourstravel.com\/es\/wp-json\/wp\/v2\/product_brand?post=26642"},{"taxonomy":"product_cat","embeddable":true,"href":"https:\/\/bluebirdtourstravel.com\/es\/wp-json\/wp\/v2\/product_cat?post=26642"},{"taxonomy":"product_tag","embeddable":true,"href":"https:\/\/bluebirdtourstravel.com\/es\/wp-json\/wp\/v2\/product_tag?post=26642"}],"curies":[{"name":"wp","href":"https:\/\/api.w.org\/{rel}","templated":true}]}}