{"id":26627,"date":"2025-09-08T11:06:26","date_gmt":"2025-09-08T11:06:26","guid":{"rendered":"https:\/\/bluebirdtourstravel.com\/product\/charter-privado-barbacoa-de-4-horas-y-esnorquel-en-la-bahia-de-fuik-curazao\/"},"modified":"2025-09-29T10:29:51","modified_gmt":"2025-09-29T10:29:51","slug":"charter-privado-barbacoa-de-4-horas-y-esnorquel-en-la-bahia-de-fuik-curazao","status":"publish","type":"product","link":"https:\/\/bluebirdtourstravel.com\/es\/producto\/charter-privado-barbacoa-de-4-horas-y-esnorquel-en-la-bahia-de-fuik-curazao\/","title":{"rendered":"Ch\u00e1rter privado: barbacoa de 4 horas y esn\u00f3rquel en la bah\u00eda de Fuik (Curazao)"},"content":{"rendered":"","protected":false},"excerpt":{"rendered":"<p>Esc\u00e1pese de las multitudes y \u00fanase a nosotros en nuestro cl\u00e1sico yate de vela a motor de 68 pies para un viaje incre\u00edble por el Mar Caribe. Nos enfocamos en grupos m\u00e1s peque\u00f1os de personas que desean un viaje m\u00e1s relajado y c\u00f3modo. Casador es un barco espacioso y pesado que es muy estable en el mar y apto para todas las edades. Comenzamos el viaje con un recorrido por las aguas espa\u00f1olas y vemos las impresionantes casas y el hermoso paisaje. Despu\u00e9s de eso, tenemos algunas opciones diferentes de snorkel para elegir. A continuaci\u00f3n, nos dirigimos a Fuik Bay, donde preparamos una deliciosa barbacoa. Tenemos brochetas de pollo, hamburguesas Angus, ensalada de pargo rojo y fruta fresca, todo reci\u00e9n preparado. Finalizaremos el recorrido izando las velas y regresando a las aguas espa\u00f1olas. Este es un viaje muy relajante en aguas tranquilas, por lo que no tiene que preocuparse por el mareo. Somos flexibles con la ruta. Gracias y h\u00e1ganos saber si tiene alguna pregunta.          <\/p>\n","protected":false},"featured_media":20056,"comment_status":"closed","ping_status":"closed","template":"","meta":{"_acf_changed":false,"site-sidebar-layout":"default","site-content-layout":"","ast-site-content-layout":"default","site-content-style":"default","site-sidebar-style":"default","ast-global-header-display":"","ast-banner-title-visibility":"","ast-main-header-display":"","ast-hfb-above-header-display":"","ast-hfb-below-header-display":"","ast-hfb-mobile-header-display":"","site-post-title":"","ast-breadcrumbs-content":"","ast-featured-img":"","footer-sml-layout":"","ast-disable-related-posts":"","theme-transparent-header-meta":"","adv-header-id-meta":"","stick-header-meta":"","header-above-stick-meta":"","header-main-stick-meta":"","header-below-stick-meta":"","astra-migrate-meta-layouts":"default","ast-page-background-enabled":"default","ast-page-background-meta":{"desktop":{"background-color":"var(--ast-global-color-4)","background-image":"","background-repeat":"repeat","background-position":"center center","background-size":"auto","background-attachment":"scroll","background-type":"","background-media":"","overlay-type":"","overlay-color":"","overlay-opacity":"","overlay-gradient":""},"tablet":{"background-color":"","background-image":"","background-repeat":"repeat","background-position":"center center","background-size":"auto","background-attachment":"scroll","background-type":"","background-media":"","overlay-type":"","overlay-color":"","overlay-opacity":"","overlay-gradient":""},"mobile":{"background-color":"","background-image":"","background-repeat":"repeat","background-position":"center center","background-size":"auto","background-attachment":"scroll","background-type":"","background-media":"","overlay-type":"","overlay-color":"","overlay-opacity":"","overlay-gradient":""}},"ast-content-background-meta":{"desktop":{"background-color":"var(--ast-global-color-5)","background-image":"","background-repeat":"repeat","background-position":"center center","background-size":"auto","background-attachment":"scroll","background-type":"","background-media":"","overlay-type":"","overlay-color":"","overlay-opacity":"","overlay-gradient":""},"tablet":{"background-color":"var(--ast-global-color-5)","background-image":"","background-repeat":"repeat","background-position":"center center","background-size":"auto","background-attachment":"scroll","background-type":"","background-media":"","overlay-type":"","overlay-color":"","overlay-opacity":"","overlay-gradient":""},"mobile":{"background-color":"var(--ast-global-color-5)","background-image":"","background-repeat":"repeat","background-position":"center center","background-size":"auto","background-attachment":"scroll","background-type":"","background-media":"","overlay-type":"","overlay-color":"","overlay-opacity":"","overlay-gradient":""}}},"activiteit-bron":[514],"product_brand":[],"product_cat":[154,170],"product_tag":[172,158,430,235,254,257,141],"class_list":{"0":"post-26627","1":"product","2":"type-product","3":"status-publish","4":"has-post-thumbnail","6":"activiteit-bron-expedia","7":"product_cat-buceo-y-snorkel","8":"product_cat-curacao-es","9":"product_tag-curacao-es","10":"product_tag-deportes-acuaticos","11":"product_tag-deportes-acuaticos-en-curacao","12":"product_tag-excursiones-en-barco-en-curacao","13":"product_tag-excursiones-en-curacao","14":"product_tag-snorkel-en-curacao","15":"product_tag-viajes-en-barco","16":"desktop-align-left","17":"tablet-align-left","18":"mobile-align-left","20":"first","21":"instock","22":"virtual","23":"product-type-external"},"acf":[],"_links":{"self":[{"href":"https:\/\/bluebirdtourstravel.com\/es\/wp-json\/wp\/v2\/product\/26627","targetHints":{"allow":["GET"]}}],"collection":[{"href":"https:\/\/bluebirdtourstravel.com\/es\/wp-json\/wp\/v2\/product"}],"about":[{"href":"https:\/\/bluebirdtourstravel.com\/es\/wp-json\/wp\/v2\/types\/product"}],"replies":[{"embeddable":true,"href":"https:\/\/bluebirdtourstravel.com\/es\/wp-json\/wp\/v2\/comments?post=26627"}],"wp:featuredmedia":[{"embeddable":true,"href":"https:\/\/bluebirdtourstravel.com\/es\/wp-json\/wp\/v2\/media\/20056"}],"wp:attachment":[{"href":"https:\/\/bluebirdtourstravel.com\/es\/wp-json\/wp\/v2\/media?parent=26627"}],"wp:term":[{"taxonomy":"activiteit-bron","embeddable":true,"href":"https:\/\/bluebirdtourstravel.com\/es\/wp-json\/wp\/v2\/activiteit-bron?post=26627"},{"taxonomy":"product_brand","embeddable":true,"href":"https:\/\/bluebirdtourstravel.com\/es\/wp-json\/wp\/v2\/product_brand?post=26627"},{"taxonomy":"product_cat","embeddable":true,"href":"https:\/\/bluebirdtourstravel.com\/es\/wp-json\/wp\/v2\/product_cat?post=26627"},{"taxonomy":"product_tag","embeddable":true,"href":"https:\/\/bluebirdtourstravel.com\/es\/wp-json\/wp\/v2\/product_tag?post=26627"}],"curies":[{"name":"wp","href":"https:\/\/api.w.org\/{rel}","templated":true}]}}