{"id":26593,"date":"2025-09-08T11:07:00","date_gmt":"2025-09-08T11:07:00","guid":{"rendered":"https:\/\/bluebirdtourstravel.com\/product\/almuerzo-y-tour-de-snorkel-en-velero-con-barra-libre-aruba\/"},"modified":"2025-09-30T11:03:31","modified_gmt":"2025-09-30T11:03:31","slug":"almuerzo-y-tour-de-snorkel-en-velero-con-barra-libre-aruba","status":"publish","type":"product","link":"https:\/\/bluebirdtourstravel.com\/es\/producto\/almuerzo-y-tour-de-snorkel-en-velero-con-barra-libre-aruba\/","title":{"rendered":"Almuerzo y tour de snorkel en velero con barra libre (Aruba)"},"content":{"rendered":"<p>Todos nuestros catamaranes cuentan con ba\u00f1os marinos, un \u00e1rea cubierta, cuerdas para el sol en la parte delantera y un tobog\u00e1n en la parte trasera del barco. Todos los catamaranes tienen bancos incorporados y un bar incorporado. <\/p>\n","protected":false},"excerpt":{"rendered":"<p>Descubra la vida marina de Aruba y suba a bordo de uno de nuestros catamaranes de lujo que lo llevar\u00e1n a tres de los lugares m\u00e1s populares para bucear en Aruba. Nuestra primera parada es Boca Catalina, perfecta para principiantes que necesitan tiempo para practicar en aguas tranquilas y poco profundas. Personalice su equipo de snorkel, que incluye una m\u00e1scara, snorkel y aletas. Si nunca antes ha buceado, aproveche las lecciones de snorkel gratuitas que se ofrecen a bordo. A continuaci\u00f3n, est\u00e1 el famoso naufragio de Antilla de la Segunda Guerra Mundial, un barco alem\u00e1n hundido que ahora se encuentra a 18 metros de profundidad y est\u00e1 rodeado de colorida vida marina. De vuelta a bordo, es hora de recargar energ\u00edas y refrescarse con un delicioso almuerzo buffet caribe\u00f1o y una barra libre completamente surtida en nuestra tercera y \u00faltima parada Malmok. Date un \u00faltimo ba\u00f1o y disfruta de la hermosa vida marina antes de navegar de regreso a la costa.      <\/p>\n","protected":false},"featured_media":14324,"comment_status":"closed","ping_status":"closed","template":"","meta":{"_acf_changed":false,"site-sidebar-layout":"default","site-content-layout":"","ast-site-content-layout":"default","site-content-style":"default","site-sidebar-style":"default","ast-global-header-display":"","ast-banner-title-visibility":"","ast-main-header-display":"","ast-hfb-above-header-display":"","ast-hfb-below-header-display":"","ast-hfb-mobile-header-display":"","site-post-title":"","ast-breadcrumbs-content":"","ast-featured-img":"","footer-sml-layout":"","ast-disable-related-posts":"","theme-transparent-header-meta":"","adv-header-id-meta":"","stick-header-meta":"","header-above-stick-meta":"","header-main-stick-meta":"","header-below-stick-meta":"","astra-migrate-meta-layouts":"default","ast-page-background-enabled":"default","ast-page-background-meta":{"desktop":{"background-color":"var(--ast-global-color-4)","background-image":"","background-repeat":"repeat","background-position":"center center","background-size":"auto","background-attachment":"scroll","background-type":"","background-media":"","overlay-type":"","overlay-color":"","overlay-opacity":"","overlay-gradient":""},"tablet":{"background-color":"","background-image":"","background-repeat":"repeat","background-position":"center center","background-size":"auto","background-attachment":"scroll","background-type":"","background-media":"","overlay-type":"","overlay-color":"","overlay-opacity":"","overlay-gradient":""},"mobile":{"background-color":"","background-image":"","background-repeat":"repeat","background-position":"center center","background-size":"auto","background-attachment":"scroll","background-type":"","background-media":"","overlay-type":"","overlay-color":"","overlay-opacity":"","overlay-gradient":""}},"ast-content-background-meta":{"desktop":{"background-color":"var(--ast-global-color-5)","background-image":"","background-repeat":"repeat","background-position":"center center","background-size":"auto","background-attachment":"scroll","background-type":"","background-media":"","overlay-type":"","overlay-color":"","overlay-opacity":"","overlay-gradient":""},"tablet":{"background-color":"var(--ast-global-color-5)","background-image":"","background-repeat":"repeat","background-position":"center center","background-size":"auto","background-attachment":"scroll","background-type":"","background-media":"","overlay-type":"","overlay-color":"","overlay-opacity":"","overlay-gradient":""},"mobile":{"background-color":"var(--ast-global-color-5)","background-image":"","background-repeat":"repeat","background-position":"center center","background-size":"auto","background-attachment":"scroll","background-type":"","background-media":"","overlay-type":"","overlay-color":"","overlay-opacity":"","overlay-gradient":""}}},"activiteit-bron":[514],"product_brand":[],"product_cat":[181,139,156,154],"product_tag":[182,158,380,241,383,141],"class_list":{"0":"post-26593","1":"product","2":"type-product","3":"status-publish","4":"has-post-thumbnail","6":"activiteit-bron-expedia","7":"product_cat-aruba-es","8":"product_cat-barcos-y-deportes-acuaticos","9":"product_cat-barcos-y-rafting","10":"product_cat-buceo-y-snorkel","11":"product_tag-aruba-es","12":"product_tag-deportes-acuaticos","13":"product_tag-deportes-acuaticos-en-aruba","14":"product_tag-excursiones-en-barco-en-aruba","15":"product_tag-snorkel-en-aruba","16":"product_tag-viajes-en-barco","17":"desktop-align-left","18":"tablet-align-left","19":"mobile-align-left","21":"first","22":"instock","23":"virtual","24":"product-type-external"},"acf":[],"_links":{"self":[{"href":"https:\/\/bluebirdtourstravel.com\/es\/wp-json\/wp\/v2\/product\/26593","targetHints":{"allow":["GET"]}}],"collection":[{"href":"https:\/\/bluebirdtourstravel.com\/es\/wp-json\/wp\/v2\/product"}],"about":[{"href":"https:\/\/bluebirdtourstravel.com\/es\/wp-json\/wp\/v2\/types\/product"}],"replies":[{"embeddable":true,"href":"https:\/\/bluebirdtourstravel.com\/es\/wp-json\/wp\/v2\/comments?post=26593"}],"wp:featuredmedia":[{"embeddable":true,"href":"https:\/\/bluebirdtourstravel.com\/es\/wp-json\/wp\/v2\/media\/14324"}],"wp:attachment":[{"href":"https:\/\/bluebirdtourstravel.com\/es\/wp-json\/wp\/v2\/media?parent=26593"}],"wp:term":[{"taxonomy":"activiteit-bron","embeddable":true,"href":"https:\/\/bluebirdtourstravel.com\/es\/wp-json\/wp\/v2\/activiteit-bron?post=26593"},{"taxonomy":"product_brand","embeddable":true,"href":"https:\/\/bluebirdtourstravel.com\/es\/wp-json\/wp\/v2\/product_brand?post=26593"},{"taxonomy":"product_cat","embeddable":true,"href":"https:\/\/bluebirdtourstravel.com\/es\/wp-json\/wp\/v2\/product_cat?post=26593"},{"taxonomy":"product_tag","embeddable":true,"href":"https:\/\/bluebirdtourstravel.com\/es\/wp-json\/wp\/v2\/product_tag?post=26593"}],"curies":[{"name":"wp","href":"https:\/\/api.w.org\/{rel}","templated":true}]}}